{"id":16,"date":"2022-10-13T10:06:48","date_gmt":"2022-10-13T08:06:48","guid":{"rendered":"http:\/\/prisonisland-metz.com\/?page_id=16"},"modified":"2026-02-02T15:41:40","modified_gmt":"2026-02-02T14:41:40","slug":"contact-et-acces","status":"publish","type":"page","link":"https:\/\/prisonisland-metz.com\/index.php\/contact-et-acces\/","title":{"rendered":"Contact et acc\u00e8s"},"content":{"rendered":"\t\t<div data-elementor-type=\"wp-page\" data-elementor-id=\"16\" class=\"elementor elementor-16\">\n\t\t\t\t\t\t<section class=\"elementor-section elementor-top-section elementor-element elementor-element-8932aa3 elementor-section-boxed elementor-section-height-default elementor-section-height-default\" data-id=\"8932aa3\" data-element_type=\"section\" data-e-type=\"section\" data-settings=\"{&quot;background_background&quot;:&quot;classic&quot;}\">\n\t\t\t\t\t\t<div class=\"elementor-container elementor-column-gap-default\">\n\t\t\t\t\t<div class=\"elementor-column elementor-col-100 elementor-top-column elementor-element elementor-element-877f2c1\" data-id=\"877f2c1\" data-element_type=\"column\" data-e-type=\"column\">\n\t\t\t<div class=\"elementor-widget-wrap elementor-element-populated\">\n\t\t\t\t\t\t<div class=\"elementor-element elementor-element-53755ad elementor-widget elementor-widget-spacer\" data-id=\"53755ad\" data-element_type=\"widget\" data-e-type=\"widget\" data-widget_type=\"spacer.default\">\n\t\t\t\t<div class=\"elementor-widget-container\">\n\t\t\t\t\t\t\t<div class=\"elementor-spacer\">\n\t\t\t<div class=\"elementor-spacer-inner\"><\/div>\n\t\t<\/div>\n\t\t\t\t\t\t<\/div>\n\t\t\t\t<\/div>\n\t\t\t\t<div class=\"elementor-element elementor-element-e236c18 elementor-invisible elementor-widget elementor-widget-heading\" data-id=\"e236c18\" data-element_type=\"widget\" data-e-type=\"widget\" data-settings=\"{&quot;_animation&quot;:&quot;bounceIn&quot;}\" data-widget_type=\"heading.default\">\n\t\t\t\t<div class=\"elementor-widget-container\">\n\t\t\t\t\t<h1 class=\"elementor-heading-title elementor-size-xl\">Nous contacter<\/h1>\t\t\t\t<\/div>\n\t\t\t\t<\/div>\n\t\t\t\t<div class=\"elementor-element elementor-element-dcbd80c elementor-widget elementor-widget-spacer\" data-id=\"dcbd80c\" data-element_type=\"widget\" data-e-type=\"widget\" data-widget_type=\"spacer.default\">\n\t\t\t\t<div class=\"elementor-widget-container\">\n\t\t\t\t\t\t\t<div class=\"elementor-spacer\">\n\t\t\t<div class=\"elementor-spacer-inner\"><\/div>\n\t\t<\/div>\n\t\t\t\t\t\t<\/div>\n\t\t\t\t<\/div>\n\t\t\t\t\t<\/div>\n\t\t<\/div>\n\t\t\t\t\t<\/div>\n\t\t<\/section>\n\t\t\t\t<section class=\"elementor-section elementor-top-section elementor-element elementor-element-d0e552e elementor-section-boxed elementor-section-height-default elementor-section-height-default\" data-id=\"d0e552e\" data-element_type=\"section\" data-e-type=\"section\" data-settings=\"{&quot;background_background&quot;:&quot;classic&quot;}\">\n\t\t\t\t\t\t<div class=\"elementor-container elementor-column-gap-default\">\n\t\t\t\t\t<div class=\"elementor-column elementor-col-100 elementor-top-column elementor-element elementor-element-25a48a2\" data-id=\"25a48a2\" data-element_type=\"column\" data-e-type=\"column\">\n\t\t\t<div class=\"elementor-widget-wrap elementor-element-populated\">\n\t\t\t\t\t\t<div class=\"elementor-element elementor-element-9ba1ce5 elementor-widget elementor-widget-heading\" data-id=\"9ba1ce5\" data-element_type=\"widget\" data-e-type=\"widget\" data-widget_type=\"heading.default\">\n\t\t\t\t<div class=\"elementor-widget-container\">\n\t\t\t\t\t<h2 class=\"elementor-heading-title elementor-size-default\">Oserez-vous contacter nos matons ?<\/h2>\t\t\t\t<\/div>\n\t\t\t\t<\/div>\n\t\t\t\t<div class=\"elementor-element elementor-element-2e00ae2 elementor-widget elementor-widget-text-editor\" data-id=\"2e00ae2\" data-element_type=\"widget\" data-e-type=\"widget\" data-widget_type=\"text-editor.default\">\n\t\t\t\t<div class=\"elementor-widget-container\">\n\t\t\t\t\t\t\t\t\t<p><strong>Email : <\/strong>contact@prisonisland-metz.com<\/p><p><strong>T\u00e9l\u00e9phone : <\/strong>03.87.22.13.56<\/p><p><strong>Complexe LOISIRAMA (1er \u00e9tage)<\/strong><\/p><p>ZAC de La Rotonde<\/p><p>5 Avenue Jean Claude Th\u00e9obald<\/p><p>57160 Moulins-l\u00e8s-Metz<\/p>\t\t\t\t\t\t\t\t<\/div>\n\t\t\t\t<\/div>\n\t\t\t\t<div class=\"elementor-element elementor-element-25a8030 elementor-widget elementor-widget-google_maps\" data-id=\"25a8030\" data-element_type=\"widget\" data-e-type=\"widget\" data-widget_type=\"google_maps.default\">\n\t\t\t\t<div class=\"elementor-widget-container\">\n\t\t\t\t\t\t\t<div class=\"elementor-custom-embed\">\n\t\t\t<iframe loading=\"lazy\"\n\t\t\t\t\tsrc=\"https:\/\/maps.google.com\/maps?q=Site%20LOISIRAMA%20ZAC%20La%20Rotonde%20RN57%2057160%20MOULINS%20LES%20METZ&#038;t=m&#038;z=10&#038;output=embed&#038;iwloc=near\"\n\t\t\t\t\ttitle=\"Site LOISIRAMA ZAC La Rotonde RN57 57160 MOULINS LES METZ\"\n\t\t\t\t\taria-label=\"Site LOISIRAMA ZAC La Rotonde RN57 57160 MOULINS LES METZ\"\n\t\t\t><\/iframe>\n\t\t<\/div>\n\t\t\t\t\t\t<\/div>\n\t\t\t\t<\/div>\n\t\t\t\t<div class=\"elementor-element elementor-element-562d3cd elementor-widget elementor-widget-text-editor\" data-id=\"562d3cd\" data-element_type=\"widget\" data-e-type=\"widget\" data-widget_type=\"text-editor.default\">\n\t\t\t\t<div class=\"elementor-widget-container\">\n\t\t\t\t\t\t\t\t\t<p>Simple d&rsquo;acc\u00e8s, vous disposez d&rsquo;un <strong>immense parking<\/strong> pour y garer votre voiture. Vous n&rsquo;avez <strong>pas de v\u00e9hicules<\/strong>, pas de panique ! Le centre de loisir est desservi par les bus <strong>TCRM<\/strong>.<\/p><p>A<strong> 15 minutes du centre ville de Metz<\/strong>, c&rsquo;est l&rsquo;endroit id\u00e9al pour s&rsquo;amuser.<\/p>\t\t\t\t\t\t\t\t<\/div>\n\t\t\t\t<\/div>\n\t\t\t\t<div class=\"elementor-element elementor-element-b992476 elementor-align-center elementor-mobile-align-center elementor-widget elementor-widget-button\" data-id=\"b992476\" data-element_type=\"widget\" data-e-type=\"widget\" data-widget_type=\"button.default\">\n\t\t\t\t<div class=\"elementor-widget-container\">\n\t\t\t\t\t\t\t\t\t<div class=\"elementor-button-wrapper\">\n\t\t\t\t\t<a class=\"elementor-button elementor-button-link elementor-size-sm\" href=\"https:\/\/prisonisland-metz57.qweekle.com\/shop\/prisonisland-metz57\/multi\/prison-island?lang=fr\" target=\"_blank\">\n\t\t\t\t\t\t<span class=\"elementor-button-content-wrapper\">\n\t\t\t\t\t\t\t\t\t<span class=\"elementor-button-text\">R\u00e9server<\/span>\n\t\t\t\t\t<\/span>\n\t\t\t\t\t<\/a>\n\t\t\t\t<\/div>\n\t\t\t\t\t\t\t\t<\/div>\n\t\t\t\t<\/div>\n\t\t\t\t\t<\/div>\n\t\t<\/div>\n\t\t\t\t\t<\/div>\n\t\t<\/section>\n\t\t\t\t<section class=\"elementor-section elementor-top-section elementor-element elementor-element-4343241 elementor-hidden-mobile elementor-section-boxed elementor-section-height-default elementor-section-height-default\" data-id=\"4343241\" data-element_type=\"section\" data-e-type=\"section\" data-settings=\"{&quot;background_background&quot;:&quot;classic&quot;}\">\n\t\t\t\t\t\t<div class=\"elementor-container elementor-column-gap-default\">\n\t\t\t\t\t<div class=\"elementor-column elementor-col-100 elementor-top-column elementor-element elementor-element-e369f86\" data-id=\"e369f86\" data-element_type=\"column\" data-e-type=\"column\">\n\t\t\t<div class=\"elementor-widget-wrap elementor-element-populated\">\n\t\t\t\t\t\t<div class=\"elementor-element elementor-element-818345c elementor-widget elementor-widget-spacer\" data-id=\"818345c\" data-element_type=\"widget\" data-e-type=\"widget\" data-widget_type=\"spacer.default\">\n\t\t\t\t<div class=\"elementor-widget-container\">\n\t\t\t\t\t\t\t<div class=\"elementor-spacer\">\n\t\t\t<div class=\"elementor-spacer-inner\"><\/div>\n\t\t<\/div>\n\t\t\t\t\t\t<\/div>\n\t\t\t\t<\/div>\n\t\t\t\t<div class=\"elementor-element elementor-element-2d089bf elementor-widget elementor-widget-wpzoom-elementor-addons-image-box\" data-id=\"2d089bf\" data-element_type=\"widget\" data-e-type=\"widget\" data-widget_type=\"wpzoom-elementor-addons-image-box.default\">\n\t\t\t\t<div class=\"elementor-widget-container\">\n\t\t\t\t\t\t\t<div class=\"wpzoom-elementor-addons-image-box\">\n\t\t\t<h3>\n\t\t\t\t<span class=\"wpzoom-elementor-addons-image-box-link not-linked has-image\" style=\"background-image:url('https:\/\/prisonisland-metz.com\/wp-content\/uploads\/2025\/01\/4.webp');\"><span>C&#039;est ici que votre \u00e9vasion d\u00e9bute<\/span><\/span>\t\t\t<\/h3>\n\t\t<\/div><!-- \/\/.wpzoom-elementor-addons-image-box -->\n\t\t\t\t\t\t<\/div>\n\t\t\t\t<\/div>\n\t\t\t\t\t<\/div>\n\t\t<\/div>\n\t\t\t\t\t<\/div>\n\t\t<\/section>\n\t\t\t\t<section class=\"elementor-section elementor-top-section elementor-element elementor-element-8458eda elementor-section-full_width elementor-section-height-default elementor-section-height-default\" data-id=\"8458eda\" data-element_type=\"section\" data-e-type=\"section\" data-settings=\"{&quot;background_background&quot;:&quot;slideshow&quot;,&quot;background_slideshow_gallery&quot;:[{&quot;id&quot;:2513,&quot;url&quot;:&quot;https:\\\/\\\/prisonisland-metz.com\\\/wp-content\\\/uploads\\\/2026\\\/01\\\/BALI-1.jpg&quot;},{&quot;id&quot;:2515,&quot;url&quot;:&quot;https:\\\/\\\/prisonisland-metz.com\\\/wp-content\\\/uploads\\\/2026\\\/01\\\/92-Photo-1-scaled-1.jpg&quot;}],&quot;background_slideshow_loop&quot;:&quot;yes&quot;,&quot;background_slideshow_slide_duration&quot;:5000,&quot;background_slideshow_slide_transition&quot;:&quot;fade&quot;,&quot;background_slideshow_transition_duration&quot;:500}\">\n\t\t\t\t\t\t\t<div class=\"elementor-background-overlay\"><\/div>\n\t\t\t\t\t\t\t<div class=\"elementor-container elementor-column-gap-default\">\n\t\t\t\t\t<div class=\"elementor-column elementor-col-100 elementor-top-column elementor-element elementor-element-b58c782\" data-id=\"b58c782\" data-element_type=\"column\" data-e-type=\"column\">\n\t\t\t<div class=\"elementor-widget-wrap elementor-element-populated\">\n\t\t\t\t\t\t<div class=\"elementor-element elementor-element-c3890f8 elementor-widget elementor-widget-heading\" data-id=\"c3890f8\" data-element_type=\"widget\" data-e-type=\"widget\" data-widget_type=\"heading.default\">\n\t\t\t\t<div class=\"elementor-widget-container\">\n\t\t\t\t\t<h2 class=\"elementor-heading-title elementor-size-xl\">Quiz musical &amp; Karaok\u00e9<\/h2>\t\t\t\t<\/div>\n\t\t\t\t<\/div>\n\t\t\t\t<section class=\"elementor-section elementor-inner-section elementor-element elementor-element-2178bc4 elementor-section-boxed elementor-section-height-default elementor-section-height-default\" data-id=\"2178bc4\" data-element_type=\"section\" data-e-type=\"section\">\n\t\t\t\t\t\t<div class=\"elementor-container elementor-column-gap-default\">\n\t\t\t\t\t<div class=\"elementor-column elementor-col-50 elementor-inner-column elementor-element elementor-element-18dbef4\" data-id=\"18dbef4\" data-element_type=\"column\" data-e-type=\"column\">\n\t\t\t<div class=\"elementor-widget-wrap elementor-element-populated\">\n\t\t\t\t\t\t<div class=\"elementor-element elementor-element-d72d6ca elementor-align-right elementor-mobile-align-center elementor-widget elementor-widget-button\" data-id=\"d72d6ca\" data-element_type=\"widget\" data-e-type=\"widget\" data-widget_type=\"button.default\">\n\t\t\t\t<div class=\"elementor-widget-container\">\n\t\t\t\t\t\t\t\t\t<div class=\"elementor-button-wrapper\">\n\t\t\t\t\t<a class=\"elementor-button elementor-button-link elementor-size-sm\" href=\"https:\/\/groove-island.fr\/\" target=\"_blank\">\n\t\t\t\t\t\t<span class=\"elementor-button-content-wrapper\">\n\t\t\t\t\t\t\t\t\t<span class=\"elementor-button-text\">D\u00e9couvrir<\/span>\n\t\t\t\t\t<\/span>\n\t\t\t\t\t<\/a>\n\t\t\t\t<\/div>\n\t\t\t\t\t\t\t\t<\/div>\n\t\t\t\t<\/div>\n\t\t\t\t\t<\/div>\n\t\t<\/div>\n\t\t\t\t<div class=\"elementor-column elementor-col-50 elementor-inner-column elementor-element elementor-element-21292e9\" data-id=\"21292e9\" data-element_type=\"column\" data-e-type=\"column\">\n\t\t\t<div class=\"elementor-widget-wrap elementor-element-populated\">\n\t\t\t\t\t\t<div class=\"elementor-element elementor-element-b4e4e5d elementor-align-left elementor-mobile-align-center elementor-widget elementor-widget-button\" data-id=\"b4e4e5d\" data-element_type=\"widget\" data-e-type=\"widget\" data-widget_type=\"button.default\">\n\t\t\t\t<div class=\"elementor-widget-container\">\n\t\t\t\t\t\t\t\t\t<div class=\"elementor-button-wrapper\">\n\t\t\t\t\t<a class=\"elementor-button elementor-button-link elementor-size-sm\" href=\"https:\/\/prisonisland-metz57.qweekle.com\/shop\/prisonisland-metz57\/booking?lang=fr\" target=\"_blank\">\n\t\t\t\t\t\t<span class=\"elementor-button-content-wrapper\">\n\t\t\t\t\t\t\t\t\t<span class=\"elementor-button-text\">R\u00e9server une activit\u00e9<\/span>\n\t\t\t\t\t<\/span>\n\t\t\t\t\t<\/a>\n\t\t\t\t<\/div>\n\t\t\t\t\t\t\t\t<\/div>\n\t\t\t\t<\/div>\n\t\t\t\t\t<\/div>\n\t\t<\/div>\n\t\t\t\t\t<\/div>\n\t\t<\/section>\n\t\t\t\t\t<\/div>\n\t\t<\/div>\n\t\t\t\t\t<\/div>\n\t\t<\/section>\n\t\t\t\t<section class=\"elementor-section elementor-top-section elementor-element elementor-element-005f765 elementor-section-boxed elementor-section-height-default elementor-section-height-default\" data-id=\"005f765\" data-element_type=\"section\" data-e-type=\"section\" data-settings=\"{&quot;background_background&quot;:&quot;classic&quot;}\">\n\t\t\t\t\t\t<div class=\"elementor-container elementor-column-gap-default\">\n\t\t\t\t\t<div class=\"elementor-column elementor-col-100 elementor-top-column elementor-element elementor-element-b124b0f\" data-id=\"b124b0f\" data-element_type=\"column\" data-e-type=\"column\">\n\t\t\t<div class=\"elementor-widget-wrap elementor-element-populated\">\n\t\t\t\t\t\t<div class=\"elementor-element elementor-element-e290d4a elementor-widget elementor-widget-image\" data-id=\"e290d4a\" data-element_type=\"widget\" data-e-type=\"widget\" data-widget_type=\"image.default\">\n\t\t\t\t<div class=\"elementor-widget-container\">\n\t\t\t\t\t\t\t\t\t\t\t\t\t\t\t<img decoding=\"async\" width=\"166\" height=\"92\" src=\"https:\/\/prisonisland-metz.com\/wp-content\/uploads\/2023\/02\/cropped-logo-site.png\" class=\"attachment-large size-large wp-image-574\" alt=\"\" sizes=\"100vw\" \/>\t\t\t\t\t\t\t\t\t\t\t\t\t\t\t<\/div>\n\t\t\t\t<\/div>\n\t\t\t\t<div class=\"elementor-element elementor-element-b6eee10 elementor-invisible elementor-widget elementor-widget-heading\" data-id=\"b6eee10\" data-element_type=\"widget\" data-e-type=\"widget\" data-settings=\"{&quot;_animation&quot;:&quot;bounceIn&quot;}\" data-widget_type=\"heading.default\">\n\t\t\t\t<div class=\"elementor-widget-container\">\n\t\t\t\t\t<h2 class=\"elementor-heading-title elementor-size-xl\">Contactez-nous<\/h2>\t\t\t\t<\/div>\n\t\t\t\t<\/div>\n\t\t\t\t<div class=\"elementor-element elementor-element-0e54e75 elementor-widget elementor-widget-text-editor\" data-id=\"0e54e75\" data-element_type=\"widget\" data-e-type=\"widget\" data-widget_type=\"text-editor.default\">\n\t\t\t\t<div class=\"elementor-widget-container\">\n\t\t\t\t\t\t\t\t\t<p><strong>Par email : <\/strong>contact@prisonisland-metz.com<\/p><p><strong>Par t\u00e9l\u00e9phone : <\/strong>03.87.22.13.56<\/p>\t\t\t\t\t\t\t\t<\/div>\n\t\t\t\t<\/div>\n\t\t\t\t<div class=\"elementor-element elementor-element-cbdd6de elementor-align-center elementor-widget elementor-widget-button\" data-id=\"cbdd6de\" data-element_type=\"widget\" data-e-type=\"widget\" data-widget_type=\"button.default\">\n\t\t\t\t<div class=\"elementor-widget-container\">\n\t\t\t\t\t\t\t\t\t<div class=\"elementor-button-wrapper\">\n\t\t\t\t\t<a class=\"elementor-button elementor-button-link elementor-size-sm\" href=\"https:\/\/prisonisland-metz57.qweekle.com\/shop\/prisonisland-metz57\/multi\/prison-island?lang=fr\" target=\"_blank\">\n\t\t\t\t\t\t<span class=\"elementor-button-content-wrapper\">\n\t\t\t\t\t\t\t\t\t<span class=\"elementor-button-text\">R\u00e9server<\/span>\n\t\t\t\t\t<\/span>\n\t\t\t\t\t<\/a>\n\t\t\t\t<\/div>\n\t\t\t\t\t\t\t\t<\/div>\n\t\t\t\t<\/div>\n\t\t\t\t\t<\/div>\n\t\t<\/div>\n\t\t\t\t\t<\/div>\n\t\t<\/section>\n\t\t\t\t<\/div>\n\t\t","protected":false},"excerpt":{"rendered":"<p>Nous contacter Oserez-vous contacter nos matons ? Email : contact@prisonisland-metz.com T\u00e9l\u00e9phone : 03.87.22.13.56 Complexe LOISIRAMA (1er \u00e9tage) ZAC de La Rotonde 5 Avenue Jean Claude Th\u00e9obald 57160 Moulins-l\u00e8s-Metz Simple d&rsquo;acc\u00e8s, vous disposez d&rsquo;un immense parking pour y garer votre voiture. Vous n&rsquo;avez pas de v\u00e9hicules, pas de panique ! Le centre de loisir est desservi &hellip; <\/p>\n<p class=\"link-more\"><a href=\"https:\/\/prisonisland-metz.com\/index.php\/contact-et-acces\/\" class=\"more-link\">Lire la suite de<span class=\"screen-reader-text\">\u00ab\u00a0Contact et acc\u00e8s\u00a0\u00bb<\/span><\/a><\/p>\n","protected":false},"author":1,"featured_media":0,"parent":0,"menu_order":0,"comment_status":"closed","ping_status":"closed","template":"elementor_header_footer","meta":{"inspiro_hide_title":false,"footnotes":""},"class_list":["post-16","page","type-page","status-publish","hentry"],"yoast_head":"<!-- This site is optimized with the Yoast SEO plugin v27.3 - https:\/\/yoast.com\/product\/yoast-seo-wordpress\/ -->\n<title>Se rendre \u00e0 Prison Island | Action game Metz<\/title>\n<meta name=\"description\" content=\"Retrouvez toutes les informations pour acc\u00e9der \u00e0 notre action game : adresse, horaires et plan. Contactez-nous pour vos \u00e9v\u00e9nements.\" \/>\n<meta name=\"robots\" content=\"index, follow, max-snippet:-1, max-image-preview:large, max-video-preview:-1\" \/>\n<link rel=\"canonical\" href=\"https:\/\/prisonisland-metz.com\/index.php\/contact-et-acces\/\" \/>\n<meta property=\"og:locale\" content=\"fr_FR\" \/>\n<meta property=\"og:type\" content=\"article\" \/>\n<meta property=\"og:title\" content=\"Se rendre \u00e0 Prison Island | Action game Metz\" \/>\n<meta property=\"og:description\" content=\"Retrouvez toutes les informations pour acc\u00e9der \u00e0 notre action game : adresse, horaires et plan. Contactez-nous pour vos \u00e9v\u00e9nements.\" \/>\n<meta property=\"og:url\" content=\"https:\/\/prisonisland-metz.com\/index.php\/contact-et-acces\/\" \/>\n<meta property=\"og:site_name\" content=\"Prison Island Metz\" \/>\n<meta property=\"article:modified_time\" content=\"2026-02-02T14:41:40+00:00\" \/>\n<meta property=\"og:image\" content=\"https:\/\/prisonisland-metz.com\/wp-content\/uploads\/2023\/02\/cropped-logo-site.png\" \/>\n\t<meta property=\"og:image:width\" content=\"166\" \/>\n\t<meta property=\"og:image:height\" content=\"92\" \/>\n\t<meta property=\"og:image:type\" content=\"image\/png\" \/>\n<meta name=\"twitter:card\" content=\"summary_large_image\" \/>\n<meta name=\"twitter:label1\" content=\"Dur\u00e9e de lecture estim\u00e9e\" \/>\n\t<meta name=\"twitter:data1\" content=\"1 minute\" \/>\n<script type=\"application\/ld+json\" class=\"yoast-schema-graph\">{\"@context\":\"https:\\\/\\\/schema.org\",\"@graph\":[{\"@type\":\"WebPage\",\"@id\":\"https:\\\/\\\/prisonisland-metz.com\\\/index.php\\\/contact-et-acces\\\/\",\"url\":\"https:\\\/\\\/prisonisland-metz.com\\\/index.php\\\/contact-et-acces\\\/\",\"name\":\"Se rendre \u00e0 Prison Island | Action game Metz\",\"isPartOf\":{\"@id\":\"https:\\\/\\\/prisonisland-metz.com\\\/#website\"},\"primaryImageOfPage\":{\"@id\":\"https:\\\/\\\/prisonisland-metz.com\\\/index.php\\\/contact-et-acces\\\/#primaryimage\"},\"image\":{\"@id\":\"https:\\\/\\\/prisonisland-metz.com\\\/index.php\\\/contact-et-acces\\\/#primaryimage\"},\"thumbnailUrl\":\"https:\\\/\\\/prisonisland-metz.com\\\/wp-content\\\/uploads\\\/2023\\\/02\\\/cropped-logo-site.png\",\"datePublished\":\"2022-10-13T08:06:48+00:00\",\"dateModified\":\"2026-02-02T14:41:40+00:00\",\"description\":\"Retrouvez toutes les informations pour acc\u00e9der \u00e0 notre action game : adresse, horaires et plan. Contactez-nous pour vos \u00e9v\u00e9nements.\",\"breadcrumb\":{\"@id\":\"https:\\\/\\\/prisonisland-metz.com\\\/index.php\\\/contact-et-acces\\\/#breadcrumb\"},\"inLanguage\":\"fr-FR\",\"potentialAction\":[{\"@type\":\"ReadAction\",\"target\":[\"https:\\\/\\\/prisonisland-metz.com\\\/index.php\\\/contact-et-acces\\\/\"]}]},{\"@type\":\"ImageObject\",\"inLanguage\":\"fr-FR\",\"@id\":\"https:\\\/\\\/prisonisland-metz.com\\\/index.php\\\/contact-et-acces\\\/#primaryimage\",\"url\":\"https:\\\/\\\/prisonisland-metz.com\\\/wp-content\\\/uploads\\\/2023\\\/02\\\/cropped-logo-site.png\",\"contentUrl\":\"https:\\\/\\\/prisonisland-metz.com\\\/wp-content\\\/uploads\\\/2023\\\/02\\\/cropped-logo-site.png\",\"width\":166,\"height\":92},{\"@type\":\"BreadcrumbList\",\"@id\":\"https:\\\/\\\/prisonisland-metz.com\\\/index.php\\\/contact-et-acces\\\/#breadcrumb\",\"itemListElement\":[{\"@type\":\"ListItem\",\"position\":1,\"name\":\"Accueil\",\"item\":\"https:\\\/\\\/prisonisland-metz.com\\\/\"},{\"@type\":\"ListItem\",\"position\":2,\"name\":\"Contact et acc\u00e8s\"}]},{\"@type\":\"WebSite\",\"@id\":\"https:\\\/\\\/prisonisland-metz.com\\\/#website\",\"url\":\"https:\\\/\\\/prisonisland-metz.com\\\/\",\"name\":\"Prison Island Metz\",\"description\":\"&quot;Beat the bars !&quot;\",\"publisher\":{\"@id\":\"https:\\\/\\\/prisonisland-metz.com\\\/#organization\"},\"potentialAction\":[{\"@type\":\"SearchAction\",\"target\":{\"@type\":\"EntryPoint\",\"urlTemplate\":\"https:\\\/\\\/prisonisland-metz.com\\\/?s={search_term_string}\"},\"query-input\":{\"@type\":\"PropertyValueSpecification\",\"valueRequired\":true,\"valueName\":\"search_term_string\"}}],\"inLanguage\":\"fr-FR\"},{\"@type\":\"Organization\",\"@id\":\"https:\\\/\\\/prisonisland-metz.com\\\/#organization\",\"name\":\"Prison Island Metz\",\"url\":\"https:\\\/\\\/prisonisland-metz.com\\\/\",\"logo\":{\"@type\":\"ImageObject\",\"inLanguage\":\"fr-FR\",\"@id\":\"https:\\\/\\\/prisonisland-metz.com\\\/#\\\/schema\\\/logo\\\/image\\\/\",\"url\":\"https:\\\/\\\/prisonisland-metz.com\\\/wp-content\\\/uploads\\\/2023\\\/02\\\/cropped-cropped-logo-site.png\",\"contentUrl\":\"https:\\\/\\\/prisonisland-metz.com\\\/wp-content\\\/uploads\\\/2023\\\/02\\\/cropped-cropped-logo-site.png\",\"width\":166,\"height\":92,\"caption\":\"Prison Island Metz\"},\"image\":{\"@id\":\"https:\\\/\\\/prisonisland-metz.com\\\/#\\\/schema\\\/logo\\\/image\\\/\"}}]}<\/script>\n<!-- \/ Yoast SEO plugin. -->","yoast_head_json":{"title":"Se rendre \u00e0 Prison Island | Action game Metz","description":"Retrouvez toutes les informations pour acc\u00e9der \u00e0 notre action game : adresse, horaires et plan. Contactez-nous pour vos \u00e9v\u00e9nements.","robots":{"index":"index","follow":"follow","max-snippet":"max-snippet:-1","max-image-preview":"max-image-preview:large","max-video-preview":"max-video-preview:-1"},"canonical":"https:\/\/prisonisland-metz.com\/index.php\/contact-et-acces\/","og_locale":"fr_FR","og_type":"article","og_title":"Se rendre \u00e0 Prison Island | Action game Metz","og_description":"Retrouvez toutes les informations pour acc\u00e9der \u00e0 notre action game : adresse, horaires et plan. Contactez-nous pour vos \u00e9v\u00e9nements.","og_url":"https:\/\/prisonisland-metz.com\/index.php\/contact-et-acces\/","og_site_name":"Prison Island Metz","article_modified_time":"2026-02-02T14:41:40+00:00","og_image":[{"width":166,"height":92,"url":"https:\/\/prisonisland-metz.com\/wp-content\/uploads\/2023\/02\/cropped-logo-site.png","type":"image\/png"}],"twitter_card":"summary_large_image","twitter_misc":{"Dur\u00e9e de lecture estim\u00e9e":"1 minute"},"schema":{"@context":"https:\/\/schema.org","@graph":[{"@type":"WebPage","@id":"https:\/\/prisonisland-metz.com\/index.php\/contact-et-acces\/","url":"https:\/\/prisonisland-metz.com\/index.php\/contact-et-acces\/","name":"Se rendre \u00e0 Prison Island | Action game Metz","isPartOf":{"@id":"https:\/\/prisonisland-metz.com\/#website"},"primaryImageOfPage":{"@id":"https:\/\/prisonisland-metz.com\/index.php\/contact-et-acces\/#primaryimage"},"image":{"@id":"https:\/\/prisonisland-metz.com\/index.php\/contact-et-acces\/#primaryimage"},"thumbnailUrl":"https:\/\/prisonisland-metz.com\/wp-content\/uploads\/2023\/02\/cropped-logo-site.png","datePublished":"2022-10-13T08:06:48+00:00","dateModified":"2026-02-02T14:41:40+00:00","description":"Retrouvez toutes les informations pour acc\u00e9der \u00e0 notre action game : adresse, horaires et plan. Contactez-nous pour vos \u00e9v\u00e9nements.","breadcrumb":{"@id":"https:\/\/prisonisland-metz.com\/index.php\/contact-et-acces\/#breadcrumb"},"inLanguage":"fr-FR","potentialAction":[{"@type":"ReadAction","target":["https:\/\/prisonisland-metz.com\/index.php\/contact-et-acces\/"]}]},{"@type":"ImageObject","inLanguage":"fr-FR","@id":"https:\/\/prisonisland-metz.com\/index.php\/contact-et-acces\/#primaryimage","url":"https:\/\/prisonisland-metz.com\/wp-content\/uploads\/2023\/02\/cropped-logo-site.png","contentUrl":"https:\/\/prisonisland-metz.com\/wp-content\/uploads\/2023\/02\/cropped-logo-site.png","width":166,"height":92},{"@type":"BreadcrumbList","@id":"https:\/\/prisonisland-metz.com\/index.php\/contact-et-acces\/#breadcrumb","itemListElement":[{"@type":"ListItem","position":1,"name":"Accueil","item":"https:\/\/prisonisland-metz.com\/"},{"@type":"ListItem","position":2,"name":"Contact et acc\u00e8s"}]},{"@type":"WebSite","@id":"https:\/\/prisonisland-metz.com\/#website","url":"https:\/\/prisonisland-metz.com\/","name":"Prison Island Metz","description":"&quot;Beat the bars !&quot;","publisher":{"@id":"https:\/\/prisonisland-metz.com\/#organization"},"potentialAction":[{"@type":"SearchAction","target":{"@type":"EntryPoint","urlTemplate":"https:\/\/prisonisland-metz.com\/?s={search_term_string}"},"query-input":{"@type":"PropertyValueSpecification","valueRequired":true,"valueName":"search_term_string"}}],"inLanguage":"fr-FR"},{"@type":"Organization","@id":"https:\/\/prisonisland-metz.com\/#organization","name":"Prison Island Metz","url":"https:\/\/prisonisland-metz.com\/","logo":{"@type":"ImageObject","inLanguage":"fr-FR","@id":"https:\/\/prisonisland-metz.com\/#\/schema\/logo\/image\/","url":"https:\/\/prisonisland-metz.com\/wp-content\/uploads\/2023\/02\/cropped-cropped-logo-site.png","contentUrl":"https:\/\/prisonisland-metz.com\/wp-content\/uploads\/2023\/02\/cropped-cropped-logo-site.png","width":166,"height":92,"caption":"Prison Island Metz"},"image":{"@id":"https:\/\/prisonisland-metz.com\/#\/schema\/logo\/image\/"}}]}},"featured_media_urls":[],"_links":{"self":[{"href":"https:\/\/prisonisland-metz.com\/index.php\/wp-json\/wp\/v2\/pages\/16","targetHints":{"allow":["GET"]}}],"collection":[{"href":"https:\/\/prisonisland-metz.com\/index.php\/wp-json\/wp\/v2\/pages"}],"about":[{"href":"https:\/\/prisonisland-metz.com\/index.php\/wp-json\/wp\/v2\/types\/page"}],"author":[{"embeddable":true,"href":"https:\/\/prisonisland-metz.com\/index.php\/wp-json\/wp\/v2\/users\/1"}],"replies":[{"embeddable":true,"href":"https:\/\/prisonisland-metz.com\/index.php\/wp-json\/wp\/v2\/comments?post=16"}],"version-history":[{"count":0,"href":"https:\/\/prisonisland-metz.com\/index.php\/wp-json\/wp\/v2\/pages\/16\/revisions"}],"wp:attachment":[{"href":"https:\/\/prisonisland-metz.com\/index.php\/wp-json\/wp\/v2\/media?parent=16"}],"curies":[{"name":"wp","href":"https:\/\/api.w.org\/{rel}","templated":true}]}}