{"id":1899,"date":"2025-02-19T17:21:41","date_gmt":"2025-02-19T16:21:41","guid":{"rendered":"https:\/\/prisonisland-metz.com\/?page_id=1899"},"modified":"2026-04-24T15:36:39","modified_gmt":"2026-04-24T13:36:39","slug":"evenement-ponctuel","status":"publish","type":"page","link":"https:\/\/prisonisland-metz.com\/index.php\/evenement-ponctuel\/","title":{"rendered":"\u00c9v\u00e8nement ponctuel"},"content":{"rendered":"\t\t<div data-elementor-type=\"wp-page\" data-elementor-id=\"1899\" class=\"elementor elementor-1899\">\n\t\t\t\t\t\t<section class=\"elementor-section elementor-top-section elementor-element elementor-element-3c41307 elementor-section-boxed elementor-section-height-default elementor-section-height-default\" data-id=\"3c41307\" data-element_type=\"section\" data-e-type=\"section\" data-settings=\"{&quot;background_background&quot;:&quot;video&quot;}\">\n\t\t\t\t\t\t<div class=\"elementor-container elementor-column-gap-default\">\n\t\t\t\t\t<div class=\"elementor-column elementor-col-100 elementor-top-column elementor-element elementor-element-d70a4dd\" data-id=\"d70a4dd\" data-element_type=\"column\" data-e-type=\"column\">\n\t\t\t<div class=\"elementor-widget-wrap elementor-element-populated\">\n\t\t\t\t\t\t<div class=\"elementor-element elementor-element-144d92b elementor-widget elementor-widget-heading\" data-id=\"144d92b\" data-element_type=\"widget\" data-e-type=\"widget\" data-widget_type=\"heading.default\">\n\t\t\t\t<div class=\"elementor-widget-container\">\n\t\t\t\t\t<h1 class=\"elementor-heading-title elementor-size-default\">\u00e9v\u00e8nement ponctuel<\/h1>\t\t\t\t<\/div>\n\t\t\t\t<\/div>\n\t\t\t\t\t<\/div>\n\t\t<\/div>\n\t\t\t\t\t<\/div>\n\t\t<\/section>\n\t\t\t\t<section class=\"elementor-section elementor-top-section elementor-element elementor-element-e370bbf elementor-section-boxed elementor-section-height-default elementor-section-height-default\" data-id=\"e370bbf\" data-element_type=\"section\" data-e-type=\"section\">\n\t\t\t\t\t\t<div class=\"elementor-container elementor-column-gap-default\">\n\t\t\t\t\t<div class=\"elementor-column elementor-col-100 elementor-top-column elementor-element elementor-element-13857a1\" data-id=\"13857a1\" data-element_type=\"column\" data-e-type=\"column\">\n\t\t\t<div class=\"elementor-widget-wrap elementor-element-populated\">\n\t\t\t\t\t\t<div class=\"elementor-element elementor-element-4c6b3fa elementor-widget elementor-widget-image\" data-id=\"4c6b3fa\" data-element_type=\"widget\" data-e-type=\"widget\" data-widget_type=\"image.default\">\n\t\t\t\t<div class=\"elementor-widget-container\">\n\t\t\t\t\t\t\t\t\t\t\t\t\t\t\t\t<a href=\"https:\/\/www.eventbrite.fr\/e\/billets-groove-island-comedy-club-1985161023059?aff=ebdsoporgprofile\">\n\t\t\t\t\t\t\t<img fetchpriority=\"high\" decoding=\"async\" width=\"2048\" height=\"1024\" src=\"https:\/\/prisonisland-metz.com\/wp-content\/uploads\/2026\/03\/Bandeaux-Divers-Tele-Site-1.png\" class=\"attachment-full size-full wp-image-2873\" alt=\"\" srcset=\"https:\/\/prisonisland-metz.com\/wp-content\/uploads\/2026\/03\/Bandeaux-Divers-Tele-Site-1.png 2048w, https:\/\/prisonisland-metz.com\/wp-content\/uploads\/2026\/03\/Bandeaux-Divers-Tele-Site-1-300x150.png 300w, https:\/\/prisonisland-metz.com\/wp-content\/uploads\/2026\/03\/Bandeaux-Divers-Tele-Site-1-1024x512.png 1024w, https:\/\/prisonisland-metz.com\/wp-content\/uploads\/2026\/03\/Bandeaux-Divers-Tele-Site-1-2000x1000.png 2000w, https:\/\/prisonisland-metz.com\/wp-content\/uploads\/2026\/03\/Bandeaux-Divers-Tele-Site-1-1536x768.png 1536w, https:\/\/prisonisland-metz.com\/wp-content\/uploads\/2026\/03\/Bandeaux-Divers-Tele-Site-1-600x300.png 600w, https:\/\/prisonisland-metz.com\/wp-content\/uploads\/2026\/03\/Bandeaux-Divers-Tele-Site-1-1200x600.png 1200w\" sizes=\"100vw\" \/>\t\t\t\t\t\t\t\t<\/a>\n\t\t\t\t\t\t\t\t\t\t\t\t\t\t\t<\/div>\n\t\t\t\t<\/div>\n\t\t\t\t\t<\/div>\n\t\t<\/div>\n\t\t\t\t\t<\/div>\n\t\t<\/section>\n\t\t\t\t<section class=\"elementor-section elementor-top-section elementor-element elementor-element-9b2b3c7 elementor-hidden-desktop elementor-hidden-tablet elementor-hidden-mobile elementor-section-boxed elementor-section-height-default elementor-section-height-default\" data-id=\"9b2b3c7\" data-element_type=\"section\" data-e-type=\"section\" data-settings=\"{&quot;background_background&quot;:&quot;classic&quot;}\">\n\t\t\t\t\t\t<div class=\"elementor-container elementor-column-gap-default\">\n\t\t\t\t\t<div class=\"elementor-column elementor-col-100 elementor-top-column elementor-element elementor-element-99b8d0b\" data-id=\"99b8d0b\" data-element_type=\"column\" data-e-type=\"column\">\n\t\t\t<div class=\"elementor-widget-wrap elementor-element-populated\">\n\t\t\t\t\t\t<div class=\"elementor-element elementor-element-a68e7be elementor-widget elementor-widget-spacer\" data-id=\"a68e7be\" data-element_type=\"widget\" data-e-type=\"widget\" data-widget_type=\"spacer.default\">\n\t\t\t\t<div class=\"elementor-widget-container\">\n\t\t\t\t\t\t\t<div class=\"elementor-spacer\">\n\t\t\t<div class=\"elementor-spacer-inner\"><\/div>\n\t\t<\/div>\n\t\t\t\t\t\t<\/div>\n\t\t\t\t<\/div>\n\t\t\t\t<div class=\"elementor-element elementor-element-a1df3b2 elementor-widget elementor-widget-heading\" data-id=\"a1df3b2\" data-element_type=\"widget\" data-e-type=\"widget\" data-widget_type=\"heading.default\">\n\t\t\t\t<div class=\"elementor-widget-container\">\n\t\t\t\t\t<h1 class=\"elementor-heading-title elementor-size-default\">PAS D\u2019\u00c9V\u00c8NEMENT POUR LE MOMENT...\nREVENEZ PLUS TARD !<\/h1>\t\t\t\t<\/div>\n\t\t\t\t<\/div>\n\t\t\t\t\t<\/div>\n\t\t<\/div>\n\t\t\t\t\t<\/div>\n\t\t<\/section>\n\t\t\t\t<section class=\"elementor-section elementor-top-section elementor-element elementor-element-9123e00 elementor-hidden-desktop elementor-hidden-tablet elementor-hidden-mobile elementor-section-boxed elementor-section-height-default elementor-section-height-default\" data-id=\"9123e00\" data-element_type=\"section\" data-e-type=\"section\" data-settings=\"{&quot;background_background&quot;:&quot;classic&quot;}\">\n\t\t\t\t\t\t<div class=\"elementor-container elementor-column-gap-default\">\n\t\t\t\t\t<div class=\"elementor-column elementor-col-100 elementor-top-column elementor-element elementor-element-c579356\" data-id=\"c579356\" data-element_type=\"column\" data-e-type=\"column\">\n\t\t\t<div class=\"elementor-widget-wrap elementor-element-populated\">\n\t\t\t\t\t\t<div class=\"elementor-element elementor-element-357b3b7 elementor-hidden-mobile elementor-widget elementor-widget-heading\" data-id=\"357b3b7\" data-element_type=\"widget\" data-e-type=\"widget\" data-widget_type=\"heading.default\">\n\t\t\t\t<div class=\"elementor-widget-container\">\n\t\t\t\t\t<h2 class=\"elementor-heading-title elementor-size-default\">En attendant, vous pouvez toujours r\u00e9server une session !<\/h2>\t\t\t\t<\/div>\n\t\t\t\t<\/div>\n\t\t\t\t<div class=\"elementor-element elementor-element-f9f7d60 elementor-align-center elementor-widget elementor-widget-button\" data-id=\"f9f7d60\" data-element_type=\"widget\" data-e-type=\"widget\" data-widget_type=\"button.default\">\n\t\t\t\t<div class=\"elementor-widget-container\">\n\t\t\t\t\t\t\t\t\t<div class=\"elementor-button-wrapper\">\n\t\t\t\t\t<a class=\"elementor-button elementor-button-link elementor-size-sm\" href=\"https:\/\/prisonisland-metz57.qweekle.com\/shop\/prisonisland-metz57\/booking?lang=fr\">\n\t\t\t\t\t\t<span class=\"elementor-button-content-wrapper\">\n\t\t\t\t\t\t\t\t\t<span class=\"elementor-button-text\">R\u00e9server  ! <\/span>\n\t\t\t\t\t<\/span>\n\t\t\t\t\t<\/a>\n\t\t\t\t<\/div>\n\t\t\t\t\t\t\t\t<\/div>\n\t\t\t\t<\/div>\n\t\t\t\t<div class=\"elementor-element elementor-element-b49c5e3 elementor-widget elementor-widget-spacer\" data-id=\"b49c5e3\" data-element_type=\"widget\" data-e-type=\"widget\" data-widget_type=\"spacer.default\">\n\t\t\t\t<div class=\"elementor-widget-container\">\n\t\t\t\t\t\t\t<div class=\"elementor-spacer\">\n\t\t\t<div class=\"elementor-spacer-inner\"><\/div>\n\t\t<\/div>\n\t\t\t\t\t\t<\/div>\n\t\t\t\t<\/div>\n\t\t\t\t\t<\/div>\n\t\t<\/div>\n\t\t\t\t\t<\/div>\n\t\t<\/section>\n\t\t\t\t<section class=\"elementor-section elementor-top-section elementor-element elementor-element-4f5d398 elementor-section-boxed elementor-section-height-default elementor-section-height-default\" data-id=\"4f5d398\" data-element_type=\"section\" data-e-type=\"section\" data-settings=\"{&quot;background_background&quot;:&quot;classic&quot;}\">\n\t\t\t\t\t\t<div class=\"elementor-container elementor-column-gap-default\">\n\t\t\t\t\t<div class=\"elementor-column elementor-col-100 elementor-top-column elementor-element elementor-element-92928fa\" data-id=\"92928fa\" data-element_type=\"column\" data-e-type=\"column\">\n\t\t\t<div class=\"elementor-widget-wrap elementor-element-populated\">\n\t\t\t\t\t\t<div class=\"elementor-element elementor-element-04b4f84 elementor-widget elementor-widget-image\" data-id=\"04b4f84\" data-element_type=\"widget\" data-e-type=\"widget\" data-widget_type=\"image.default\">\n\t\t\t\t<div class=\"elementor-widget-container\">\n\t\t\t\t\t\t\t\t\t\t\t\t\t\t\t<img decoding=\"async\" width=\"166\" height=\"92\" src=\"https:\/\/prisonisland-metz.com\/wp-content\/uploads\/2023\/02\/cropped-logo-site.png\" class=\"attachment-large size-large wp-image-574\" alt=\"\" sizes=\"100vw\" \/>\t\t\t\t\t\t\t\t\t\t\t\t\t\t\t<\/div>\n\t\t\t\t<\/div>\n\t\t\t\t<div class=\"elementor-element elementor-element-a265d5e elementor-invisible elementor-widget elementor-widget-heading\" data-id=\"a265d5e\" data-element_type=\"widget\" data-e-type=\"widget\" data-settings=\"{&quot;_animation&quot;:&quot;bounceIn&quot;}\" data-widget_type=\"heading.default\">\n\t\t\t\t<div class=\"elementor-widget-container\">\n\t\t\t\t\t<h2 class=\"elementor-heading-title elementor-size-xl\">Contactez-nous<\/h2>\t\t\t\t<\/div>\n\t\t\t\t<\/div>\n\t\t\t\t<div class=\"elementor-element elementor-element-3d5e070 elementor-widget elementor-widget-text-editor\" data-id=\"3d5e070\" data-element_type=\"widget\" data-e-type=\"widget\" data-widget_type=\"text-editor.default\">\n\t\t\t\t<div class=\"elementor-widget-container\">\n\t\t\t\t\t\t\t\t\t<p><strong>Par email : <\/strong>contact@prisonisland-metz.com<\/p><p><strong>Par t\u00e9l\u00e9phone : <\/strong>03.87.22.13.56<\/p>\t\t\t\t\t\t\t\t<\/div>\n\t\t\t\t<\/div>\n\t\t\t\t<div class=\"elementor-element elementor-element-a69679e elementor-align-center elementor-widget elementor-widget-button\" data-id=\"a69679e\" data-element_type=\"widget\" data-e-type=\"widget\" data-widget_type=\"button.default\">\n\t\t\t\t<div class=\"elementor-widget-container\">\n\t\t\t\t\t\t\t\t\t<div class=\"elementor-button-wrapper\">\n\t\t\t\t\t<a class=\"elementor-button elementor-button-link elementor-size-sm\" href=\"https:\/\/prisonisland-metz57.qweekle.com\/shop\/prisonisland-metz57\/multi\/prison-island?lang=fr\" target=\"_blank\">\n\t\t\t\t\t\t<span class=\"elementor-button-content-wrapper\">\n\t\t\t\t\t\t\t\t\t<span class=\"elementor-button-text\">R\u00e9server<\/span>\n\t\t\t\t\t<\/span>\n\t\t\t\t\t<\/a>\n\t\t\t\t<\/div>\n\t\t\t\t\t\t\t\t<\/div>\n\t\t\t\t<\/div>\n\t\t\t\t\t<\/div>\n\t\t<\/div>\n\t\t\t\t\t<\/div>\n\t\t<\/section>\n\t\t\t\t<section class=\"elementor-section elementor-top-section elementor-element elementor-element-586846d elementor-section-boxed elementor-section-height-default elementor-section-height-default\" data-id=\"586846d\" data-element_type=\"section\" data-e-type=\"section\">\n\t\t\t\t\t\t<div class=\"elementor-container elementor-column-gap-default\">\n\t\t\t\t\t<div class=\"elementor-column elementor-col-100 elementor-top-column elementor-element elementor-element-e089e94\" data-id=\"e089e94\" data-element_type=\"column\" data-e-type=\"column\">\n\t\t\t<div class=\"elementor-widget-wrap\">\n\t\t\t\t\t\t\t<\/div>\n\t\t<\/div>\n\t\t\t\t\t<\/div>\n\t\t<\/section>\n\t\t\t\t<\/div>\n\t\t","protected":false},"excerpt":{"rendered":"<p>\u00e9v\u00e8nement ponctuel PAS D\u2019\u00c9V\u00c8NEMENT POUR LE MOMENT&#8230; REVENEZ PLUS TARD ! En attendant, vous pouvez toujours r\u00e9server une session ! R\u00e9server ! Contactez-nous Par email : contact@prisonisland-metz.com Par t\u00e9l\u00e9phone : 03.87.22.13.56 R\u00e9server<\/p>\n","protected":false},"author":1,"featured_media":0,"parent":0,"menu_order":0,"comment_status":"closed","ping_status":"closed","template":"elementor_header_footer","meta":{"inspiro_hide_title":false,"footnotes":""},"class_list":["post-1899","page","type-page","status-publish","hentry"],"yoast_head":"<!-- This site is optimized with the Yoast SEO plugin v27.5 - https:\/\/yoast.com\/product\/yoast-seo-wordpress\/ -->\n<title>Nos prochains \u00e9v\u00e9nements \u00e0 Prison Island Metz<\/title>\n<meta name=\"description\" content=\"Nos prochains \u00e9v\u00e9nements et animations \u00e0 Prison Island Metz : soir\u00e9es sp\u00e9ciales, humoristes et d\u00e9fis \u00e0 relever tout au long de l&#039;ann\u00e9e.\" \/>\n<meta name=\"robots\" content=\"index, follow, max-snippet:-1, max-image-preview:large, max-video-preview:-1\" \/>\n<link rel=\"canonical\" href=\"https:\/\/prisonisland-metz.com\/index.php\/evenement-ponctuel\/\" \/>\n<meta property=\"og:locale\" content=\"fr_FR\" \/>\n<meta property=\"og:type\" content=\"article\" \/>\n<meta property=\"og:title\" content=\"Nos prochains \u00e9v\u00e9nements \u00e0 Prison Island Metz\" \/>\n<meta property=\"og:description\" content=\"Nos prochains \u00e9v\u00e9nements et animations \u00e0 Prison Island Metz : soir\u00e9es sp\u00e9ciales, humoristes et d\u00e9fis \u00e0 relever tout au long de l&#039;ann\u00e9e.\" \/>\n<meta property=\"og:url\" content=\"https:\/\/prisonisland-metz.com\/index.php\/evenement-ponctuel\/\" \/>\n<meta property=\"og:site_name\" content=\"Prison Island Metz\" \/>\n<meta property=\"article:modified_time\" content=\"2026-04-24T13:36:39+00:00\" \/>\n<meta property=\"og:image\" content=\"https:\/\/prisonisland-metz.com\/wp-content\/uploads\/2026\/03\/Bandeaux-Divers-Tele-Site-1.png\" \/>\n<meta name=\"twitter:card\" content=\"summary_large_image\" \/>\n<meta name=\"twitter:label1\" content=\"Dur\u00e9e de lecture estim\u00e9e\" \/>\n\t<meta name=\"twitter:data1\" content=\"1 minute\" \/>\n<script type=\"application\/ld+json\" class=\"yoast-schema-graph\">{\"@context\":\"https:\\\/\\\/schema.org\",\"@graph\":[{\"@type\":\"WebPage\",\"@id\":\"https:\\\/\\\/prisonisland-metz.com\\\/index.php\\\/evenement-ponctuel\\\/\",\"url\":\"https:\\\/\\\/prisonisland-metz.com\\\/index.php\\\/evenement-ponctuel\\\/\",\"name\":\"Nos prochains \u00e9v\u00e9nements \u00e0 Prison Island Metz\",\"isPartOf\":{\"@id\":\"https:\\\/\\\/prisonisland-metz.com\\\/#website\"},\"primaryImageOfPage\":{\"@id\":\"https:\\\/\\\/prisonisland-metz.com\\\/index.php\\\/evenement-ponctuel\\\/#primaryimage\"},\"image\":{\"@id\":\"https:\\\/\\\/prisonisland-metz.com\\\/index.php\\\/evenement-ponctuel\\\/#primaryimage\"},\"thumbnailUrl\":\"https:\\\/\\\/prisonisland-metz.com\\\/wp-content\\\/uploads\\\/2026\\\/03\\\/Bandeaux-Divers-Tele-Site-1.png\",\"datePublished\":\"2025-02-19T16:21:41+00:00\",\"dateModified\":\"2026-04-24T13:36:39+00:00\",\"description\":\"Nos prochains \u00e9v\u00e9nements et animations \u00e0 Prison Island Metz : soir\u00e9es sp\u00e9ciales, humoristes et d\u00e9fis \u00e0 relever tout au long de l'ann\u00e9e.\",\"breadcrumb\":{\"@id\":\"https:\\\/\\\/prisonisland-metz.com\\\/index.php\\\/evenement-ponctuel\\\/#breadcrumb\"},\"inLanguage\":\"fr-FR\",\"potentialAction\":[{\"@type\":\"ReadAction\",\"target\":[\"https:\\\/\\\/prisonisland-metz.com\\\/index.php\\\/evenement-ponctuel\\\/\"]}]},{\"@type\":\"ImageObject\",\"inLanguage\":\"fr-FR\",\"@id\":\"https:\\\/\\\/prisonisland-metz.com\\\/index.php\\\/evenement-ponctuel\\\/#primaryimage\",\"url\":\"https:\\\/\\\/prisonisland-metz.com\\\/wp-content\\\/uploads\\\/2026\\\/03\\\/Bandeaux-Divers-Tele-Site-1.png\",\"contentUrl\":\"https:\\\/\\\/prisonisland-metz.com\\\/wp-content\\\/uploads\\\/2026\\\/03\\\/Bandeaux-Divers-Tele-Site-1.png\",\"width\":2048,\"height\":1024},{\"@type\":\"BreadcrumbList\",\"@id\":\"https:\\\/\\\/prisonisland-metz.com\\\/index.php\\\/evenement-ponctuel\\\/#breadcrumb\",\"itemListElement\":[{\"@type\":\"ListItem\",\"position\":1,\"name\":\"Accueil\",\"item\":\"https:\\\/\\\/prisonisland-metz.com\\\/\"},{\"@type\":\"ListItem\",\"position\":2,\"name\":\"\u00c9v\u00e8nement ponctuel\"}]},{\"@type\":\"WebSite\",\"@id\":\"https:\\\/\\\/prisonisland-metz.com\\\/#website\",\"url\":\"https:\\\/\\\/prisonisland-metz.com\\\/\",\"name\":\"Prison Island Metz\",\"description\":\"&quot;Beat the bars !&quot;\",\"publisher\":{\"@id\":\"https:\\\/\\\/prisonisland-metz.com\\\/#organization\"},\"potentialAction\":[{\"@type\":\"SearchAction\",\"target\":{\"@type\":\"EntryPoint\",\"urlTemplate\":\"https:\\\/\\\/prisonisland-metz.com\\\/?s={search_term_string}\"},\"query-input\":{\"@type\":\"PropertyValueSpecification\",\"valueRequired\":true,\"valueName\":\"search_term_string\"}}],\"inLanguage\":\"fr-FR\"},{\"@type\":\"Organization\",\"@id\":\"https:\\\/\\\/prisonisland-metz.com\\\/#organization\",\"name\":\"Prison Island Metz\",\"url\":\"https:\\\/\\\/prisonisland-metz.com\\\/\",\"logo\":{\"@type\":\"ImageObject\",\"inLanguage\":\"fr-FR\",\"@id\":\"https:\\\/\\\/prisonisland-metz.com\\\/#\\\/schema\\\/logo\\\/image\\\/\",\"url\":\"https:\\\/\\\/prisonisland-metz.com\\\/wp-content\\\/uploads\\\/2023\\\/02\\\/cropped-cropped-logo-site.png\",\"contentUrl\":\"https:\\\/\\\/prisonisland-metz.com\\\/wp-content\\\/uploads\\\/2023\\\/02\\\/cropped-cropped-logo-site.png\",\"width\":166,\"height\":92,\"caption\":\"Prison Island Metz\"},\"image\":{\"@id\":\"https:\\\/\\\/prisonisland-metz.com\\\/#\\\/schema\\\/logo\\\/image\\\/\"}}]}<\/script>\n<!-- \/ Yoast SEO plugin. -->","yoast_head_json":{"title":"Nos prochains \u00e9v\u00e9nements \u00e0 Prison Island Metz","description":"Nos prochains \u00e9v\u00e9nements et animations \u00e0 Prison Island Metz : soir\u00e9es sp\u00e9ciales, humoristes et d\u00e9fis \u00e0 relever tout au long de l'ann\u00e9e.","robots":{"index":"index","follow":"follow","max-snippet":"max-snippet:-1","max-image-preview":"max-image-preview:large","max-video-preview":"max-video-preview:-1"},"canonical":"https:\/\/prisonisland-metz.com\/index.php\/evenement-ponctuel\/","og_locale":"fr_FR","og_type":"article","og_title":"Nos prochains \u00e9v\u00e9nements \u00e0 Prison Island Metz","og_description":"Nos prochains \u00e9v\u00e9nements et animations \u00e0 Prison Island Metz : soir\u00e9es sp\u00e9ciales, humoristes et d\u00e9fis \u00e0 relever tout au long de l'ann\u00e9e.","og_url":"https:\/\/prisonisland-metz.com\/index.php\/evenement-ponctuel\/","og_site_name":"Prison Island Metz","article_modified_time":"2026-04-24T13:36:39+00:00","og_image":[{"url":"https:\/\/prisonisland-metz.com\/wp-content\/uploads\/2026\/03\/Bandeaux-Divers-Tele-Site-1.png","type":"","width":"","height":""}],"twitter_card":"summary_large_image","twitter_misc":{"Dur\u00e9e de lecture estim\u00e9e":"1 minute"},"schema":{"@context":"https:\/\/schema.org","@graph":[{"@type":"WebPage","@id":"https:\/\/prisonisland-metz.com\/index.php\/evenement-ponctuel\/","url":"https:\/\/prisonisland-metz.com\/index.php\/evenement-ponctuel\/","name":"Nos prochains \u00e9v\u00e9nements \u00e0 Prison Island Metz","isPartOf":{"@id":"https:\/\/prisonisland-metz.com\/#website"},"primaryImageOfPage":{"@id":"https:\/\/prisonisland-metz.com\/index.php\/evenement-ponctuel\/#primaryimage"},"image":{"@id":"https:\/\/prisonisland-metz.com\/index.php\/evenement-ponctuel\/#primaryimage"},"thumbnailUrl":"https:\/\/prisonisland-metz.com\/wp-content\/uploads\/2026\/03\/Bandeaux-Divers-Tele-Site-1.png","datePublished":"2025-02-19T16:21:41+00:00","dateModified":"2026-04-24T13:36:39+00:00","description":"Nos prochains \u00e9v\u00e9nements et animations \u00e0 Prison Island Metz : soir\u00e9es sp\u00e9ciales, humoristes et d\u00e9fis \u00e0 relever tout au long de l'ann\u00e9e.","breadcrumb":{"@id":"https:\/\/prisonisland-metz.com\/index.php\/evenement-ponctuel\/#breadcrumb"},"inLanguage":"fr-FR","potentialAction":[{"@type":"ReadAction","target":["https:\/\/prisonisland-metz.com\/index.php\/evenement-ponctuel\/"]}]},{"@type":"ImageObject","inLanguage":"fr-FR","@id":"https:\/\/prisonisland-metz.com\/index.php\/evenement-ponctuel\/#primaryimage","url":"https:\/\/prisonisland-metz.com\/wp-content\/uploads\/2026\/03\/Bandeaux-Divers-Tele-Site-1.png","contentUrl":"https:\/\/prisonisland-metz.com\/wp-content\/uploads\/2026\/03\/Bandeaux-Divers-Tele-Site-1.png","width":2048,"height":1024},{"@type":"BreadcrumbList","@id":"https:\/\/prisonisland-metz.com\/index.php\/evenement-ponctuel\/#breadcrumb","itemListElement":[{"@type":"ListItem","position":1,"name":"Accueil","item":"https:\/\/prisonisland-metz.com\/"},{"@type":"ListItem","position":2,"name":"\u00c9v\u00e8nement ponctuel"}]},{"@type":"WebSite","@id":"https:\/\/prisonisland-metz.com\/#website","url":"https:\/\/prisonisland-metz.com\/","name":"Prison Island Metz","description":"&quot;Beat the bars !&quot;","publisher":{"@id":"https:\/\/prisonisland-metz.com\/#organization"},"potentialAction":[{"@type":"SearchAction","target":{"@type":"EntryPoint","urlTemplate":"https:\/\/prisonisland-metz.com\/?s={search_term_string}"},"query-input":{"@type":"PropertyValueSpecification","valueRequired":true,"valueName":"search_term_string"}}],"inLanguage":"fr-FR"},{"@type":"Organization","@id":"https:\/\/prisonisland-metz.com\/#organization","name":"Prison Island Metz","url":"https:\/\/prisonisland-metz.com\/","logo":{"@type":"ImageObject","inLanguage":"fr-FR","@id":"https:\/\/prisonisland-metz.com\/#\/schema\/logo\/image\/","url":"https:\/\/prisonisland-metz.com\/wp-content\/uploads\/2023\/02\/cropped-cropped-logo-site.png","contentUrl":"https:\/\/prisonisland-metz.com\/wp-content\/uploads\/2023\/02\/cropped-cropped-logo-site.png","width":166,"height":92,"caption":"Prison Island Metz"},"image":{"@id":"https:\/\/prisonisland-metz.com\/#\/schema\/logo\/image\/"}}]}},"featured_media_urls":[],"_links":{"self":[{"href":"https:\/\/prisonisland-metz.com\/index.php\/wp-json\/wp\/v2\/pages\/1899","targetHints":{"allow":["GET"]}}],"collection":[{"href":"https:\/\/prisonisland-metz.com\/index.php\/wp-json\/wp\/v2\/pages"}],"about":[{"href":"https:\/\/prisonisland-metz.com\/index.php\/wp-json\/wp\/v2\/types\/page"}],"author":[{"embeddable":true,"href":"https:\/\/prisonisland-metz.com\/index.php\/wp-json\/wp\/v2\/users\/1"}],"replies":[{"embeddable":true,"href":"https:\/\/prisonisland-metz.com\/index.php\/wp-json\/wp\/v2\/comments?post=1899"}],"version-history":[{"count":3,"href":"https:\/\/prisonisland-metz.com\/index.php\/wp-json\/wp\/v2\/pages\/1899\/revisions"}],"predecessor-version":[{"id":2899,"href":"https:\/\/prisonisland-metz.com\/index.php\/wp-json\/wp\/v2\/pages\/1899\/revisions\/2899"}],"wp:attachment":[{"href":"https:\/\/prisonisland-metz.com\/index.php\/wp-json\/wp\/v2\/media?parent=1899"}],"curies":[{"name":"wp","href":"https:\/\/api.w.org\/{rel}","templated":true}]}}