{"id":2386,"date":"2025-11-12T09:04:14","date_gmt":"2025-11-12T08:04:14","guid":{"rendered":"https:\/\/prisonisland-metz.com\/?page_id=2386"},"modified":"2025-11-12T09:06:24","modified_gmt":"2025-11-12T08:06:24","slug":"politique-de-confidentialite","status":"publish","type":"page","link":"https:\/\/prisonisland-metz.com\/index.php\/politique-de-confidentialite\/","title":{"rendered":"Politique de confidentialit\u00e9"},"content":{"rendered":"\t\t<div data-elementor-type=\"wp-page\" data-elementor-id=\"2386\" class=\"elementor elementor-2386\">\n\t\t\t\t\t\t<section class=\"elementor-section elementor-top-section elementor-element elementor-element-732e4ca elementor-section-boxed elementor-section-height-default elementor-section-height-default\" data-id=\"732e4ca\" data-element_type=\"section\" data-e-type=\"section\">\n\t\t\t\t\t\t<div class=\"elementor-container elementor-column-gap-default\">\n\t\t\t\t\t<div class=\"elementor-column elementor-col-100 elementor-top-column elementor-element elementor-element-73b5078\" data-id=\"73b5078\" data-element_type=\"column\" data-e-type=\"column\">\n\t\t\t<div class=\"elementor-widget-wrap elementor-element-populated\">\n\t\t\t\t\t\t<div class=\"elementor-element elementor-element-f84dad7 elementor-widget elementor-widget-text-editor\" data-id=\"f84dad7\" data-element_type=\"widget\" data-e-type=\"widget\" data-widget_type=\"text-editor.default\">\n\t\t\t\t<div class=\"elementor-widget-container\">\n\t\t\t\t\t\t\t\t\t<h3 data-start=\"160\" data-end=\"183\">Qui sommes-nous ?<\/h3><p data-start=\"184\" data-end=\"366\">Le site est exploit\u00e9 par la soci\u00e9t\u00e9 <strong data-start=\"220\" data-end=\"242\">Prison Island Metz<\/strong>, situ\u00e9e au <strong data-start=\"254\" data-end=\"311\">5 Avenue Jean Claude Th\u00e9obald, 57160 Moulins-l\u00e8s-Metz<\/strong>, sous la direction de <strong data-start=\"334\" data-end=\"363\">Monsieur S\u00e9bastien SCHECK<\/strong>.<\/p><hr data-start=\"368\" data-end=\"371\" \/><h3 data-start=\"373\" data-end=\"386\">Cookies<\/h3><p data-start=\"387\" data-end=\"518\">Notre site utilise des cookies pour am\u00e9liorer l\u2019exp\u00e9rience utilisateur et analyser de mani\u00e8re anonyme les statistiques de visite.<\/p><p data-start=\"520\" data-end=\"808\">Les cookies que nous utilisons ne collectent aucune information personnelle identifiable. Vous pouvez configurer votre navigateur pour accepter ou refuser les cookies \u00e0 tout moment. Aucun cookie n\u2019est install\u00e9 sans votre consentement explicite, conform\u00e9ment \u00e0 la l\u00e9gislation en vigueur.<\/p><hr data-start=\"810\" data-end=\"813\" \/><h3 data-start=\"815\" data-end=\"859\">Contenu embarqu\u00e9 depuis d\u2019autres sites<\/h3><p data-start=\"860\" data-end=\"1080\">Certaines pages de notre site peuvent inclure des contenus int\u00e9gr\u00e9s, tels que des vid\u00e9os, images ou articles. Ces contenus int\u00e9gr\u00e9s se comportent comme si le visiteur se rendait directement sur le site tiers d\u2019origine.<\/p><p data-start=\"1082\" data-end=\"1109\">Ces sites tiers peuvent :<\/p><ul><li data-start=\"1112\" data-end=\"1153\">Collecter des donn\u00e9es vous concernant ;<\/li><li data-start=\"1156\" data-end=\"1180\">Utiliser des cookies ;<\/li><li data-start=\"1183\" data-end=\"1221\">Int\u00e9grer des outils de suivi tiers ;<\/li><li data-start=\"1224\" data-end=\"1347\">Suivre vos interactions avec leur contenu int\u00e9gr\u00e9, notamment si vous disposez d\u2019un compte et \u00eates connect\u00e9 sur leur site.<\/li><\/ul><p data-start=\"1349\" data-end=\"1435\">Nous ne sommes pas responsables des pratiques de confidentialit\u00e9 de ces sites tiers.<\/p><hr data-start=\"1437\" data-end=\"1440\" \/><h3 data-start=\"1442\" data-end=\"1480\">Dur\u00e9e de stockage de vos donn\u00e9es<\/h3><p data-start=\"1481\" data-end=\"1729\">Les donn\u00e9es personnelles envoy\u00e9es via notre formulaire de contact sont conserv\u00e9es pour une dur\u00e9e maximale de <strong data-start=\"1590\" data-end=\"1603\">trois ans<\/strong>, sauf demande contraire de votre part. Cela nous permet de faciliter le suivi de vos demandes et d\u2019y r\u00e9pondre efficacement.<\/p><hr data-start=\"1731\" data-end=\"1734\" \/><h3 data-start=\"1736\" data-end=\"1768\">Vos droits sur vos donn\u00e9es<\/h3><p data-start=\"1769\" data-end=\"1959\">Conform\u00e9ment \u00e0 la loi \u00ab Informatique et Libert\u00e9s \u00bb et au <strong data-start=\"1826\" data-end=\"1884\">R\u00e8glement G\u00e9n\u00e9ral sur la Protection des Donn\u00e9es (RGPD)<\/strong>, vous disposez des droits suivants concernant vos donn\u00e9es personnelles :<\/p><ul><li data-start=\"1963\" data-end=\"2075\"><strong data-start=\"1963\" data-end=\"1980\">Droit d\u2019acc\u00e8s<\/strong> : Vous pouvez demander \u00e0 consulter les donn\u00e9es personnelles que nous d\u00e9tenons \u00e0 votre sujet.<\/li><li data-start=\"2078\" data-end=\"2215\"><strong data-start=\"2078\" data-end=\"2104\">Droit de rectification<\/strong> : Vous pouvez demander la modification de vos donn\u00e9es personnelles si elles sont incorrectes ou incompl\u00e8tes.<\/li><li data-start=\"2218\" data-end=\"2397\"><strong data-start=\"2218\" data-end=\"2242\">Droit \u00e0 l\u2019effacement<\/strong> : Vous pouvez demander la suppression de vos donn\u00e9es, sauf si leur conservation est n\u00e9cessaire pour des raisons administratives, l\u00e9gales ou de s\u00e9curit\u00e9.<\/li><\/ul><p data-start=\"2399\" data-end=\"2548\">Pour exercer ces droits, veuillez contacter le <strong data-start=\"2446\" data-end=\"2491\">D\u00e9l\u00e9gu\u00e9 \u00e0 la Protection des Donn\u00e9es (DPO)<\/strong> :<br data-start=\"2493\" data-end=\"2496\" \/><strong data-start=\"2496\" data-end=\"2548\">S\u00e9bastien SCHECK \u2013 <a class=\"decorated-link cursor-pointer\" rel=\"noopener\" data-start=\"2517\" data-end=\"2546\">contact@prisonisland-metz.com<\/a><\/strong><\/p><h3 data-start=\"2555\" data-end=\"2588\">Transmission de vos donn\u00e9es<\/h3><p data-start=\"2589\" data-end=\"2821\">Nous nous engageons \u00e0 <strong data-start=\"2611\" data-end=\"2697\">ne jamais vendre, \u00e9changer ou transf\u00e9rer vos informations personnelles \u00e0 des tiers<\/strong> sans votre consentement explicite, sauf si cela est n\u00e9cessaire pour r\u00e9pondre \u00e0 des obligations l\u00e9gales ou r\u00e9glementaires.<\/p><hr data-start=\"2823\" data-end=\"2826\" \/><h3 data-start=\"2828\" data-end=\"2882\">Modifications de la politique de confidentialit\u00e9<\/h3><p data-start=\"2883\" data-end=\"3111\">Nous nous r\u00e9servons le droit de modifier cette politique de confidentialit\u00e9 \u00e0 tout moment. Toute modification sera publi\u00e9e sur cette page afin de vous informer des changements concernant la gestion de vos donn\u00e9es personnelles.<\/p><p data-start=\"3113\" data-end=\"3295\">Pour toute question ou demande d\u2019information suppl\u00e9mentaire concernant notre politique de confidentialit\u00e9, veuillez contacter :<br data-start=\"3240\" data-end=\"3243\" \/><strong data-start=\"3243\" data-end=\"3295\">S\u00e9bastien SCHECK \u2013 <a class=\"decorated-link cursor-pointer\" rel=\"noopener\" data-start=\"3264\" data-end=\"3293\">contact@prisonisland-metz.com<\/a><\/strong><\/p>\t\t\t\t\t\t\t\t<\/div>\n\t\t\t\t<\/div>\n\t\t\t\t\t<\/div>\n\t\t<\/div>\n\t\t\t\t\t<\/div>\n\t\t<\/section>\n\t\t\t\t<\/div>\n\t\t","protected":false},"excerpt":{"rendered":"<p>Qui sommes-nous ? Le site est exploit\u00e9 par la soci\u00e9t\u00e9 Prison Island Metz, situ\u00e9e au 5 Avenue Jean Claude Th\u00e9obald, 57160 Moulins-l\u00e8s-Metz, sous la direction de Monsieur S\u00e9bastien SCHECK. Cookies Notre site utilise des cookies pour am\u00e9liorer l\u2019exp\u00e9rience utilisateur et analyser de mani\u00e8re anonyme les statistiques de visite. Les cookies que nous utilisons ne collectent &hellip; <\/p>\n<p class=\"link-more\"><a href=\"https:\/\/prisonisland-metz.com\/index.php\/politique-de-confidentialite\/\" class=\"more-link\">Lire la suite de<span class=\"screen-reader-text\">\u00ab\u00a0Politique de confidentialit\u00e9\u00a0\u00bb<\/span><\/a><\/p>\n","protected":false},"author":5,"featured_media":0,"parent":0,"menu_order":0,"comment_status":"closed","ping_status":"closed","template":"","meta":{"inspiro_hide_title":false,"footnotes":""},"class_list":["post-2386","page","type-page","status-publish","hentry"],"yoast_head":"<!-- This site is optimized with the Yoast SEO plugin v27.3 - https:\/\/yoast.com\/product\/yoast-seo-wordpress\/ -->\n<title>Politique de confidentialit\u00e9 - Prison Island Metz<\/title>\n<meta name=\"robots\" content=\"index, nofollow, max-snippet:-1, max-image-preview:large, max-video-preview:-1\" \/>\n<link rel=\"canonical\" href=\"https:\/\/prisonisland-metz.com\/index.php\/politique-de-confidentialite\/\" \/>\n<meta property=\"og:locale\" content=\"fr_FR\" \/>\n<meta property=\"og:type\" content=\"article\" \/>\n<meta property=\"og:title\" content=\"Politique de confidentialit\u00e9 - Prison Island Metz\" \/>\n<meta property=\"og:description\" content=\"Qui sommes-nous ? Le site est exploit\u00e9 par la soci\u00e9t\u00e9 Prison Island Metz, situ\u00e9e au 5 Avenue Jean Claude Th\u00e9obald, 57160 Moulins-l\u00e8s-Metz, sous la direction de Monsieur S\u00e9bastien SCHECK. Cookies Notre site utilise des cookies pour am\u00e9liorer l\u2019exp\u00e9rience utilisateur et analyser de mani\u00e8re anonyme les statistiques de visite. Les cookies que nous utilisons ne collectent &hellip; Lire la suite de\u00ab\u00a0Politique de confidentialit\u00e9\u00a0\u00bb\" \/>\n<meta property=\"og:url\" content=\"https:\/\/prisonisland-metz.com\/index.php\/politique-de-confidentialite\/\" \/>\n<meta property=\"og:site_name\" content=\"Prison Island Metz\" \/>\n<meta property=\"article:modified_time\" content=\"2025-11-12T08:06:24+00:00\" \/>\n<meta name=\"twitter:card\" content=\"summary_large_image\" \/>\n<script type=\"application\/ld+json\" class=\"yoast-schema-graph\">{\"@context\":\"https:\\\/\\\/schema.org\",\"@graph\":[{\"@type\":\"WebPage\",\"@id\":\"https:\\\/\\\/prisonisland-metz.com\\\/index.php\\\/politique-de-confidentialite\\\/\",\"url\":\"https:\\\/\\\/prisonisland-metz.com\\\/index.php\\\/politique-de-confidentialite\\\/\",\"name\":\"Politique de confidentialit\u00e9 - Prison Island Metz\",\"isPartOf\":{\"@id\":\"https:\\\/\\\/prisonisland-metz.com\\\/#website\"},\"datePublished\":\"2025-11-12T08:04:14+00:00\",\"dateModified\":\"2025-11-12T08:06:24+00:00\",\"breadcrumb\":{\"@id\":\"https:\\\/\\\/prisonisland-metz.com\\\/index.php\\\/politique-de-confidentialite\\\/#breadcrumb\"},\"inLanguage\":\"fr-FR\",\"potentialAction\":[{\"@type\":\"ReadAction\",\"target\":[\"https:\\\/\\\/prisonisland-metz.com\\\/index.php\\\/politique-de-confidentialite\\\/\"]}]},{\"@type\":\"BreadcrumbList\",\"@id\":\"https:\\\/\\\/prisonisland-metz.com\\\/index.php\\\/politique-de-confidentialite\\\/#breadcrumb\",\"itemListElement\":[{\"@type\":\"ListItem\",\"position\":1,\"name\":\"Accueil\",\"item\":\"https:\\\/\\\/prisonisland-metz.com\\\/\"},{\"@type\":\"ListItem\",\"position\":2,\"name\":\"Politique de confidentialit\u00e9\"}]},{\"@type\":\"WebSite\",\"@id\":\"https:\\\/\\\/prisonisland-metz.com\\\/#website\",\"url\":\"https:\\\/\\\/prisonisland-metz.com\\\/\",\"name\":\"Prison Island Metz\",\"description\":\"&quot;Beat the bars !&quot;\",\"publisher\":{\"@id\":\"https:\\\/\\\/prisonisland-metz.com\\\/#organization\"},\"potentialAction\":[{\"@type\":\"SearchAction\",\"target\":{\"@type\":\"EntryPoint\",\"urlTemplate\":\"https:\\\/\\\/prisonisland-metz.com\\\/?s={search_term_string}\"},\"query-input\":{\"@type\":\"PropertyValueSpecification\",\"valueRequired\":true,\"valueName\":\"search_term_string\"}}],\"inLanguage\":\"fr-FR\"},{\"@type\":\"Organization\",\"@id\":\"https:\\\/\\\/prisonisland-metz.com\\\/#organization\",\"name\":\"Prison Island Metz\",\"url\":\"https:\\\/\\\/prisonisland-metz.com\\\/\",\"logo\":{\"@type\":\"ImageObject\",\"inLanguage\":\"fr-FR\",\"@id\":\"https:\\\/\\\/prisonisland-metz.com\\\/#\\\/schema\\\/logo\\\/image\\\/\",\"url\":\"https:\\\/\\\/prisonisland-metz.com\\\/wp-content\\\/uploads\\\/2023\\\/02\\\/cropped-cropped-logo-site.png\",\"contentUrl\":\"https:\\\/\\\/prisonisland-metz.com\\\/wp-content\\\/uploads\\\/2023\\\/02\\\/cropped-cropped-logo-site.png\",\"width\":166,\"height\":92,\"caption\":\"Prison Island Metz\"},\"image\":{\"@id\":\"https:\\\/\\\/prisonisland-metz.com\\\/#\\\/schema\\\/logo\\\/image\\\/\"}}]}<\/script>\n<!-- \/ Yoast SEO plugin. -->","yoast_head_json":{"title":"Politique de confidentialit\u00e9 - Prison Island Metz","robots":{"index":"index","follow":"nofollow","max-snippet":"max-snippet:-1","max-image-preview":"max-image-preview:large","max-video-preview":"max-video-preview:-1"},"canonical":"https:\/\/prisonisland-metz.com\/index.php\/politique-de-confidentialite\/","og_locale":"fr_FR","og_type":"article","og_title":"Politique de confidentialit\u00e9 - Prison Island Metz","og_description":"Qui sommes-nous ? Le site est exploit\u00e9 par la soci\u00e9t\u00e9 Prison Island Metz, situ\u00e9e au 5 Avenue Jean Claude Th\u00e9obald, 57160 Moulins-l\u00e8s-Metz, sous la direction de Monsieur S\u00e9bastien SCHECK. Cookies Notre site utilise des cookies pour am\u00e9liorer l\u2019exp\u00e9rience utilisateur et analyser de mani\u00e8re anonyme les statistiques de visite. Les cookies que nous utilisons ne collectent &hellip; Lire la suite de\u00ab\u00a0Politique de confidentialit\u00e9\u00a0\u00bb","og_url":"https:\/\/prisonisland-metz.com\/index.php\/politique-de-confidentialite\/","og_site_name":"Prison Island Metz","article_modified_time":"2025-11-12T08:06:24+00:00","twitter_card":"summary_large_image","schema":{"@context":"https:\/\/schema.org","@graph":[{"@type":"WebPage","@id":"https:\/\/prisonisland-metz.com\/index.php\/politique-de-confidentialite\/","url":"https:\/\/prisonisland-metz.com\/index.php\/politique-de-confidentialite\/","name":"Politique de confidentialit\u00e9 - Prison Island Metz","isPartOf":{"@id":"https:\/\/prisonisland-metz.com\/#website"},"datePublished":"2025-11-12T08:04:14+00:00","dateModified":"2025-11-12T08:06:24+00:00","breadcrumb":{"@id":"https:\/\/prisonisland-metz.com\/index.php\/politique-de-confidentialite\/#breadcrumb"},"inLanguage":"fr-FR","potentialAction":[{"@type":"ReadAction","target":["https:\/\/prisonisland-metz.com\/index.php\/politique-de-confidentialite\/"]}]},{"@type":"BreadcrumbList","@id":"https:\/\/prisonisland-metz.com\/index.php\/politique-de-confidentialite\/#breadcrumb","itemListElement":[{"@type":"ListItem","position":1,"name":"Accueil","item":"https:\/\/prisonisland-metz.com\/"},{"@type":"ListItem","position":2,"name":"Politique de confidentialit\u00e9"}]},{"@type":"WebSite","@id":"https:\/\/prisonisland-metz.com\/#website","url":"https:\/\/prisonisland-metz.com\/","name":"Prison Island Metz","description":"&quot;Beat the bars !&quot;","publisher":{"@id":"https:\/\/prisonisland-metz.com\/#organization"},"potentialAction":[{"@type":"SearchAction","target":{"@type":"EntryPoint","urlTemplate":"https:\/\/prisonisland-metz.com\/?s={search_term_string}"},"query-input":{"@type":"PropertyValueSpecification","valueRequired":true,"valueName":"search_term_string"}}],"inLanguage":"fr-FR"},{"@type":"Organization","@id":"https:\/\/prisonisland-metz.com\/#organization","name":"Prison Island Metz","url":"https:\/\/prisonisland-metz.com\/","logo":{"@type":"ImageObject","inLanguage":"fr-FR","@id":"https:\/\/prisonisland-metz.com\/#\/schema\/logo\/image\/","url":"https:\/\/prisonisland-metz.com\/wp-content\/uploads\/2023\/02\/cropped-cropped-logo-site.png","contentUrl":"https:\/\/prisonisland-metz.com\/wp-content\/uploads\/2023\/02\/cropped-cropped-logo-site.png","width":166,"height":92,"caption":"Prison Island Metz"},"image":{"@id":"https:\/\/prisonisland-metz.com\/#\/schema\/logo\/image\/"}}]}},"featured_media_urls":[],"_links":{"self":[{"href":"https:\/\/prisonisland-metz.com\/index.php\/wp-json\/wp\/v2\/pages\/2386","targetHints":{"allow":["GET"]}}],"collection":[{"href":"https:\/\/prisonisland-metz.com\/index.php\/wp-json\/wp\/v2\/pages"}],"about":[{"href":"https:\/\/prisonisland-metz.com\/index.php\/wp-json\/wp\/v2\/types\/page"}],"author":[{"embeddable":true,"href":"https:\/\/prisonisland-metz.com\/index.php\/wp-json\/wp\/v2\/users\/5"}],"replies":[{"embeddable":true,"href":"https:\/\/prisonisland-metz.com\/index.php\/wp-json\/wp\/v2\/comments?post=2386"}],"version-history":[{"count":0,"href":"https:\/\/prisonisland-metz.com\/index.php\/wp-json\/wp\/v2\/pages\/2386\/revisions"}],"wp:attachment":[{"href":"https:\/\/prisonisland-metz.com\/index.php\/wp-json\/wp\/v2\/media?parent=2386"}],"curies":[{"name":"wp","href":"https:\/\/api.w.org\/{rel}","templated":true}]}}