{"id":2857,"date":"2026-02-23T18:21:33","date_gmt":"2026-02-23T17:21:33","guid":{"rendered":"https:\/\/prisonisland-metz.com\/?page_id=2857"},"modified":"2026-02-23T18:35:46","modified_gmt":"2026-02-23T17:35:46","slug":"bon-cadeau","status":"publish","type":"page","link":"https:\/\/prisonisland-metz.com\/index.php\/bon-cadeau\/","title":{"rendered":"Bon cadeau"},"content":{"rendered":"\t\t<div data-elementor-type=\"wp-page\" data-elementor-id=\"2857\" class=\"elementor elementor-2857\">\n\t\t\t\t\t\t<section class=\"elementor-section elementor-top-section elementor-element elementor-element-53414e1 elementor-section-boxed elementor-section-height-default elementor-section-height-default\" data-id=\"53414e1\" data-element_type=\"section\" data-e-type=\"section\" data-settings=\"{&quot;background_background&quot;:&quot;classic&quot;}\">\n\t\t\t\t\t\t<div class=\"elementor-container elementor-column-gap-default\">\n\t\t\t\t\t<div class=\"elementor-column elementor-col-100 elementor-top-column elementor-element elementor-element-d4e728e\" data-id=\"d4e728e\" data-element_type=\"column\" data-e-type=\"column\">\n\t\t\t<div class=\"elementor-widget-wrap elementor-element-populated\">\n\t\t\t\t\t\t<div class=\"elementor-element elementor-element-cb4736e elementor-widget elementor-widget-heading\" data-id=\"cb4736e\" data-element_type=\"widget\" data-e-type=\"widget\" data-settings=\"{&quot;_animation&quot;:&quot;none&quot;}\" data-widget_type=\"heading.default\">\n\t\t\t\t<div class=\"elementor-widget-container\">\n\t\t\t\t\t<h1 class=\"elementor-heading-title elementor-size-large\">Offrir un bon cadeau<\/h1>\t\t\t\t<\/div>\n\t\t\t\t<\/div>\n\t\t\t\t\t<\/div>\n\t\t<\/div>\n\t\t\t\t\t<\/div>\n\t\t<\/section>\n\t\t\t\t<section class=\"elementor-section elementor-top-section elementor-element elementor-element-217414b elementor-section-boxed elementor-section-height-default elementor-section-height-default\" data-id=\"217414b\" data-element_type=\"section\" data-e-type=\"section\" data-settings=\"{&quot;background_background&quot;:&quot;classic&quot;}\">\n\t\t\t\t\t\t<div class=\"elementor-container elementor-column-gap-default\">\n\t\t\t\t\t<div class=\"elementor-column elementor-col-50 elementor-top-column elementor-element elementor-element-45a92d6\" data-id=\"45a92d6\" data-element_type=\"column\" data-e-type=\"column\">\n\t\t\t<div class=\"elementor-widget-wrap elementor-element-populated\">\n\t\t\t\t\t\t<div class=\"elementor-element elementor-element-02ca849 elementor-widget elementor-widget-heading\" data-id=\"02ca849\" data-element_type=\"widget\" data-e-type=\"widget\" data-widget_type=\"heading.default\">\n\t\t\t\t<div class=\"elementor-widget-container\">\n\t\t\t\t\t<h2 class=\"elementor-heading-title elementor-size-default\">Pr\u00eat \u00e0 offrir une exp\u00e9rience hors du commun ?<\/h2>\t\t\t\t<\/div>\n\t\t\t\t<\/div>\n\t\t\t\t<div class=\"elementor-element elementor-element-0009857 elementor-widget elementor-widget-text-editor\" data-id=\"0009857\" data-element_type=\"widget\" data-e-type=\"widget\" data-widget_type=\"text-editor.default\">\n\t\t\t\t<div class=\"elementor-widget-container\">\n\t\t\t\t\t\t\t\t\t<p>Avec les bons cadeaux Prison Island Metz, transformez un simple cadeau en v\u00e9ritable aventure. Entre d\u00e9fis physiques, \u00e9nigmes et strat\u00e9gie, vos proches devront coop\u00e9rer pour relever les challenges et marquer un maximum de points.<\/p><p>Une exp\u00e9rience originale, fun et accessible \u00e0 tous\u2026 le cadeau parfait pour surprendre !<\/p>\t\t\t\t\t\t\t\t<\/div>\n\t\t\t\t<\/div>\n\t\t\t\t<div class=\"elementor-element elementor-element-0f8be39 elementor-align-left elementor-mobile-align-left elementor-widget elementor-widget-button\" data-id=\"0f8be39\" data-element_type=\"widget\" data-e-type=\"widget\" data-widget_type=\"button.default\">\n\t\t\t\t<div class=\"elementor-widget-container\">\n\t\t\t\t\t\t\t\t\t<div class=\"elementor-button-wrapper\">\n\t\t\t\t\t<a class=\"elementor-button elementor-button-link elementor-size-sm\" href=\"https:\/\/prisonisland-metz57.qweekle.com\/shop\/prisonisland-metz57\/giftcards?type=giftcard&#038;lang=fr\" target=\"_blank\">\n\t\t\t\t\t\t<span class=\"elementor-button-content-wrapper\">\n\t\t\t\t\t\t\t\t\t<span class=\"elementor-button-text\">Offrir un bon cadeau<\/span>\n\t\t\t\t\t<\/span>\n\t\t\t\t\t<\/a>\n\t\t\t\t<\/div>\n\t\t\t\t\t\t\t\t<\/div>\n\t\t\t\t<\/div>\n\t\t\t\t<div class=\"elementor-element elementor-element-d6fa446 elementor-widget elementor-widget-text-editor\" data-id=\"d6fa446\" data-element_type=\"widget\" data-e-type=\"widget\" data-widget_type=\"text-editor.default\">\n\t\t\t\t<div class=\"elementor-widget-container\">\n\t\t\t\t\t\t\t\t\t<p>Possibilit\u00e9 de r\u00e9servation en ligne avec le code indiqu\u00e9 sur le bon cadeau ou sur place sous r\u00e9serve de disponibilit\u00e9 le jour de votre venue<\/p>\t\t\t\t\t\t\t\t<\/div>\n\t\t\t\t<\/div>\n\t\t\t\t\t<\/div>\n\t\t<\/div>\n\t\t\t\t<div class=\"elementor-column elementor-col-50 elementor-top-column elementor-element elementor-element-4543682\" data-id=\"4543682\" data-element_type=\"column\" data-e-type=\"column\">\n\t\t\t<div class=\"elementor-widget-wrap elementor-element-populated\">\n\t\t\t\t\t\t<div class=\"elementor-element elementor-element-a6578bf elementor-widget elementor-widget-image\" data-id=\"a6578bf\" data-element_type=\"widget\" data-e-type=\"widget\" data-widget_type=\"image.default\">\n\t\t\t\t<div class=\"elementor-widget-container\">\n\t\t\t\t\t\t\t\t\t\t\t\t\t\t\t<img fetchpriority=\"high\" decoding=\"async\" width=\"950\" height=\"634\" src=\"https:\/\/prisonisland-metz.com\/wp-content\/uploads\/2026\/02\/Bon-cadeau-Prison-Island-1-1024x683.png\" class=\"attachment-large size-large wp-image-2859\" alt=\"Bon cadeau Prison Island\" srcset=\"https:\/\/prisonisland-metz.com\/wp-content\/uploads\/2026\/02\/Bon-cadeau-Prison-Island-1-1024x683.png 1024w, https:\/\/prisonisland-metz.com\/wp-content\/uploads\/2026\/02\/Bon-cadeau-Prison-Island-1-300x200.png 300w, https:\/\/prisonisland-metz.com\/wp-content\/uploads\/2026\/02\/Bon-cadeau-Prison-Island-1-600x400.png 600w, https:\/\/prisonisland-metz.com\/wp-content\/uploads\/2026\/02\/Bon-cadeau-Prison-Island-1-1200x800.png 1200w, https:\/\/prisonisland-metz.com\/wp-content\/uploads\/2026\/02\/Bon-cadeau-Prison-Island-1.png 1536w\" sizes=\"100vw\" \/>\t\t\t\t\t\t\t\t\t\t\t\t\t\t\t<\/div>\n\t\t\t\t<\/div>\n\t\t\t\t\t<\/div>\n\t\t<\/div>\n\t\t\t\t\t<\/div>\n\t\t<\/section>\n\t\t\t\t<\/div>\n\t\t","protected":false},"excerpt":{"rendered":"<p>Offrir un bon cadeau Pr\u00eat \u00e0 offrir une exp\u00e9rience hors du commun ? Avec les bons cadeaux Prison Island Metz, transformez un simple cadeau en v\u00e9ritable aventure. Entre d\u00e9fis physiques, \u00e9nigmes et strat\u00e9gie, vos proches devront coop\u00e9rer pour relever les challenges et marquer un maximum de points. Une exp\u00e9rience originale, fun et accessible \u00e0 tous\u2026 &hellip; <\/p>\n<p class=\"link-more\"><a href=\"https:\/\/prisonisland-metz.com\/index.php\/bon-cadeau\/\" class=\"more-link\">Lire la suite de<span class=\"screen-reader-text\">\u00ab\u00a0Bon cadeau\u00a0\u00bb<\/span><\/a><\/p>\n","protected":false},"author":5,"featured_media":0,"parent":0,"menu_order":0,"comment_status":"closed","ping_status":"closed","template":"elementor_header_footer","meta":{"inspiro_hide_title":false,"footnotes":""},"class_list":["post-2857","page","type-page","status-publish","hentry"],"yoast_head":"<!-- This site is optimized with the Yoast SEO plugin v27.3 - https:\/\/yoast.com\/product\/yoast-seo-wordpress\/ -->\n<title>Bon cadeau - Prison Island Metz<\/title>\n<meta name=\"description\" content=\"Offrez un bon cadeau Prison Island Metz et faites vivre une exp\u00e9rience immersive unique. Action game indoor, d\u00e9fis en \u00e9quipe...\" \/>\n<meta name=\"robots\" content=\"index, follow, max-snippet:-1, max-image-preview:large, max-video-preview:-1\" \/>\n<link rel=\"canonical\" href=\"https:\/\/prisonisland-metz.com\/index.php\/bon-cadeau\/\" \/>\n<meta property=\"og:locale\" content=\"fr_FR\" \/>\n<meta property=\"og:type\" content=\"article\" \/>\n<meta property=\"og:title\" content=\"Bon cadeau - Prison Island Metz\" \/>\n<meta property=\"og:description\" content=\"Offrez un bon cadeau Prison Island Metz et faites vivre une exp\u00e9rience immersive unique. Action game indoor, d\u00e9fis en \u00e9quipe...\" \/>\n<meta property=\"og:url\" content=\"https:\/\/prisonisland-metz.com\/index.php\/bon-cadeau\/\" \/>\n<meta property=\"og:site_name\" content=\"Prison Island Metz\" \/>\n<meta property=\"article:modified_time\" content=\"2026-02-23T17:35:46+00:00\" \/>\n<meta property=\"og:image\" content=\"https:\/\/prisonisland-metz.com\/wp-content\/uploads\/2026\/02\/Bon-cadeau-Prison-Island-1.png\" \/>\n\t<meta property=\"og:image:width\" content=\"1536\" \/>\n\t<meta property=\"og:image:height\" content=\"1024\" \/>\n\t<meta property=\"og:image:type\" content=\"image\/png\" \/>\n<meta name=\"twitter:card\" content=\"summary_large_image\" \/>\n<meta name=\"twitter:label1\" content=\"Dur\u00e9e de lecture estim\u00e9e\" \/>\n\t<meta name=\"twitter:data1\" content=\"1 minute\" \/>\n<script type=\"application\/ld+json\" class=\"yoast-schema-graph\">{\"@context\":\"https:\\\/\\\/schema.org\",\"@graph\":[{\"@type\":\"WebPage\",\"@id\":\"https:\\\/\\\/prisonisland-metz.com\\\/index.php\\\/bon-cadeau\\\/\",\"url\":\"https:\\\/\\\/prisonisland-metz.com\\\/index.php\\\/bon-cadeau\\\/\",\"name\":\"Bon cadeau - Prison Island Metz\",\"isPartOf\":{\"@id\":\"https:\\\/\\\/prisonisland-metz.com\\\/#website\"},\"primaryImageOfPage\":{\"@id\":\"https:\\\/\\\/prisonisland-metz.com\\\/index.php\\\/bon-cadeau\\\/#primaryimage\"},\"image\":{\"@id\":\"https:\\\/\\\/prisonisland-metz.com\\\/index.php\\\/bon-cadeau\\\/#primaryimage\"},\"thumbnailUrl\":\"https:\\\/\\\/prisonisland-metz.com\\\/wp-content\\\/uploads\\\/2026\\\/02\\\/Bon-cadeau-Prison-Island-1-1024x683.png\",\"datePublished\":\"2026-02-23T17:21:33+00:00\",\"dateModified\":\"2026-02-23T17:35:46+00:00\",\"description\":\"Offrez un bon cadeau Prison Island Metz et faites vivre une exp\u00e9rience immersive unique. Action game indoor, d\u00e9fis en \u00e9quipe...\",\"breadcrumb\":{\"@id\":\"https:\\\/\\\/prisonisland-metz.com\\\/index.php\\\/bon-cadeau\\\/#breadcrumb\"},\"inLanguage\":\"fr-FR\",\"potentialAction\":[{\"@type\":\"ReadAction\",\"target\":[\"https:\\\/\\\/prisonisland-metz.com\\\/index.php\\\/bon-cadeau\\\/\"]}]},{\"@type\":\"ImageObject\",\"inLanguage\":\"fr-FR\",\"@id\":\"https:\\\/\\\/prisonisland-metz.com\\\/index.php\\\/bon-cadeau\\\/#primaryimage\",\"url\":\"https:\\\/\\\/prisonisland-metz.com\\\/wp-content\\\/uploads\\\/2026\\\/02\\\/Bon-cadeau-Prison-Island-1.png\",\"contentUrl\":\"https:\\\/\\\/prisonisland-metz.com\\\/wp-content\\\/uploads\\\/2026\\\/02\\\/Bon-cadeau-Prison-Island-1.png\",\"width\":1536,\"height\":1024,\"caption\":\"Bon cadeau Prison Island\"},{\"@type\":\"BreadcrumbList\",\"@id\":\"https:\\\/\\\/prisonisland-metz.com\\\/index.php\\\/bon-cadeau\\\/#breadcrumb\",\"itemListElement\":[{\"@type\":\"ListItem\",\"position\":1,\"name\":\"Accueil\",\"item\":\"https:\\\/\\\/prisonisland-metz.com\\\/\"},{\"@type\":\"ListItem\",\"position\":2,\"name\":\"Bon cadeau\"}]},{\"@type\":\"WebSite\",\"@id\":\"https:\\\/\\\/prisonisland-metz.com\\\/#website\",\"url\":\"https:\\\/\\\/prisonisland-metz.com\\\/\",\"name\":\"Prison Island Metz\",\"description\":\"&quot;Beat the bars !&quot;\",\"publisher\":{\"@id\":\"https:\\\/\\\/prisonisland-metz.com\\\/#organization\"},\"potentialAction\":[{\"@type\":\"SearchAction\",\"target\":{\"@type\":\"EntryPoint\",\"urlTemplate\":\"https:\\\/\\\/prisonisland-metz.com\\\/?s={search_term_string}\"},\"query-input\":{\"@type\":\"PropertyValueSpecification\",\"valueRequired\":true,\"valueName\":\"search_term_string\"}}],\"inLanguage\":\"fr-FR\"},{\"@type\":\"Organization\",\"@id\":\"https:\\\/\\\/prisonisland-metz.com\\\/#organization\",\"name\":\"Prison Island Metz\",\"url\":\"https:\\\/\\\/prisonisland-metz.com\\\/\",\"logo\":{\"@type\":\"ImageObject\",\"inLanguage\":\"fr-FR\",\"@id\":\"https:\\\/\\\/prisonisland-metz.com\\\/#\\\/schema\\\/logo\\\/image\\\/\",\"url\":\"https:\\\/\\\/prisonisland-metz.com\\\/wp-content\\\/uploads\\\/2023\\\/02\\\/cropped-cropped-logo-site.png\",\"contentUrl\":\"https:\\\/\\\/prisonisland-metz.com\\\/wp-content\\\/uploads\\\/2023\\\/02\\\/cropped-cropped-logo-site.png\",\"width\":166,\"height\":92,\"caption\":\"Prison Island Metz\"},\"image\":{\"@id\":\"https:\\\/\\\/prisonisland-metz.com\\\/#\\\/schema\\\/logo\\\/image\\\/\"}}]}<\/script>\n<!-- \/ Yoast SEO plugin. -->","yoast_head_json":{"title":"Bon cadeau - Prison Island Metz","description":"Offrez un bon cadeau Prison Island Metz et faites vivre une exp\u00e9rience immersive unique. Action game indoor, d\u00e9fis en \u00e9quipe...","robots":{"index":"index","follow":"follow","max-snippet":"max-snippet:-1","max-image-preview":"max-image-preview:large","max-video-preview":"max-video-preview:-1"},"canonical":"https:\/\/prisonisland-metz.com\/index.php\/bon-cadeau\/","og_locale":"fr_FR","og_type":"article","og_title":"Bon cadeau - Prison Island Metz","og_description":"Offrez un bon cadeau Prison Island Metz et faites vivre une exp\u00e9rience immersive unique. Action game indoor, d\u00e9fis en \u00e9quipe...","og_url":"https:\/\/prisonisland-metz.com\/index.php\/bon-cadeau\/","og_site_name":"Prison Island Metz","article_modified_time":"2026-02-23T17:35:46+00:00","og_image":[{"width":1536,"height":1024,"url":"https:\/\/prisonisland-metz.com\/wp-content\/uploads\/2026\/02\/Bon-cadeau-Prison-Island-1.png","type":"image\/png"}],"twitter_card":"summary_large_image","twitter_misc":{"Dur\u00e9e de lecture estim\u00e9e":"1 minute"},"schema":{"@context":"https:\/\/schema.org","@graph":[{"@type":"WebPage","@id":"https:\/\/prisonisland-metz.com\/index.php\/bon-cadeau\/","url":"https:\/\/prisonisland-metz.com\/index.php\/bon-cadeau\/","name":"Bon cadeau - Prison Island Metz","isPartOf":{"@id":"https:\/\/prisonisland-metz.com\/#website"},"primaryImageOfPage":{"@id":"https:\/\/prisonisland-metz.com\/index.php\/bon-cadeau\/#primaryimage"},"image":{"@id":"https:\/\/prisonisland-metz.com\/index.php\/bon-cadeau\/#primaryimage"},"thumbnailUrl":"https:\/\/prisonisland-metz.com\/wp-content\/uploads\/2026\/02\/Bon-cadeau-Prison-Island-1-1024x683.png","datePublished":"2026-02-23T17:21:33+00:00","dateModified":"2026-02-23T17:35:46+00:00","description":"Offrez un bon cadeau Prison Island Metz et faites vivre une exp\u00e9rience immersive unique. Action game indoor, d\u00e9fis en \u00e9quipe...","breadcrumb":{"@id":"https:\/\/prisonisland-metz.com\/index.php\/bon-cadeau\/#breadcrumb"},"inLanguage":"fr-FR","potentialAction":[{"@type":"ReadAction","target":["https:\/\/prisonisland-metz.com\/index.php\/bon-cadeau\/"]}]},{"@type":"ImageObject","inLanguage":"fr-FR","@id":"https:\/\/prisonisland-metz.com\/index.php\/bon-cadeau\/#primaryimage","url":"https:\/\/prisonisland-metz.com\/wp-content\/uploads\/2026\/02\/Bon-cadeau-Prison-Island-1.png","contentUrl":"https:\/\/prisonisland-metz.com\/wp-content\/uploads\/2026\/02\/Bon-cadeau-Prison-Island-1.png","width":1536,"height":1024,"caption":"Bon cadeau Prison Island"},{"@type":"BreadcrumbList","@id":"https:\/\/prisonisland-metz.com\/index.php\/bon-cadeau\/#breadcrumb","itemListElement":[{"@type":"ListItem","position":1,"name":"Accueil","item":"https:\/\/prisonisland-metz.com\/"},{"@type":"ListItem","position":2,"name":"Bon cadeau"}]},{"@type":"WebSite","@id":"https:\/\/prisonisland-metz.com\/#website","url":"https:\/\/prisonisland-metz.com\/","name":"Prison Island Metz","description":"&quot;Beat the bars !&quot;","publisher":{"@id":"https:\/\/prisonisland-metz.com\/#organization"},"potentialAction":[{"@type":"SearchAction","target":{"@type":"EntryPoint","urlTemplate":"https:\/\/prisonisland-metz.com\/?s={search_term_string}"},"query-input":{"@type":"PropertyValueSpecification","valueRequired":true,"valueName":"search_term_string"}}],"inLanguage":"fr-FR"},{"@type":"Organization","@id":"https:\/\/prisonisland-metz.com\/#organization","name":"Prison Island Metz","url":"https:\/\/prisonisland-metz.com\/","logo":{"@type":"ImageObject","inLanguage":"fr-FR","@id":"https:\/\/prisonisland-metz.com\/#\/schema\/logo\/image\/","url":"https:\/\/prisonisland-metz.com\/wp-content\/uploads\/2023\/02\/cropped-cropped-logo-site.png","contentUrl":"https:\/\/prisonisland-metz.com\/wp-content\/uploads\/2023\/02\/cropped-cropped-logo-site.png","width":166,"height":92,"caption":"Prison Island Metz"},"image":{"@id":"https:\/\/prisonisland-metz.com\/#\/schema\/logo\/image\/"}}]}},"featured_media_urls":[],"_links":{"self":[{"href":"https:\/\/prisonisland-metz.com\/index.php\/wp-json\/wp\/v2\/pages\/2857","targetHints":{"allow":["GET"]}}],"collection":[{"href":"https:\/\/prisonisland-metz.com\/index.php\/wp-json\/wp\/v2\/pages"}],"about":[{"href":"https:\/\/prisonisland-metz.com\/index.php\/wp-json\/wp\/v2\/types\/page"}],"author":[{"embeddable":true,"href":"https:\/\/prisonisland-metz.com\/index.php\/wp-json\/wp\/v2\/users\/5"}],"replies":[{"embeddable":true,"href":"https:\/\/prisonisland-metz.com\/index.php\/wp-json\/wp\/v2\/comments?post=2857"}],"version-history":[{"count":0,"href":"https:\/\/prisonisland-metz.com\/index.php\/wp-json\/wp\/v2\/pages\/2857\/revisions"}],"wp:attachment":[{"href":"https:\/\/prisonisland-metz.com\/index.php\/wp-json\/wp\/v2\/media?parent=2857"}],"curies":[{"name":"wp","href":"https:\/\/api.w.org\/{rel}","templated":true}]}}