{"id":617,"date":"2023-02-07T14:47:36","date_gmt":"2023-02-07T13:47:36","guid":{"rendered":"http:\/\/prisonisland-metz.com\/?page_id=617"},"modified":"2026-02-03T15:10:26","modified_gmt":"2026-02-03T14:10:26","slug":"evenement-adulte","status":"publish","type":"page","link":"https:\/\/prisonisland-metz.com\/index.php\/evenement-adulte\/","title":{"rendered":"\u00c9v\u00e8nement Adulte"},"content":{"rendered":"\t\t<div data-elementor-type=\"wp-page\" data-elementor-id=\"617\" class=\"elementor elementor-617\">\n\t\t\t\t\t\t<section class=\"elementor-section elementor-top-section elementor-element elementor-element-440d1d1 elementor-section-boxed elementor-section-height-default elementor-section-height-default\" data-id=\"440d1d1\" data-element_type=\"section\" data-e-type=\"section\" data-settings=\"{&quot;background_background&quot;:&quot;classic&quot;}\">\n\t\t\t\t\t\t<div class=\"elementor-container elementor-column-gap-default\">\n\t\t\t\t\t<div class=\"elementor-column elementor-col-100 elementor-top-column elementor-element elementor-element-4096554\" data-id=\"4096554\" data-element_type=\"column\" data-e-type=\"column\">\n\t\t\t<div class=\"elementor-widget-wrap elementor-element-populated\">\n\t\t\t\t\t\t<div class=\"elementor-element elementor-element-f4a6334 elementor-widget elementor-widget-spacer\" data-id=\"f4a6334\" data-element_type=\"widget\" data-e-type=\"widget\" data-widget_type=\"spacer.default\">\n\t\t\t\t<div class=\"elementor-widget-container\">\n\t\t\t\t\t\t\t<div class=\"elementor-spacer\">\n\t\t\t<div class=\"elementor-spacer-inner\"><\/div>\n\t\t<\/div>\n\t\t\t\t\t\t<\/div>\n\t\t\t\t<\/div>\n\t\t\t\t<div class=\"elementor-element elementor-element-0a2765f elementor-widget elementor-widget-heading\" data-id=\"0a2765f\" data-element_type=\"widget\" data-e-type=\"widget\" data-widget_type=\"heading.default\">\n\t\t\t\t<div class=\"elementor-widget-container\">\n\t\t\t\t\t<h1 class=\"elementor-heading-title elementor-size-default\">Pack \u00e9v\u00e8nement Adulte \/ EVJF \/ EVG\n<\/h1>\t\t\t\t<\/div>\n\t\t\t\t<\/div>\n\t\t\t\t<section class=\"elementor-section elementor-inner-section elementor-element elementor-element-7c76f42 elementor-section-boxed elementor-section-height-default elementor-section-height-default\" data-id=\"7c76f42\" data-element_type=\"section\" data-e-type=\"section\">\n\t\t\t\t\t\t<div class=\"elementor-container elementor-column-gap-default\">\n\t\t\t\t\t<div class=\"elementor-column elementor-col-50 elementor-inner-column elementor-element elementor-element-c6bd992\" data-id=\"c6bd992\" data-element_type=\"column\" data-e-type=\"column\">\n\t\t\t<div class=\"elementor-widget-wrap elementor-element-populated\">\n\t\t\t\t\t\t<div class=\"elementor-element elementor-element-6ed801b elementor-widget elementor-widget-image\" data-id=\"6ed801b\" data-element_type=\"widget\" data-e-type=\"widget\" data-widget_type=\"image.default\">\n\t\t\t\t<div class=\"elementor-widget-container\">\n\t\t\t\t\t\t\t\t\t\t\t\t\t\t\t<img fetchpriority=\"high\" decoding=\"async\" width=\"736\" height=\"734\" src=\"https:\/\/prisonisland-metz.com\/wp-content\/uploads\/2025\/01\/Capture-decran-2025-01-13-a-12.14.00.webp\" class=\"attachment-large size-large wp-image-1761\" alt=\"ADULTES\" srcset=\"https:\/\/prisonisland-metz.com\/wp-content\/uploads\/2025\/01\/Capture-decran-2025-01-13-a-12.14.00.webp 736w, https:\/\/prisonisland-metz.com\/wp-content\/uploads\/2025\/01\/Capture-decran-2025-01-13-a-12.14.00-300x300.webp 300w, https:\/\/prisonisland-metz.com\/wp-content\/uploads\/2025\/01\/Capture-decran-2025-01-13-a-12.14.00-150x150.webp 150w, https:\/\/prisonisland-metz.com\/wp-content\/uploads\/2025\/01\/Capture-decran-2025-01-13-a-12.14.00-600x598.webp 600w\" sizes=\"100vw\" \/>\t\t\t\t\t\t\t\t\t\t\t\t\t\t\t<\/div>\n\t\t\t\t<\/div>\n\t\t\t\t\t<\/div>\n\t\t<\/div>\n\t\t\t\t<div class=\"elementor-column elementor-col-50 elementor-inner-column elementor-element elementor-element-026a8d9\" data-id=\"026a8d9\" data-element_type=\"column\" data-e-type=\"column\">\n\t\t\t<div class=\"elementor-widget-wrap elementor-element-populated\">\n\t\t\t\t\t\t<div class=\"elementor-element elementor-element-c4e87f5 elementor-widget elementor-widget-text-editor\" data-id=\"c4e87f5\" data-element_type=\"widget\" data-e-type=\"widget\" data-widget_type=\"text-editor.default\">\n\t\t\t\t<div class=\"elementor-widget-container\">\n\t\t\t\t\t\t\t\t\t<p><strong>Viens passer un super moment avec tes amis chez Prison Island !<\/strong><\/p>\n<div class=\"long-description\">\n<p><strong>Anniversaire, EVG, EVJF, sortie entre amis&#8230;<\/strong><\/p>\n<p>Dur\u00e9e : environ 2h<br>Arriv\u00e9e 15 minutes avant le d\u00e9but de l&rsquo;activit\u00e9<br>6 personnes minimum<br>Tenue d\u00e9contract\u00e9e conseill\u00e9e<\/p>\n<p><strong>Ce pack contient :&nbsp;<\/strong><\/p>\n<ul>\n<li>\n<p>1h de jeu Prison Island (\u00e9quipe de 3 ou 4)<\/p>\n<\/li>\n<li>\n<p>Table privatis\u00e9e<\/p>\n<\/li>\n<li>\n<p>2 softs (33cl) ou 2 bi\u00e8res (25cl) \/ personne<\/p><\/li>\n<li>\n<p>1 cadeau + 1 cocktail pour le prisonnier du jour<\/p><\/li>\n<\/ul>\n<p><strong><u>Conseill\u00e9<\/u>&nbsp;: 3 personnes<\/strong><strong> par \u00e9quipes.<\/strong><\/p>\n<p><strong>R\u00e9servation \u00e0 partir de 6 personnes minimum.<\/strong><\/p>\n<\/div>\t\t\t\t\t\t\t\t<\/div>\n\t\t\t\t<\/div>\n\t\t\t\t<div class=\"elementor-element elementor-element-59e67c2 elementor-align-left elementor-mobile-align-left elementor-widget elementor-widget-button\" data-id=\"59e67c2\" data-element_type=\"widget\" data-e-type=\"widget\" data-widget_type=\"button.default\">\n\t\t\t\t<div class=\"elementor-widget-container\">\n\t\t\t\t\t\t\t\t\t<div class=\"elementor-button-wrapper\">\n\t\t\t\t\t<a class=\"elementor-button elementor-button-link elementor-size-sm\" href=\"https:\/\/prisonisland-metz57.qweekle.com\/shop\/prisonisland-metz57\/nos-formules-adultes?lang=fr\" target=\"_blank\">\n\t\t\t\t\t\t<span class=\"elementor-button-content-wrapper\">\n\t\t\t\t\t\t\t\t\t<span class=\"elementor-button-text\">R\u00e9server cette formule<\/span>\n\t\t\t\t\t<\/span>\n\t\t\t\t\t<\/a>\n\t\t\t\t<\/div>\n\t\t\t\t\t\t\t\t<\/div>\n\t\t\t\t<\/div>\n\t\t\t\t\t<\/div>\n\t\t<\/div>\n\t\t\t\t\t<\/div>\n\t\t<\/section>\n\t\t\t\t\t<\/div>\n\t\t<\/div>\n\t\t\t\t\t<\/div>\n\t\t<\/section>\n\t\t\t\t<section class=\"elementor-section elementor-top-section elementor-element elementor-element-5071126 elementor-section-full_width elementor-section-height-default elementor-section-height-default\" data-id=\"5071126\" data-element_type=\"section\" data-e-type=\"section\" data-settings=\"{&quot;background_background&quot;:&quot;slideshow&quot;,&quot;background_slideshow_gallery&quot;:[{&quot;id&quot;:2513,&quot;url&quot;:&quot;https:\\\/\\\/prisonisland-metz.com\\\/wp-content\\\/uploads\\\/2026\\\/01\\\/BALI-1.jpg&quot;},{&quot;id&quot;:2515,&quot;url&quot;:&quot;https:\\\/\\\/prisonisland-metz.com\\\/wp-content\\\/uploads\\\/2026\\\/01\\\/92-Photo-1-scaled-1.jpg&quot;}],&quot;background_slideshow_loop&quot;:&quot;yes&quot;,&quot;background_slideshow_slide_duration&quot;:5000,&quot;background_slideshow_slide_transition&quot;:&quot;fade&quot;,&quot;background_slideshow_transition_duration&quot;:500}\">\n\t\t\t\t\t\t\t<div class=\"elementor-background-overlay\"><\/div>\n\t\t\t\t\t\t\t<div class=\"elementor-container elementor-column-gap-default\">\n\t\t\t\t\t<div class=\"elementor-column elementor-col-100 elementor-top-column elementor-element elementor-element-e9d34db\" data-id=\"e9d34db\" data-element_type=\"column\" data-e-type=\"column\">\n\t\t\t<div class=\"elementor-widget-wrap elementor-element-populated\">\n\t\t\t\t\t\t<div class=\"elementor-element elementor-element-d3d47c5 elementor-widget elementor-widget-heading\" data-id=\"d3d47c5\" data-element_type=\"widget\" data-e-type=\"widget\" data-widget_type=\"heading.default\">\n\t\t\t\t<div class=\"elementor-widget-container\">\n\t\t\t\t\t<h2 class=\"elementor-heading-title elementor-size-xl\">Quiz musical &amp; Karaok\u00e9<\/h2>\t\t\t\t<\/div>\n\t\t\t\t<\/div>\n\t\t\t\t<section class=\"elementor-section elementor-inner-section elementor-element elementor-element-859802b elementor-section-boxed elementor-section-height-default elementor-section-height-default\" data-id=\"859802b\" data-element_type=\"section\" data-e-type=\"section\">\n\t\t\t\t\t\t<div class=\"elementor-container elementor-column-gap-default\">\n\t\t\t\t\t<div class=\"elementor-column elementor-col-50 elementor-inner-column elementor-element elementor-element-8892a74\" data-id=\"8892a74\" data-element_type=\"column\" data-e-type=\"column\">\n\t\t\t<div class=\"elementor-widget-wrap elementor-element-populated\">\n\t\t\t\t\t\t<div class=\"elementor-element elementor-element-a45ef2d elementor-align-right elementor-mobile-align-center elementor-widget elementor-widget-button\" data-id=\"a45ef2d\" data-element_type=\"widget\" data-e-type=\"widget\" data-widget_type=\"button.default\">\n\t\t\t\t<div class=\"elementor-widget-container\">\n\t\t\t\t\t\t\t\t\t<div class=\"elementor-button-wrapper\">\n\t\t\t\t\t<a class=\"elementor-button elementor-button-link elementor-size-sm\" href=\"https:\/\/groove-island.fr\/\" target=\"_blank\">\n\t\t\t\t\t\t<span class=\"elementor-button-content-wrapper\">\n\t\t\t\t\t\t\t\t\t<span class=\"elementor-button-text\">D\u00e9couvrir<\/span>\n\t\t\t\t\t<\/span>\n\t\t\t\t\t<\/a>\n\t\t\t\t<\/div>\n\t\t\t\t\t\t\t\t<\/div>\n\t\t\t\t<\/div>\n\t\t\t\t\t<\/div>\n\t\t<\/div>\n\t\t\t\t<div class=\"elementor-column elementor-col-50 elementor-inner-column elementor-element elementor-element-2f1b35c\" data-id=\"2f1b35c\" data-element_type=\"column\" data-e-type=\"column\">\n\t\t\t<div class=\"elementor-widget-wrap elementor-element-populated\">\n\t\t\t\t\t\t<div class=\"elementor-element elementor-element-419d92a elementor-align-left elementor-mobile-align-center elementor-widget elementor-widget-button\" data-id=\"419d92a\" data-element_type=\"widget\" data-e-type=\"widget\" data-widget_type=\"button.default\">\n\t\t\t\t<div class=\"elementor-widget-container\">\n\t\t\t\t\t\t\t\t\t<div class=\"elementor-button-wrapper\">\n\t\t\t\t\t<a class=\"elementor-button elementor-button-link elementor-size-sm\" href=\"https:\/\/prisonisland-metz57.qweekle.com\/shop\/prisonisland-metz57\/booking?lang=fr\" target=\"_blank\">\n\t\t\t\t\t\t<span class=\"elementor-button-content-wrapper\">\n\t\t\t\t\t\t\t\t\t<span class=\"elementor-button-text\">R\u00e9server une activit\u00e9<\/span>\n\t\t\t\t\t<\/span>\n\t\t\t\t\t<\/a>\n\t\t\t\t<\/div>\n\t\t\t\t\t\t\t\t<\/div>\n\t\t\t\t<\/div>\n\t\t\t\t\t<\/div>\n\t\t<\/div>\n\t\t\t\t\t<\/div>\n\t\t<\/section>\n\t\t\t\t\t<\/div>\n\t\t<\/div>\n\t\t\t\t\t<\/div>\n\t\t<\/section>\n\t\t\t\t<section class=\"elementor-section elementor-top-section elementor-element elementor-element-44dc1ff elementor-section-boxed elementor-section-height-default elementor-section-height-default\" data-id=\"44dc1ff\" data-element_type=\"section\" data-e-type=\"section\" data-settings=\"{&quot;background_background&quot;:&quot;classic&quot;}\">\n\t\t\t\t\t\t<div class=\"elementor-container elementor-column-gap-default\">\n\t\t\t\t\t<div class=\"elementor-column elementor-col-100 elementor-top-column elementor-element elementor-element-4c026f3\" data-id=\"4c026f3\" data-element_type=\"column\" data-e-type=\"column\">\n\t\t\t<div class=\"elementor-widget-wrap elementor-element-populated\">\n\t\t\t\t\t\t<div class=\"elementor-element elementor-element-0105dee elementor-widget elementor-widget-image\" data-id=\"0105dee\" data-element_type=\"widget\" data-e-type=\"widget\" data-widget_type=\"image.default\">\n\t\t\t\t<div class=\"elementor-widget-container\">\n\t\t\t\t\t\t\t\t\t\t\t\t\t\t\t<img decoding=\"async\" width=\"166\" height=\"92\" src=\"https:\/\/prisonisland-metz.com\/wp-content\/uploads\/2023\/02\/cropped-logo-site.png\" class=\"attachment-large size-large wp-image-574\" alt=\"\" sizes=\"100vw\" \/>\t\t\t\t\t\t\t\t\t\t\t\t\t\t\t<\/div>\n\t\t\t\t<\/div>\n\t\t\t\t<div class=\"elementor-element elementor-element-181c5ba elementor-invisible elementor-widget elementor-widget-heading\" data-id=\"181c5ba\" data-element_type=\"widget\" data-e-type=\"widget\" data-settings=\"{&quot;_animation&quot;:&quot;bounceIn&quot;}\" data-widget_type=\"heading.default\">\n\t\t\t\t<div class=\"elementor-widget-container\">\n\t\t\t\t\t<h2 class=\"elementor-heading-title elementor-size-xl\">Contactez-nous<\/h2>\t\t\t\t<\/div>\n\t\t\t\t<\/div>\n\t\t\t\t<div class=\"elementor-element elementor-element-b3bef1b elementor-widget elementor-widget-text-editor\" data-id=\"b3bef1b\" data-element_type=\"widget\" data-e-type=\"widget\" data-widget_type=\"text-editor.default\">\n\t\t\t\t<div class=\"elementor-widget-container\">\n\t\t\t\t\t\t\t\t\t<p><strong>Par email : <\/strong>contact@prisonisland-metz.com<\/p><p><strong>Par t\u00e9l\u00e9phone : <\/strong>03.87.22.13.56<\/p>\t\t\t\t\t\t\t\t<\/div>\n\t\t\t\t<\/div>\n\t\t\t\t<div class=\"elementor-element elementor-element-5f686e0 elementor-align-center elementor-widget elementor-widget-button\" data-id=\"5f686e0\" data-element_type=\"widget\" data-e-type=\"widget\" data-widget_type=\"button.default\">\n\t\t\t\t<div class=\"elementor-widget-container\">\n\t\t\t\t\t\t\t\t\t<div class=\"elementor-button-wrapper\">\n\t\t\t\t\t<a class=\"elementor-button elementor-button-link elementor-size-sm\" href=\"https:\/\/prisonisland-metz57.qweekle.com\/shop\/prisonisland-metz57\/multi\/prison-island?lang=fr\" target=\"_blank\">\n\t\t\t\t\t\t<span class=\"elementor-button-content-wrapper\">\n\t\t\t\t\t\t\t\t\t<span class=\"elementor-button-text\">R\u00e9server<\/span>\n\t\t\t\t\t<\/span>\n\t\t\t\t\t<\/a>\n\t\t\t\t<\/div>\n\t\t\t\t\t\t\t\t<\/div>\n\t\t\t\t<\/div>\n\t\t\t\t\t<\/div>\n\t\t<\/div>\n\t\t\t\t\t<\/div>\n\t\t<\/section>\n\t\t\t\t<\/div>\n\t\t","protected":false},"excerpt":{"rendered":"<p>Pack \u00e9v\u00e8nement Adulte \/ EVJF \/ EVG Viens passer un super moment avec tes amis chez Prison Island ! Anniversaire, EVG, EVJF, sortie entre amis&#8230; Dur\u00e9e : environ 2hArriv\u00e9e 15 minutes avant le d\u00e9but de l&rsquo;activit\u00e96 personnes minimumTenue d\u00e9contract\u00e9e conseill\u00e9e Ce pack contient :&nbsp; 1h de jeu Prison Island (\u00e9quipe de 3 ou 4) Table &hellip; <\/p>\n<p class=\"link-more\"><a href=\"https:\/\/prisonisland-metz.com\/index.php\/evenement-adulte\/\" class=\"more-link\">Lire la suite de<span class=\"screen-reader-text\">\u00ab\u00a0\u00c9v\u00e8nement Adulte\u00a0\u00bb<\/span><\/a><\/p>\n","protected":false},"author":1,"featured_media":0,"parent":0,"menu_order":0,"comment_status":"closed","ping_status":"closed","template":"elementor_header_footer","meta":{"inspiro_hide_title":false,"footnotes":""},"class_list":["post-617","page","type-page","status-publish","hentry"],"yoast_head":"<!-- This site is optimized with the Yoast SEO plugin v27.3 - https:\/\/yoast.com\/product\/yoast-seo-wordpress\/ -->\n<title>Activit\u00e9s pour EVG EVJF anniversaire \u00e0 Metz | Prison Island<\/title>\n<meta name=\"description\" content=\"Surprenez votre ami(e) avec un EVG, EVJF ou anniversaire inoubliable \u00e0 Prison Island Metz : d\u00e9fis, rires et ambiance fun garantis !\" \/>\n<meta name=\"robots\" content=\"index, follow, max-snippet:-1, max-image-preview:large, max-video-preview:-1\" \/>\n<link rel=\"canonical\" href=\"https:\/\/prisonisland-metz.com\/index.php\/evenement-adulte\/\" \/>\n<meta property=\"og:locale\" content=\"fr_FR\" \/>\n<meta property=\"og:type\" content=\"article\" \/>\n<meta property=\"og:title\" content=\"Activit\u00e9s pour EVG EVJF anniversaire \u00e0 Metz | Prison Island\" \/>\n<meta property=\"og:description\" content=\"Surprenez votre ami(e) avec un EVG, EVJF ou anniversaire inoubliable \u00e0 Prison Island Metz : d\u00e9fis, rires et ambiance fun garantis !\" \/>\n<meta property=\"og:url\" content=\"https:\/\/prisonisland-metz.com\/index.php\/evenement-adulte\/\" \/>\n<meta property=\"og:site_name\" content=\"Prison Island Metz\" \/>\n<meta property=\"article:modified_time\" content=\"2026-02-03T14:10:26+00:00\" \/>\n<meta property=\"og:image\" content=\"https:\/\/prisonisland-metz.com\/wp-content\/uploads\/2025\/01\/Capture-decran-2025-01-13-a-12.14.00.webp\" \/>\n\t<meta property=\"og:image:width\" content=\"736\" \/>\n\t<meta property=\"og:image:height\" content=\"734\" \/>\n\t<meta property=\"og:image:type\" content=\"image\/webp\" \/>\n<meta name=\"twitter:card\" content=\"summary_large_image\" \/>\n<meta name=\"twitter:label1\" content=\"Dur\u00e9e de lecture estim\u00e9e\" \/>\n\t<meta name=\"twitter:data1\" content=\"1 minute\" \/>\n<script type=\"application\/ld+json\" class=\"yoast-schema-graph\">{\"@context\":\"https:\\\/\\\/schema.org\",\"@graph\":[{\"@type\":\"WebPage\",\"@id\":\"https:\\\/\\\/prisonisland-metz.com\\\/index.php\\\/evenement-adulte\\\/\",\"url\":\"https:\\\/\\\/prisonisland-metz.com\\\/index.php\\\/evenement-adulte\\\/\",\"name\":\"Activit\u00e9s pour EVG EVJF anniversaire \u00e0 Metz | Prison Island\",\"isPartOf\":{\"@id\":\"https:\\\/\\\/prisonisland-metz.com\\\/#website\"},\"primaryImageOfPage\":{\"@id\":\"https:\\\/\\\/prisonisland-metz.com\\\/index.php\\\/evenement-adulte\\\/#primaryimage\"},\"image\":{\"@id\":\"https:\\\/\\\/prisonisland-metz.com\\\/index.php\\\/evenement-adulte\\\/#primaryimage\"},\"thumbnailUrl\":\"https:\\\/\\\/prisonisland-metz.com\\\/wp-content\\\/uploads\\\/2025\\\/01\\\/Capture-decran-2025-01-13-a-12.14.00.webp\",\"datePublished\":\"2023-02-07T13:47:36+00:00\",\"dateModified\":\"2026-02-03T14:10:26+00:00\",\"description\":\"Surprenez votre ami(e) avec un EVG, EVJF ou anniversaire inoubliable \u00e0 Prison Island Metz : d\u00e9fis, rires et ambiance fun garantis !\",\"breadcrumb\":{\"@id\":\"https:\\\/\\\/prisonisland-metz.com\\\/index.php\\\/evenement-adulte\\\/#breadcrumb\"},\"inLanguage\":\"fr-FR\",\"potentialAction\":[{\"@type\":\"ReadAction\",\"target\":[\"https:\\\/\\\/prisonisland-metz.com\\\/index.php\\\/evenement-adulte\\\/\"]}]},{\"@type\":\"ImageObject\",\"inLanguage\":\"fr-FR\",\"@id\":\"https:\\\/\\\/prisonisland-metz.com\\\/index.php\\\/evenement-adulte\\\/#primaryimage\",\"url\":\"https:\\\/\\\/prisonisland-metz.com\\\/wp-content\\\/uploads\\\/2025\\\/01\\\/Capture-decran-2025-01-13-a-12.14.00.webp\",\"contentUrl\":\"https:\\\/\\\/prisonisland-metz.com\\\/wp-content\\\/uploads\\\/2025\\\/01\\\/Capture-decran-2025-01-13-a-12.14.00.webp\",\"width\":736,\"height\":734,\"caption\":\"ADULTES\"},{\"@type\":\"BreadcrumbList\",\"@id\":\"https:\\\/\\\/prisonisland-metz.com\\\/index.php\\\/evenement-adulte\\\/#breadcrumb\",\"itemListElement\":[{\"@type\":\"ListItem\",\"position\":1,\"name\":\"Accueil\",\"item\":\"https:\\\/\\\/prisonisland-metz.com\\\/\"},{\"@type\":\"ListItem\",\"position\":2,\"name\":\"\u00c9v\u00e8nement Adulte\"}]},{\"@type\":\"WebSite\",\"@id\":\"https:\\\/\\\/prisonisland-metz.com\\\/#website\",\"url\":\"https:\\\/\\\/prisonisland-metz.com\\\/\",\"name\":\"Prison Island Metz\",\"description\":\"&quot;Beat the bars !&quot;\",\"publisher\":{\"@id\":\"https:\\\/\\\/prisonisland-metz.com\\\/#organization\"},\"potentialAction\":[{\"@type\":\"SearchAction\",\"target\":{\"@type\":\"EntryPoint\",\"urlTemplate\":\"https:\\\/\\\/prisonisland-metz.com\\\/?s={search_term_string}\"},\"query-input\":{\"@type\":\"PropertyValueSpecification\",\"valueRequired\":true,\"valueName\":\"search_term_string\"}}],\"inLanguage\":\"fr-FR\"},{\"@type\":\"Organization\",\"@id\":\"https:\\\/\\\/prisonisland-metz.com\\\/#organization\",\"name\":\"Prison Island Metz\",\"url\":\"https:\\\/\\\/prisonisland-metz.com\\\/\",\"logo\":{\"@type\":\"ImageObject\",\"inLanguage\":\"fr-FR\",\"@id\":\"https:\\\/\\\/prisonisland-metz.com\\\/#\\\/schema\\\/logo\\\/image\\\/\",\"url\":\"https:\\\/\\\/prisonisland-metz.com\\\/wp-content\\\/uploads\\\/2023\\\/02\\\/cropped-cropped-logo-site.png\",\"contentUrl\":\"https:\\\/\\\/prisonisland-metz.com\\\/wp-content\\\/uploads\\\/2023\\\/02\\\/cropped-cropped-logo-site.png\",\"width\":166,\"height\":92,\"caption\":\"Prison Island Metz\"},\"image\":{\"@id\":\"https:\\\/\\\/prisonisland-metz.com\\\/#\\\/schema\\\/logo\\\/image\\\/\"}}]}<\/script>\n<!-- \/ Yoast SEO plugin. -->","yoast_head_json":{"title":"Activit\u00e9s pour EVG EVJF anniversaire \u00e0 Metz | Prison Island","description":"Surprenez votre ami(e) avec un EVG, EVJF ou anniversaire inoubliable \u00e0 Prison Island Metz : d\u00e9fis, rires et ambiance fun garantis !","robots":{"index":"index","follow":"follow","max-snippet":"max-snippet:-1","max-image-preview":"max-image-preview:large","max-video-preview":"max-video-preview:-1"},"canonical":"https:\/\/prisonisland-metz.com\/index.php\/evenement-adulte\/","og_locale":"fr_FR","og_type":"article","og_title":"Activit\u00e9s pour EVG EVJF anniversaire \u00e0 Metz | Prison Island","og_description":"Surprenez votre ami(e) avec un EVG, EVJF ou anniversaire inoubliable \u00e0 Prison Island Metz : d\u00e9fis, rires et ambiance fun garantis !","og_url":"https:\/\/prisonisland-metz.com\/index.php\/evenement-adulte\/","og_site_name":"Prison Island Metz","article_modified_time":"2026-02-03T14:10:26+00:00","og_image":[{"width":736,"height":734,"url":"https:\/\/prisonisland-metz.com\/wp-content\/uploads\/2025\/01\/Capture-decran-2025-01-13-a-12.14.00.webp","type":"image\/webp"}],"twitter_card":"summary_large_image","twitter_misc":{"Dur\u00e9e de lecture estim\u00e9e":"1 minute"},"schema":{"@context":"https:\/\/schema.org","@graph":[{"@type":"WebPage","@id":"https:\/\/prisonisland-metz.com\/index.php\/evenement-adulte\/","url":"https:\/\/prisonisland-metz.com\/index.php\/evenement-adulte\/","name":"Activit\u00e9s pour EVG EVJF anniversaire \u00e0 Metz | Prison Island","isPartOf":{"@id":"https:\/\/prisonisland-metz.com\/#website"},"primaryImageOfPage":{"@id":"https:\/\/prisonisland-metz.com\/index.php\/evenement-adulte\/#primaryimage"},"image":{"@id":"https:\/\/prisonisland-metz.com\/index.php\/evenement-adulte\/#primaryimage"},"thumbnailUrl":"https:\/\/prisonisland-metz.com\/wp-content\/uploads\/2025\/01\/Capture-decran-2025-01-13-a-12.14.00.webp","datePublished":"2023-02-07T13:47:36+00:00","dateModified":"2026-02-03T14:10:26+00:00","description":"Surprenez votre ami(e) avec un EVG, EVJF ou anniversaire inoubliable \u00e0 Prison Island Metz : d\u00e9fis, rires et ambiance fun garantis !","breadcrumb":{"@id":"https:\/\/prisonisland-metz.com\/index.php\/evenement-adulte\/#breadcrumb"},"inLanguage":"fr-FR","potentialAction":[{"@type":"ReadAction","target":["https:\/\/prisonisland-metz.com\/index.php\/evenement-adulte\/"]}]},{"@type":"ImageObject","inLanguage":"fr-FR","@id":"https:\/\/prisonisland-metz.com\/index.php\/evenement-adulte\/#primaryimage","url":"https:\/\/prisonisland-metz.com\/wp-content\/uploads\/2025\/01\/Capture-decran-2025-01-13-a-12.14.00.webp","contentUrl":"https:\/\/prisonisland-metz.com\/wp-content\/uploads\/2025\/01\/Capture-decran-2025-01-13-a-12.14.00.webp","width":736,"height":734,"caption":"ADULTES"},{"@type":"BreadcrumbList","@id":"https:\/\/prisonisland-metz.com\/index.php\/evenement-adulte\/#breadcrumb","itemListElement":[{"@type":"ListItem","position":1,"name":"Accueil","item":"https:\/\/prisonisland-metz.com\/"},{"@type":"ListItem","position":2,"name":"\u00c9v\u00e8nement Adulte"}]},{"@type":"WebSite","@id":"https:\/\/prisonisland-metz.com\/#website","url":"https:\/\/prisonisland-metz.com\/","name":"Prison Island Metz","description":"&quot;Beat the bars !&quot;","publisher":{"@id":"https:\/\/prisonisland-metz.com\/#organization"},"potentialAction":[{"@type":"SearchAction","target":{"@type":"EntryPoint","urlTemplate":"https:\/\/prisonisland-metz.com\/?s={search_term_string}"},"query-input":{"@type":"PropertyValueSpecification","valueRequired":true,"valueName":"search_term_string"}}],"inLanguage":"fr-FR"},{"@type":"Organization","@id":"https:\/\/prisonisland-metz.com\/#organization","name":"Prison Island Metz","url":"https:\/\/prisonisland-metz.com\/","logo":{"@type":"ImageObject","inLanguage":"fr-FR","@id":"https:\/\/prisonisland-metz.com\/#\/schema\/logo\/image\/","url":"https:\/\/prisonisland-metz.com\/wp-content\/uploads\/2023\/02\/cropped-cropped-logo-site.png","contentUrl":"https:\/\/prisonisland-metz.com\/wp-content\/uploads\/2023\/02\/cropped-cropped-logo-site.png","width":166,"height":92,"caption":"Prison Island Metz"},"image":{"@id":"https:\/\/prisonisland-metz.com\/#\/schema\/logo\/image\/"}}]}},"featured_media_urls":[],"_links":{"self":[{"href":"https:\/\/prisonisland-metz.com\/index.php\/wp-json\/wp\/v2\/pages\/617","targetHints":{"allow":["GET"]}}],"collection":[{"href":"https:\/\/prisonisland-metz.com\/index.php\/wp-json\/wp\/v2\/pages"}],"about":[{"href":"https:\/\/prisonisland-metz.com\/index.php\/wp-json\/wp\/v2\/types\/page"}],"author":[{"embeddable":true,"href":"https:\/\/prisonisland-metz.com\/index.php\/wp-json\/wp\/v2\/users\/1"}],"replies":[{"embeddable":true,"href":"https:\/\/prisonisland-metz.com\/index.php\/wp-json\/wp\/v2\/comments?post=617"}],"version-history":[{"count":0,"href":"https:\/\/prisonisland-metz.com\/index.php\/wp-json\/wp\/v2\/pages\/617\/revisions"}],"wp:attachment":[{"href":"https:\/\/prisonisland-metz.com\/index.php\/wp-json\/wp\/v2\/media?parent=617"}],"curies":[{"name":"wp","href":"https:\/\/api.w.org\/{rel}","templated":true}]}}