{"id":876,"date":"2023-04-20T11:11:50","date_gmt":"2023-04-20T09:11:50","guid":{"rendered":"http:\/\/prisonisland-metz.com\/?page_id=876"},"modified":"2023-04-20T17:39:22","modified_gmt":"2023-04-20T15:39:22","slug":"connexion-au-compte","status":"publish","type":"page","link":"https:\/\/prisonisland-metz.com\/index.php\/connexion-au-compte\/","title":{"rendered":"CONNEXION AU COMPTE \u200b"},"content":{"rendered":"\t\t<div data-elementor-type=\"wp-page\" data-elementor-id=\"876\" class=\"elementor elementor-876\">\n\t\t\t\t\t\t<section class=\"elementor-section elementor-top-section elementor-element elementor-element-67c12bf elementor-section-boxed elementor-section-height-default elementor-section-height-default\" data-id=\"67c12bf\" data-element_type=\"section\" data-e-type=\"section\">\n\t\t\t\t\t\t<div class=\"elementor-container elementor-column-gap-default\">\n\t\t\t\t\t<div class=\"elementor-column elementor-col-100 elementor-top-column elementor-element elementor-element-f47d93b\" data-id=\"f47d93b\" data-element_type=\"column\" data-e-type=\"column\">\n\t\t\t<div class=\"elementor-widget-wrap elementor-element-populated\">\n\t\t\t\t\t\t<div class=\"elementor-element elementor-element-11b1e09 elementor-widget elementor-widget-heading\" data-id=\"11b1e09\" data-element_type=\"widget\" data-e-type=\"widget\" data-widget_type=\"heading.default\">\n\t\t\t\t<div class=\"elementor-widget-container\">\n\t\t\t\t\t<h2 class=\"elementor-heading-title elementor-size-default\">Connexion \u00e0 votre espace CSE <\/h2>\t\t\t\t<\/div>\n\t\t\t\t<\/div>\n\t\t\t\t<div class=\"elementor-element elementor-element-ad5c97c elementor-widget elementor-widget-text-editor\" data-id=\"ad5c97c\" data-element_type=\"widget\" data-e-type=\"widget\" data-widget_type=\"text-editor.default\">\n\t\t\t\t<div class=\"elementor-widget-container\">\n\t\t\t\t\t\t\t\t\t<p><strong>Etape 1 :<\/strong> Sur notre site internet, puis cliquez sur <strong>\u00ab\u00a0R\u00e9server\u00a0\u00bb<\/strong> en haut \u00e0 droite. Bienvenue sur notre syst\u00e8me de r\u00e9servation. En suite cliquez sur <strong>\u00ab\u00a0Espace membre\u00a0\u00bb<\/strong><\/p>\t\t\t\t\t\t\t\t<\/div>\n\t\t\t\t<\/div>\n\t\t\t\t<div class=\"elementor-element elementor-element-3c0d4ef elementor-widget elementor-widget-video\" data-id=\"3c0d4ef\" data-element_type=\"widget\" data-e-type=\"widget\" data-settings=\"{&quot;video_type&quot;:&quot;hosted&quot;,&quot;controls&quot;:&quot;yes&quot;}\" data-widget_type=\"video.default\">\n\t\t\t\t<div class=\"elementor-widget-container\">\n\t\t\t\t\t\t\t<div class=\"e-hosted-video elementor-wrapper elementor-open-inline\">\n\t\t\t\t\t<video class=\"elementor-video\" src=\"https:\/\/prisonisland-metz.com\/wp-content\/uploads\/2023\/04\/ETAPE1.mp4\" controls=\"\" preload=\"metadata\" controlsList=\"nodownload\"><\/video>\n\t\t\t\t<\/div>\n\t\t\t\t\t\t<\/div>\n\t\t\t\t<\/div>\n\t\t\t\t<div class=\"elementor-element elementor-element-56886f3 elementor-widget elementor-widget-text-editor\" data-id=\"56886f3\" data-element_type=\"widget\" data-e-type=\"widget\" data-widget_type=\"text-editor.default\">\n\t\t\t\t<div class=\"elementor-widget-container\">\n\t\t\t\t\t\t\t\t\t<p><strong>Etape 2 :<\/strong> Entrez vos informations, adresse e-mail et mot de passe.<\/p>\t\t\t\t\t\t\t\t<\/div>\n\t\t\t\t<\/div>\n\t\t\t\t<div class=\"elementor-element elementor-element-5d7f093 elementor-widget elementor-widget-video\" data-id=\"5d7f093\" data-element_type=\"widget\" data-e-type=\"widget\" data-settings=\"{&quot;video_type&quot;:&quot;hosted&quot;,&quot;controls&quot;:&quot;yes&quot;}\" data-widget_type=\"video.default\">\n\t\t\t\t<div class=\"elementor-widget-container\">\n\t\t\t\t\t\t\t<div class=\"e-hosted-video elementor-wrapper elementor-open-inline\">\n\t\t\t\t\t<video class=\"elementor-video\" src=\"https:\/\/prisonisland-metz.com\/wp-content\/uploads\/2023\/04\/ETAPE2.mp4\" controls=\"\" preload=\"metadata\" controlsList=\"nodownload\"><\/video>\n\t\t\t\t<\/div>\n\t\t\t\t\t\t<\/div>\n\t\t\t\t<\/div>\n\t\t\t\t\t<\/div>\n\t\t<\/div>\n\t\t\t\t\t<\/div>\n\t\t<\/section>\n\t\t\t\t<section class=\"elementor-section elementor-top-section elementor-element elementor-element-67d9e4e elementor-section-boxed elementor-section-height-default elementor-section-height-default\" data-id=\"67d9e4e\" data-element_type=\"section\" data-e-type=\"section\">\n\t\t\t\t\t\t<div class=\"elementor-container elementor-column-gap-default\">\n\t\t\t\t\t<div class=\"elementor-column elementor-col-100 elementor-top-column elementor-element elementor-element-63aebf8\" data-id=\"63aebf8\" data-element_type=\"column\" data-e-type=\"column\">\n\t\t\t<div class=\"elementor-widget-wrap elementor-element-populated\">\n\t\t\t\t\t\t<div class=\"elementor-element elementor-element-fc52296 elementor-widget elementor-widget-spacer\" data-id=\"fc52296\" data-element_type=\"widget\" data-e-type=\"widget\" data-widget_type=\"spacer.default\">\n\t\t\t\t<div class=\"elementor-widget-container\">\n\t\t\t\t\t\t\t<div class=\"elementor-spacer\">\n\t\t\t<div class=\"elementor-spacer-inner\"><\/div>\n\t\t<\/div>\n\t\t\t\t\t\t<\/div>\n\t\t\t\t<\/div>\n\t\t\t\t<div class=\"elementor-element elementor-element-23362c4 elementor-widget elementor-widget-heading\" data-id=\"23362c4\" data-element_type=\"widget\" data-e-type=\"widget\" data-widget_type=\"heading.default\">\n\t\t\t\t<div class=\"elementor-widget-container\">\n\t\t\t\t\t<h2 class=\"elementor-heading-title elementor-size-default\"><a href=\"https:\/\/prisonisland-metz.com\/index.php\/modification-du-compte\/\">\u00e9tape suivante <\/a><\/h2>\t\t\t\t<\/div>\n\t\t\t\t<\/div>\n\t\t\t\t\t<\/div>\n\t\t<\/div>\n\t\t\t\t\t<\/div>\n\t\t<\/section>\n\t\t\t\t<\/div>\n\t\t","protected":false},"excerpt":{"rendered":"<p>Connexion \u00e0 votre espace CSE Etape 1 : Sur notre site internet, puis cliquez sur \u00ab\u00a0R\u00e9server\u00a0\u00bb en haut \u00e0 droite. Bienvenue sur notre syst\u00e8me de r\u00e9servation. En suite cliquez sur \u00ab\u00a0Espace membre\u00a0\u00bb https:\/\/prisonisland-metz.com\/wp-content\/uploads\/2023\/04\/ETAPE1.mp4 Etape 2 : Entrez vos informations, adresse e-mail et mot de passe. https:\/\/prisonisland-metz.com\/wp-content\/uploads\/2023\/04\/ETAPE2.mp4 \u00e9tape suivante<\/p>\n","protected":false},"author":1,"featured_media":0,"parent":0,"menu_order":0,"comment_status":"closed","ping_status":"closed","template":"","meta":{"inspiro_hide_title":false,"footnotes":""},"class_list":["post-876","page","type-page","status-publish","hentry"],"yoast_head":"<!-- This site is optimized with the Yoast SEO plugin v27.5 - https:\/\/yoast.com\/product\/yoast-seo-wordpress\/ -->\n<title>CONNEXION AU COMPTE \u200b - Prison Island Metz<\/title>\n<meta name=\"robots\" content=\"index, follow, max-snippet:-1, max-image-preview:large, max-video-preview:-1\" \/>\n<link rel=\"canonical\" href=\"https:\/\/prisonisland-metz.com\/index.php\/connexion-au-compte\/\" \/>\n<meta property=\"og:locale\" content=\"fr_FR\" \/>\n<meta property=\"og:type\" content=\"article\" \/>\n<meta property=\"og:title\" content=\"CONNEXION AU COMPTE \u200b - Prison Island Metz\" \/>\n<meta property=\"og:description\" content=\"Connexion \u00e0 votre espace CSE Etape 1 : Sur notre site internet, puis cliquez sur \u00ab\u00a0R\u00e9server\u00a0\u00bb en haut \u00e0 droite. Bienvenue sur notre syst\u00e8me de r\u00e9servation. En suite cliquez sur \u00ab\u00a0Espace membre\u00a0\u00bb https:\/\/prisonisland-metz.com\/wp-content\/uploads\/2023\/04\/ETAPE1.mp4 Etape 2 : Entrez vos informations, adresse e-mail et mot de passe. https:\/\/prisonisland-metz.com\/wp-content\/uploads\/2023\/04\/ETAPE2.mp4 \u00e9tape suivante\" \/>\n<meta property=\"og:url\" content=\"https:\/\/prisonisland-metz.com\/index.php\/connexion-au-compte\/\" \/>\n<meta property=\"og:site_name\" content=\"Prison Island Metz\" \/>\n<meta property=\"article:modified_time\" content=\"2023-04-20T15:39:22+00:00\" \/>\n<meta name=\"twitter:card\" content=\"summary_large_image\" \/>\n<script type=\"application\/ld+json\" class=\"yoast-schema-graph\">{\"@context\":\"https:\\\/\\\/schema.org\",\"@graph\":[{\"@type\":\"WebPage\",\"@id\":\"https:\\\/\\\/prisonisland-metz.com\\\/index.php\\\/connexion-au-compte\\\/\",\"url\":\"https:\\\/\\\/prisonisland-metz.com\\\/index.php\\\/connexion-au-compte\\\/\",\"name\":\"CONNEXION AU COMPTE \u200b - Prison Island Metz\",\"isPartOf\":{\"@id\":\"https:\\\/\\\/prisonisland-metz.com\\\/#website\"},\"datePublished\":\"2023-04-20T09:11:50+00:00\",\"dateModified\":\"2023-04-20T15:39:22+00:00\",\"breadcrumb\":{\"@id\":\"https:\\\/\\\/prisonisland-metz.com\\\/index.php\\\/connexion-au-compte\\\/#breadcrumb\"},\"inLanguage\":\"fr-FR\",\"potentialAction\":[{\"@type\":\"ReadAction\",\"target\":[\"https:\\\/\\\/prisonisland-metz.com\\\/index.php\\\/connexion-au-compte\\\/\"]}]},{\"@type\":\"BreadcrumbList\",\"@id\":\"https:\\\/\\\/prisonisland-metz.com\\\/index.php\\\/connexion-au-compte\\\/#breadcrumb\",\"itemListElement\":[{\"@type\":\"ListItem\",\"position\":1,\"name\":\"Accueil\",\"item\":\"https:\\\/\\\/prisonisland-metz.com\\\/\"},{\"@type\":\"ListItem\",\"position\":2,\"name\":\"CONNEXION AU COMPTE \u200b\"}]},{\"@type\":\"WebSite\",\"@id\":\"https:\\\/\\\/prisonisland-metz.com\\\/#website\",\"url\":\"https:\\\/\\\/prisonisland-metz.com\\\/\",\"name\":\"Prison Island Metz\",\"description\":\"&quot;Beat the bars !&quot;\",\"publisher\":{\"@id\":\"https:\\\/\\\/prisonisland-metz.com\\\/#organization\"},\"potentialAction\":[{\"@type\":\"SearchAction\",\"target\":{\"@type\":\"EntryPoint\",\"urlTemplate\":\"https:\\\/\\\/prisonisland-metz.com\\\/?s={search_term_string}\"},\"query-input\":{\"@type\":\"PropertyValueSpecification\",\"valueRequired\":true,\"valueName\":\"search_term_string\"}}],\"inLanguage\":\"fr-FR\"},{\"@type\":\"Organization\",\"@id\":\"https:\\\/\\\/prisonisland-metz.com\\\/#organization\",\"name\":\"Prison Island Metz\",\"url\":\"https:\\\/\\\/prisonisland-metz.com\\\/\",\"logo\":{\"@type\":\"ImageObject\",\"inLanguage\":\"fr-FR\",\"@id\":\"https:\\\/\\\/prisonisland-metz.com\\\/#\\\/schema\\\/logo\\\/image\\\/\",\"url\":\"https:\\\/\\\/prisonisland-metz.com\\\/wp-content\\\/uploads\\\/2023\\\/02\\\/cropped-cropped-logo-site.png\",\"contentUrl\":\"https:\\\/\\\/prisonisland-metz.com\\\/wp-content\\\/uploads\\\/2023\\\/02\\\/cropped-cropped-logo-site.png\",\"width\":166,\"height\":92,\"caption\":\"Prison Island Metz\"},\"image\":{\"@id\":\"https:\\\/\\\/prisonisland-metz.com\\\/#\\\/schema\\\/logo\\\/image\\\/\"}}]}<\/script>\n<!-- \/ Yoast SEO plugin. -->","yoast_head_json":{"title":"CONNEXION AU COMPTE \u200b - Prison Island Metz","robots":{"index":"index","follow":"follow","max-snippet":"max-snippet:-1","max-image-preview":"max-image-preview:large","max-video-preview":"max-video-preview:-1"},"canonical":"https:\/\/prisonisland-metz.com\/index.php\/connexion-au-compte\/","og_locale":"fr_FR","og_type":"article","og_title":"CONNEXION AU COMPTE \u200b - Prison Island Metz","og_description":"Connexion \u00e0 votre espace CSE Etape 1 : Sur notre site internet, puis cliquez sur \u00ab\u00a0R\u00e9server\u00a0\u00bb en haut \u00e0 droite. Bienvenue sur notre syst\u00e8me de r\u00e9servation. En suite cliquez sur \u00ab\u00a0Espace membre\u00a0\u00bb https:\/\/prisonisland-metz.com\/wp-content\/uploads\/2023\/04\/ETAPE1.mp4 Etape 2 : Entrez vos informations, adresse e-mail et mot de passe. https:\/\/prisonisland-metz.com\/wp-content\/uploads\/2023\/04\/ETAPE2.mp4 \u00e9tape suivante","og_url":"https:\/\/prisonisland-metz.com\/index.php\/connexion-au-compte\/","og_site_name":"Prison Island Metz","article_modified_time":"2023-04-20T15:39:22+00:00","twitter_card":"summary_large_image","schema":{"@context":"https:\/\/schema.org","@graph":[{"@type":"WebPage","@id":"https:\/\/prisonisland-metz.com\/index.php\/connexion-au-compte\/","url":"https:\/\/prisonisland-metz.com\/index.php\/connexion-au-compte\/","name":"CONNEXION AU COMPTE \u200b - Prison Island Metz","isPartOf":{"@id":"https:\/\/prisonisland-metz.com\/#website"},"datePublished":"2023-04-20T09:11:50+00:00","dateModified":"2023-04-20T15:39:22+00:00","breadcrumb":{"@id":"https:\/\/prisonisland-metz.com\/index.php\/connexion-au-compte\/#breadcrumb"},"inLanguage":"fr-FR","potentialAction":[{"@type":"ReadAction","target":["https:\/\/prisonisland-metz.com\/index.php\/connexion-au-compte\/"]}]},{"@type":"BreadcrumbList","@id":"https:\/\/prisonisland-metz.com\/index.php\/connexion-au-compte\/#breadcrumb","itemListElement":[{"@type":"ListItem","position":1,"name":"Accueil","item":"https:\/\/prisonisland-metz.com\/"},{"@type":"ListItem","position":2,"name":"CONNEXION AU COMPTE \u200b"}]},{"@type":"WebSite","@id":"https:\/\/prisonisland-metz.com\/#website","url":"https:\/\/prisonisland-metz.com\/","name":"Prison Island Metz","description":"&quot;Beat the bars !&quot;","publisher":{"@id":"https:\/\/prisonisland-metz.com\/#organization"},"potentialAction":[{"@type":"SearchAction","target":{"@type":"EntryPoint","urlTemplate":"https:\/\/prisonisland-metz.com\/?s={search_term_string}"},"query-input":{"@type":"PropertyValueSpecification","valueRequired":true,"valueName":"search_term_string"}}],"inLanguage":"fr-FR"},{"@type":"Organization","@id":"https:\/\/prisonisland-metz.com\/#organization","name":"Prison Island Metz","url":"https:\/\/prisonisland-metz.com\/","logo":{"@type":"ImageObject","inLanguage":"fr-FR","@id":"https:\/\/prisonisland-metz.com\/#\/schema\/logo\/image\/","url":"https:\/\/prisonisland-metz.com\/wp-content\/uploads\/2023\/02\/cropped-cropped-logo-site.png","contentUrl":"https:\/\/prisonisland-metz.com\/wp-content\/uploads\/2023\/02\/cropped-cropped-logo-site.png","width":166,"height":92,"caption":"Prison Island Metz"},"image":{"@id":"https:\/\/prisonisland-metz.com\/#\/schema\/logo\/image\/"}}]}},"featured_media_urls":[],"_links":{"self":[{"href":"https:\/\/prisonisland-metz.com\/index.php\/wp-json\/wp\/v2\/pages\/876","targetHints":{"allow":["GET"]}}],"collection":[{"href":"https:\/\/prisonisland-metz.com\/index.php\/wp-json\/wp\/v2\/pages"}],"about":[{"href":"https:\/\/prisonisland-metz.com\/index.php\/wp-json\/wp\/v2\/types\/page"}],"author":[{"embeddable":true,"href":"https:\/\/prisonisland-metz.com\/index.php\/wp-json\/wp\/v2\/users\/1"}],"replies":[{"embeddable":true,"href":"https:\/\/prisonisland-metz.com\/index.php\/wp-json\/wp\/v2\/comments?post=876"}],"version-history":[{"count":0,"href":"https:\/\/prisonisland-metz.com\/index.php\/wp-json\/wp\/v2\/pages\/876\/revisions"}],"wp:attachment":[{"href":"https:\/\/prisonisland-metz.com\/index.php\/wp-json\/wp\/v2\/media?parent=876"}],"curies":[{"name":"wp","href":"https:\/\/api.w.org\/{rel}","templated":true}]}}