{"id":887,"date":"2023-04-20T11:27:04","date_gmt":"2023-04-20T09:27:04","guid":{"rendered":"http:\/\/prisonisland-metz.com\/?page_id=887"},"modified":"2023-04-20T17:38:24","modified_gmt":"2023-04-20T15:38:24","slug":"achats-sur-votre-compte","status":"publish","type":"page","link":"https:\/\/prisonisland-metz.com\/index.php\/achats-sur-votre-compte\/","title":{"rendered":"Achats sur votre compte"},"content":{"rendered":"\t\t<div data-elementor-type=\"wp-page\" data-elementor-id=\"887\" class=\"elementor elementor-887\">\n\t\t\t\t\t\t<section class=\"elementor-section elementor-top-section elementor-element elementor-element-0e86557 elementor-section-boxed elementor-section-height-default elementor-section-height-default\" data-id=\"0e86557\" data-element_type=\"section\" data-e-type=\"section\">\n\t\t\t\t\t\t<div class=\"elementor-container elementor-column-gap-default\">\n\t\t\t\t\t<div class=\"elementor-column elementor-col-100 elementor-top-column elementor-element elementor-element-f4f2a20\" data-id=\"f4f2a20\" data-element_type=\"column\" data-e-type=\"column\">\n\t\t\t<div class=\"elementor-widget-wrap elementor-element-populated\">\n\t\t\t\t\t\t<div class=\"elementor-element elementor-element-92dd5d8 elementor-widget elementor-widget-heading\" data-id=\"92dd5d8\" data-element_type=\"widget\" data-e-type=\"widget\" data-widget_type=\"heading.default\">\n\t\t\t\t<div class=\"elementor-widget-container\">\n\t\t\t\t\t<h1 class=\"elementor-heading-title elementor-size-default\">Achats sur votre compte<\/h1>\t\t\t\t<\/div>\n\t\t\t\t<\/div>\n\t\t\t\t<div class=\"elementor-element elementor-element-05e8e23 elementor-widget elementor-widget-text-editor\" data-id=\"05e8e23\" data-element_type=\"widget\" data-e-type=\"widget\" data-widget_type=\"text-editor.default\">\n\t\t\t\t<div class=\"elementor-widget-container\">\n\t\t\t\t\t\t\t\t\t<p><strong>Etape 1<\/strong> : Cliquez sur \u00ab\u00a0B<strong>outique priv\u00e9e\u00a0\u00bb<\/strong> \u00e0 gauche de votre \u00e9cran.<\/p><p><strong>Etape 2<\/strong> : Cliquez sur <strong>\u00ab\u00a0Billetterie\u00a0\u00bb<\/strong>.<\/p><p><strong>Etape 3<\/strong> : Le choix<strong> \u00ab\u00a0Billet CSE 1h\u00a0\u00bb<\/strong> s&rsquo;affiche. Choisissez la quantit\u00e9 (limit\u00e9e \u00e0 50 par achats) puis cliquez sur <strong>\u00ab\u00a0Ajouter au panier\u00a0\u00bb<\/strong> et <strong>\u00ab\u00a0Voir mon panier\u00a0\u00bb<\/strong>.<\/p><p><strong>Etape 4<\/strong> : Vous voici dans votre panier. Descendez dans la fen\u00eatre, cochez la case qui permet de valider vos CGV. Puis <strong>\u00ab\u00a0Paiement par carte de cr\u00e9dit\u00a0\u00bb<\/strong><\/p>\t\t\t\t\t\t\t\t<\/div>\n\t\t\t\t<\/div>\n\t\t\t\t<div class=\"elementor-element elementor-element-bb0a15d elementor-widget elementor-widget-video\" data-id=\"bb0a15d\" data-element_type=\"widget\" data-e-type=\"widget\" data-settings=\"{&quot;video_type&quot;:&quot;hosted&quot;,&quot;controls&quot;:&quot;yes&quot;}\" data-widget_type=\"video.default\">\n\t\t\t\t<div class=\"elementor-widget-container\">\n\t\t\t\t\t\t\t<div class=\"e-hosted-video elementor-wrapper elementor-open-inline\">\n\t\t\t\t\t<video class=\"elementor-video\" src=\"https:\/\/prisonisland-metz.com\/wp-content\/uploads\/2023\/04\/ACHATS-COMPTE.mp4\" controls=\"\" preload=\"metadata\" controlsList=\"nodownload\"><\/video>\n\t\t\t\t<\/div>\n\t\t\t\t\t\t<\/div>\n\t\t\t\t<\/div>\n\t\t\t\t<div class=\"elementor-element elementor-element-9ce639d elementor-widget elementor-widget-text-editor\" data-id=\"9ce639d\" data-element_type=\"widget\" data-e-type=\"widget\" data-widget_type=\"text-editor.default\">\n\t\t\t\t<div class=\"elementor-widget-container\">\n\t\t\t\t\t\t\t\t\t<p><strong>Etape 5<\/strong> : Rentrez vos informations de carte de cr\u00e9dit. Cliquez sur <strong>\u00ab\u00a0Payer\u00a0\u00bb<\/strong>.&nbsp;<\/p>\n<p><strong>Etape 6<\/strong> : Une fois votre paiement effectu\u00e9, cliquez sur <strong>\u00ab\u00a0Retourner \u00e0 la page d&rsquo;accueil\u00a0\u00bb<\/strong> Vous pourrez r\u00e9cup\u00e9rer vos billets, dans votre espace membres puis en cliquant dans <strong>\u00ab\u00a0Vos bons cadeaux\u00a0\u00bb<\/strong>.<\/p>\t\t\t\t\t\t\t\t<\/div>\n\t\t\t\t<\/div>\n\t\t\t\t<div class=\"elementor-element elementor-element-0744192 elementor-widget elementor-widget-video\" data-id=\"0744192\" data-element_type=\"widget\" data-e-type=\"widget\" data-settings=\"{&quot;video_type&quot;:&quot;hosted&quot;,&quot;mute&quot;:&quot;yes&quot;,&quot;controls&quot;:&quot;yes&quot;}\" data-widget_type=\"video.default\">\n\t\t\t\t<div class=\"elementor-widget-container\">\n\t\t\t\t\t\t\t<div class=\"e-hosted-video elementor-wrapper elementor-open-inline\">\n\t\t\t\t\t<video class=\"elementor-video\" src=\"https:\/\/prisonisland-metz.com\/wp-content\/uploads\/2023\/04\/paiment.mp4\" controls=\"\" preload=\"metadata\" muted=\"muted\" controlsList=\"nodownload\"><\/video>\n\t\t\t\t<\/div>\n\t\t\t\t\t\t<\/div>\n\t\t\t\t<\/div>\n\t\t\t\t<div class=\"elementor-element elementor-element-9063058 elementor-widget elementor-widget-spacer\" data-id=\"9063058\" data-element_type=\"widget\" data-e-type=\"widget\" data-widget_type=\"spacer.default\">\n\t\t\t\t<div class=\"elementor-widget-container\">\n\t\t\t\t\t\t\t<div class=\"elementor-spacer\">\n\t\t\t<div class=\"elementor-spacer-inner\"><\/div>\n\t\t<\/div>\n\t\t\t\t\t\t<\/div>\n\t\t\t\t<\/div>\n\t\t\t\t<div class=\"elementor-element elementor-element-ab43d35 elementor-widget elementor-widget-heading\" data-id=\"ab43d35\" data-element_type=\"widget\" data-e-type=\"widget\" data-widget_type=\"heading.default\">\n\t\t\t\t<div class=\"elementor-widget-container\">\n\t\t\t\t\t<h2 class=\"elementor-heading-title elementor-size-default\"><a href=\"https:\/\/prisonisland-metz.com\/index.php\/comment-recuperer-envoyer-vos-bons-cadeaux\/\">\u00e9tape suivante<\/a><\/h2>\t\t\t\t<\/div>\n\t\t\t\t<\/div>\n\t\t\t\t\t<\/div>\n\t\t<\/div>\n\t\t\t\t\t<\/div>\n\t\t<\/section>\n\t\t\t\t<\/div>\n\t\t","protected":false},"excerpt":{"rendered":"<p>Achats sur votre compte Etape 1 : Cliquez sur \u00ab\u00a0Boutique priv\u00e9e\u00a0\u00bb \u00e0 gauche de votre \u00e9cran. Etape 2 : Cliquez sur \u00ab\u00a0Billetterie\u00a0\u00bb. Etape 3 : Le choix \u00ab\u00a0Billet CSE 1h\u00a0\u00bb s&rsquo;affiche. Choisissez la quantit\u00e9 (limit\u00e9e \u00e0 50 par achats) puis cliquez sur \u00ab\u00a0Ajouter au panier\u00a0\u00bb et \u00ab\u00a0Voir mon panier\u00a0\u00bb. Etape 4 : Vous voici dans &hellip; <\/p>\n<p class=\"link-more\"><a href=\"https:\/\/prisonisland-metz.com\/index.php\/achats-sur-votre-compte\/\" class=\"more-link\">Lire la suite de<span class=\"screen-reader-text\">\u00ab\u00a0Achats sur votre compte\u00a0\u00bb<\/span><\/a><\/p>\n","protected":false},"author":1,"featured_media":0,"parent":0,"menu_order":0,"comment_status":"closed","ping_status":"closed","template":"","meta":{"inspiro_hide_title":false,"footnotes":""},"class_list":["post-887","page","type-page","status-publish","hentry"],"yoast_head":"<!-- This site is optimized with the Yoast SEO plugin v27.5 - https:\/\/yoast.com\/product\/yoast-seo-wordpress\/ -->\n<title>Achats sur votre compte - Prison Island Metz<\/title>\n<meta name=\"robots\" content=\"index, follow, max-snippet:-1, max-image-preview:large, max-video-preview:-1\" \/>\n<link rel=\"canonical\" href=\"https:\/\/prisonisland-metz.com\/index.php\/achats-sur-votre-compte\/\" \/>\n<meta property=\"og:locale\" content=\"fr_FR\" \/>\n<meta property=\"og:type\" content=\"article\" \/>\n<meta property=\"og:title\" content=\"Achats sur votre compte - Prison Island Metz\" \/>\n<meta property=\"og:description\" content=\"Achats sur votre compte Etape 1 : Cliquez sur \u00ab\u00a0Boutique priv\u00e9e\u00a0\u00bb \u00e0 gauche de votre \u00e9cran. Etape 2 : Cliquez sur \u00ab\u00a0Billetterie\u00a0\u00bb. Etape 3 : Le choix \u00ab\u00a0Billet CSE 1h\u00a0\u00bb s&rsquo;affiche. Choisissez la quantit\u00e9 (limit\u00e9e \u00e0 50 par achats) puis cliquez sur \u00ab\u00a0Ajouter au panier\u00a0\u00bb et \u00ab\u00a0Voir mon panier\u00a0\u00bb. Etape 4 : Vous voici dans &hellip; Lire la suite de\u00ab\u00a0Achats sur votre compte\u00a0\u00bb\" \/>\n<meta property=\"og:url\" content=\"https:\/\/prisonisland-metz.com\/index.php\/achats-sur-votre-compte\/\" \/>\n<meta property=\"og:site_name\" content=\"Prison Island Metz\" \/>\n<meta property=\"article:modified_time\" content=\"2023-04-20T15:38:24+00:00\" \/>\n<meta name=\"twitter:card\" content=\"summary_large_image\" \/>\n<meta name=\"twitter:label1\" content=\"Dur\u00e9e de lecture estim\u00e9e\" \/>\n\t<meta name=\"twitter:data1\" content=\"1 minute\" \/>\n<script type=\"application\/ld+json\" class=\"yoast-schema-graph\">{\"@context\":\"https:\\\/\\\/schema.org\",\"@graph\":[{\"@type\":\"WebPage\",\"@id\":\"https:\\\/\\\/prisonisland-metz.com\\\/index.php\\\/achats-sur-votre-compte\\\/\",\"url\":\"https:\\\/\\\/prisonisland-metz.com\\\/index.php\\\/achats-sur-votre-compte\\\/\",\"name\":\"Achats sur votre compte - Prison Island Metz\",\"isPartOf\":{\"@id\":\"https:\\\/\\\/prisonisland-metz.com\\\/#website\"},\"datePublished\":\"2023-04-20T09:27:04+00:00\",\"dateModified\":\"2023-04-20T15:38:24+00:00\",\"breadcrumb\":{\"@id\":\"https:\\\/\\\/prisonisland-metz.com\\\/index.php\\\/achats-sur-votre-compte\\\/#breadcrumb\"},\"inLanguage\":\"fr-FR\",\"potentialAction\":[{\"@type\":\"ReadAction\",\"target\":[\"https:\\\/\\\/prisonisland-metz.com\\\/index.php\\\/achats-sur-votre-compte\\\/\"]}]},{\"@type\":\"BreadcrumbList\",\"@id\":\"https:\\\/\\\/prisonisland-metz.com\\\/index.php\\\/achats-sur-votre-compte\\\/#breadcrumb\",\"itemListElement\":[{\"@type\":\"ListItem\",\"position\":1,\"name\":\"Accueil\",\"item\":\"https:\\\/\\\/prisonisland-metz.com\\\/\"},{\"@type\":\"ListItem\",\"position\":2,\"name\":\"Achats sur votre compte\"}]},{\"@type\":\"WebSite\",\"@id\":\"https:\\\/\\\/prisonisland-metz.com\\\/#website\",\"url\":\"https:\\\/\\\/prisonisland-metz.com\\\/\",\"name\":\"Prison Island Metz\",\"description\":\"&quot;Beat the bars !&quot;\",\"publisher\":{\"@id\":\"https:\\\/\\\/prisonisland-metz.com\\\/#organization\"},\"potentialAction\":[{\"@type\":\"SearchAction\",\"target\":{\"@type\":\"EntryPoint\",\"urlTemplate\":\"https:\\\/\\\/prisonisland-metz.com\\\/?s={search_term_string}\"},\"query-input\":{\"@type\":\"PropertyValueSpecification\",\"valueRequired\":true,\"valueName\":\"search_term_string\"}}],\"inLanguage\":\"fr-FR\"},{\"@type\":\"Organization\",\"@id\":\"https:\\\/\\\/prisonisland-metz.com\\\/#organization\",\"name\":\"Prison Island Metz\",\"url\":\"https:\\\/\\\/prisonisland-metz.com\\\/\",\"logo\":{\"@type\":\"ImageObject\",\"inLanguage\":\"fr-FR\",\"@id\":\"https:\\\/\\\/prisonisland-metz.com\\\/#\\\/schema\\\/logo\\\/image\\\/\",\"url\":\"https:\\\/\\\/prisonisland-metz.com\\\/wp-content\\\/uploads\\\/2023\\\/02\\\/cropped-cropped-logo-site.png\",\"contentUrl\":\"https:\\\/\\\/prisonisland-metz.com\\\/wp-content\\\/uploads\\\/2023\\\/02\\\/cropped-cropped-logo-site.png\",\"width\":166,\"height\":92,\"caption\":\"Prison Island Metz\"},\"image\":{\"@id\":\"https:\\\/\\\/prisonisland-metz.com\\\/#\\\/schema\\\/logo\\\/image\\\/\"}}]}<\/script>\n<!-- \/ Yoast SEO plugin. -->","yoast_head_json":{"title":"Achats sur votre compte - Prison Island Metz","robots":{"index":"index","follow":"follow","max-snippet":"max-snippet:-1","max-image-preview":"max-image-preview:large","max-video-preview":"max-video-preview:-1"},"canonical":"https:\/\/prisonisland-metz.com\/index.php\/achats-sur-votre-compte\/","og_locale":"fr_FR","og_type":"article","og_title":"Achats sur votre compte - Prison Island Metz","og_description":"Achats sur votre compte Etape 1 : Cliquez sur \u00ab\u00a0Boutique priv\u00e9e\u00a0\u00bb \u00e0 gauche de votre \u00e9cran. Etape 2 : Cliquez sur \u00ab\u00a0Billetterie\u00a0\u00bb. Etape 3 : Le choix \u00ab\u00a0Billet CSE 1h\u00a0\u00bb s&rsquo;affiche. Choisissez la quantit\u00e9 (limit\u00e9e \u00e0 50 par achats) puis cliquez sur \u00ab\u00a0Ajouter au panier\u00a0\u00bb et \u00ab\u00a0Voir mon panier\u00a0\u00bb. Etape 4 : Vous voici dans &hellip; Lire la suite de\u00ab\u00a0Achats sur votre compte\u00a0\u00bb","og_url":"https:\/\/prisonisland-metz.com\/index.php\/achats-sur-votre-compte\/","og_site_name":"Prison Island Metz","article_modified_time":"2023-04-20T15:38:24+00:00","twitter_card":"summary_large_image","twitter_misc":{"Dur\u00e9e de lecture estim\u00e9e":"1 minute"},"schema":{"@context":"https:\/\/schema.org","@graph":[{"@type":"WebPage","@id":"https:\/\/prisonisland-metz.com\/index.php\/achats-sur-votre-compte\/","url":"https:\/\/prisonisland-metz.com\/index.php\/achats-sur-votre-compte\/","name":"Achats sur votre compte - Prison Island Metz","isPartOf":{"@id":"https:\/\/prisonisland-metz.com\/#website"},"datePublished":"2023-04-20T09:27:04+00:00","dateModified":"2023-04-20T15:38:24+00:00","breadcrumb":{"@id":"https:\/\/prisonisland-metz.com\/index.php\/achats-sur-votre-compte\/#breadcrumb"},"inLanguage":"fr-FR","potentialAction":[{"@type":"ReadAction","target":["https:\/\/prisonisland-metz.com\/index.php\/achats-sur-votre-compte\/"]}]},{"@type":"BreadcrumbList","@id":"https:\/\/prisonisland-metz.com\/index.php\/achats-sur-votre-compte\/#breadcrumb","itemListElement":[{"@type":"ListItem","position":1,"name":"Accueil","item":"https:\/\/prisonisland-metz.com\/"},{"@type":"ListItem","position":2,"name":"Achats sur votre compte"}]},{"@type":"WebSite","@id":"https:\/\/prisonisland-metz.com\/#website","url":"https:\/\/prisonisland-metz.com\/","name":"Prison Island Metz","description":"&quot;Beat the bars !&quot;","publisher":{"@id":"https:\/\/prisonisland-metz.com\/#organization"},"potentialAction":[{"@type":"SearchAction","target":{"@type":"EntryPoint","urlTemplate":"https:\/\/prisonisland-metz.com\/?s={search_term_string}"},"query-input":{"@type":"PropertyValueSpecification","valueRequired":true,"valueName":"search_term_string"}}],"inLanguage":"fr-FR"},{"@type":"Organization","@id":"https:\/\/prisonisland-metz.com\/#organization","name":"Prison Island Metz","url":"https:\/\/prisonisland-metz.com\/","logo":{"@type":"ImageObject","inLanguage":"fr-FR","@id":"https:\/\/prisonisland-metz.com\/#\/schema\/logo\/image\/","url":"https:\/\/prisonisland-metz.com\/wp-content\/uploads\/2023\/02\/cropped-cropped-logo-site.png","contentUrl":"https:\/\/prisonisland-metz.com\/wp-content\/uploads\/2023\/02\/cropped-cropped-logo-site.png","width":166,"height":92,"caption":"Prison Island Metz"},"image":{"@id":"https:\/\/prisonisland-metz.com\/#\/schema\/logo\/image\/"}}]}},"featured_media_urls":[],"_links":{"self":[{"href":"https:\/\/prisonisland-metz.com\/index.php\/wp-json\/wp\/v2\/pages\/887","targetHints":{"allow":["GET"]}}],"collection":[{"href":"https:\/\/prisonisland-metz.com\/index.php\/wp-json\/wp\/v2\/pages"}],"about":[{"href":"https:\/\/prisonisland-metz.com\/index.php\/wp-json\/wp\/v2\/types\/page"}],"author":[{"embeddable":true,"href":"https:\/\/prisonisland-metz.com\/index.php\/wp-json\/wp\/v2\/users\/1"}],"replies":[{"embeddable":true,"href":"https:\/\/prisonisland-metz.com\/index.php\/wp-json\/wp\/v2\/comments?post=887"}],"version-history":[{"count":0,"href":"https:\/\/prisonisland-metz.com\/index.php\/wp-json\/wp\/v2\/pages\/887\/revisions"}],"wp:attachment":[{"href":"https:\/\/prisonisland-metz.com\/index.php\/wp-json\/wp\/v2\/media?parent=887"}],"curies":[{"name":"wp","href":"https:\/\/api.w.org\/{rel}","templated":true}]}}