{"id":900,"date":"2023-04-20T11:57:44","date_gmt":"2023-04-20T09:57:44","guid":{"rendered":"http:\/\/prisonisland-metz.com\/?page_id=900"},"modified":"2023-04-20T15:26:56","modified_gmt":"2023-04-20T13:26:56","slug":"comment-recuperer-envoyer-vos-bons-cadeaux","status":"publish","type":"page","link":"https:\/\/prisonisland-metz.com\/index.php\/comment-recuperer-envoyer-vos-bons-cadeaux\/","title":{"rendered":"COMMENT RECUPERER, ENVOYER, TELECHARGER VOS BONS CADEAUX \u200b"},"content":{"rendered":"\t\t<div data-elementor-type=\"wp-page\" data-elementor-id=\"900\" class=\"elementor elementor-900\">\n\t\t\t\t\t\t<section class=\"elementor-section elementor-top-section elementor-element elementor-element-7619cd5 elementor-section-boxed elementor-section-height-default elementor-section-height-default\" data-id=\"7619cd5\" data-element_type=\"section\" data-e-type=\"section\">\n\t\t\t\t\t\t<div class=\"elementor-container elementor-column-gap-default\">\n\t\t\t\t\t<div class=\"elementor-column elementor-col-100 elementor-top-column elementor-element elementor-element-3486ea4\" data-id=\"3486ea4\" data-element_type=\"column\" data-e-type=\"column\">\n\t\t\t<div class=\"elementor-widget-wrap elementor-element-populated\">\n\t\t\t\t\t\t<div class=\"elementor-element elementor-element-6d388ee elementor-widget elementor-widget-heading\" data-id=\"6d388ee\" data-element_type=\"widget\" data-e-type=\"widget\" data-widget_type=\"heading.default\">\n\t\t\t\t<div class=\"elementor-widget-container\">\n\t\t\t\t\t<h1 class=\"elementor-heading-title elementor-size-default\">COMMENT R\u00c9CUP\u00c9RER, ENVOYER, T\u00e9l\u00e9charger VOS BONS CADEAUX...<\/h1>\t\t\t\t<\/div>\n\t\t\t\t<\/div>\n\t\t\t\t\t<\/div>\n\t\t<\/div>\n\t\t\t\t\t<\/div>\n\t\t<\/section>\n\t\t\t\t<section class=\"elementor-section elementor-top-section elementor-element elementor-element-ba4bdc9 elementor-section-boxed elementor-section-height-default elementor-section-height-default\" data-id=\"ba4bdc9\" data-element_type=\"section\" data-e-type=\"section\">\n\t\t\t\t\t\t<div class=\"elementor-container elementor-column-gap-default\">\n\t\t\t\t\t<div class=\"elementor-column elementor-col-100 elementor-top-column elementor-element elementor-element-5e17f8e\" data-id=\"5e17f8e\" data-element_type=\"column\" data-e-type=\"column\">\n\t\t\t<div class=\"elementor-widget-wrap elementor-element-populated\">\n\t\t\t\t\t\t<div class=\"elementor-element elementor-element-a7d4431 elementor-widget elementor-widget-text-editor\" data-id=\"a7d4431\" data-element_type=\"widget\" data-e-type=\"widget\" data-widget_type=\"text-editor.default\">\n\t\t\t\t<div class=\"elementor-widget-container\">\n\t\t\t\t\t\t\t\t\t<p><strong>Etape 1<\/strong> : Cliquez sur <strong>\u00ab\u00a0Espace Membre\u00a0\u00bb<\/strong> puis <strong>\u00ab\u00a0Vos Bons Cadeaux\u00a0\u00bb<\/strong><\/p><p><strong>Etape 2<\/strong> : S\u00e9lectionnez <strong>\u00ab\u00a0Bon cadeaux \u00e0 donner ou utiliser\u00a0\u00bb<\/strong><\/p><p>Tous vos billets non utilis\u00e9s se trouveront ici.<\/p>\t\t\t\t\t\t\t\t<\/div>\n\t\t\t\t<\/div>\n\t\t\t\t<div class=\"elementor-element elementor-element-5239586 elementor-widget elementor-widget-video\" data-id=\"5239586\" data-element_type=\"widget\" data-e-type=\"widget\" data-settings=\"{&quot;video_type&quot;:&quot;hosted&quot;,&quot;controls&quot;:&quot;yes&quot;}\" data-widget_type=\"video.default\">\n\t\t\t\t<div class=\"elementor-widget-container\">\n\t\t\t\t\t\t\t<div class=\"e-hosted-video elementor-wrapper elementor-open-inline\">\n\t\t\t\t\t<video class=\"elementor-video\" src=\"https:\/\/prisonisland-metz.com\/wp-content\/uploads\/2023\/04\/AFFICHER-BILLETmp4.mp4\" controls=\"\" preload=\"metadata\" controlsList=\"nodownload\"><\/video>\n\t\t\t\t<\/div>\n\t\t\t\t\t\t<\/div>\n\t\t\t\t<\/div>\n\t\t\t\t<div class=\"elementor-element elementor-element-5cba2c4 elementor-widget elementor-widget-heading\" data-id=\"5cba2c4\" data-element_type=\"widget\" data-e-type=\"widget\" data-widget_type=\"heading.default\">\n\t\t\t\t<div class=\"elementor-widget-container\">\n\t\t\t\t\t<h2 class=\"elementor-heading-title elementor-size-default\">Envoyez vos billets<\/h2>\t\t\t\t<\/div>\n\t\t\t\t<\/div>\n\t\t\t\t<div class=\"elementor-element elementor-element-c17b567 elementor-widget elementor-widget-text-editor\" data-id=\"c17b567\" data-element_type=\"widget\" data-e-type=\"widget\" data-widget_type=\"text-editor.default\">\n\t\t\t\t<div class=\"elementor-widget-container\">\n\t\t\t\t\t\t\t\t\t<p><strong>Etape 1<\/strong> : Cliquez sur <strong>l&rsquo;onglet bleu<\/strong> content le code de du billet. Une fen\u00eatre apparaitra directement.\u00a0<\/p><p><strong>Etape 2<\/strong> : Ecrivez l&rsquo;adresse e-mail du destinataire dans <strong>l&rsquo;encadrement blanc<\/strong>, puis cliquez sur le <strong>bouton bleu<\/strong> juste \u00e0 cot\u00e9.\u00a0<\/p><p><strong>Etape 3<\/strong> : Le billet sera marqu\u00e9 comme ayant \u00e9t\u00e9 envoy\u00e9.\u00a0<\/p>\t\t\t\t\t\t\t\t<\/div>\n\t\t\t\t<\/div>\n\t\t\t\t<div class=\"elementor-element elementor-element-c377278 elementor-widget elementor-widget-video\" data-id=\"c377278\" data-element_type=\"widget\" data-e-type=\"widget\" data-settings=\"{&quot;video_type&quot;:&quot;hosted&quot;,&quot;controls&quot;:&quot;yes&quot;}\" data-widget_type=\"video.default\">\n\t\t\t\t<div class=\"elementor-widget-container\">\n\t\t\t\t\t\t\t<div class=\"e-hosted-video elementor-wrapper elementor-open-inline\">\n\t\t\t\t\t<video class=\"elementor-video\" src=\"https:\/\/prisonisland-metz.com\/wp-content\/uploads\/2023\/04\/ENVOYER.mp4\" controls=\"\" preload=\"metadata\" controlsList=\"nodownload\"><\/video>\n\t\t\t\t<\/div>\n\t\t\t\t\t\t<\/div>\n\t\t\t\t<\/div>\n\t\t\t\t<div class=\"elementor-element elementor-element-c4fae90 elementor-widget elementor-widget-heading\" data-id=\"c4fae90\" data-element_type=\"widget\" data-e-type=\"widget\" data-widget_type=\"heading.default\">\n\t\t\t\t<div class=\"elementor-widget-container\">\n\t\t\t\t\t<h2 class=\"elementor-heading-title elementor-size-default\">t\u00e9l\u00e9chargez vos billets<\/h2>\t\t\t\t<\/div>\n\t\t\t\t<\/div>\n\t\t\t\t<div class=\"elementor-element elementor-element-538c3e1 elementor-widget elementor-widget-text-editor\" data-id=\"538c3e1\" data-element_type=\"widget\" data-e-type=\"widget\" data-widget_type=\"text-editor.default\">\n\t\t\t\t<div class=\"elementor-widget-container\">\n\t\t\t\t\t\t\t\t\t<p>Faites un clique droit sur le billet puis enregistrez-le sur votre ordinateur.<\/p>\t\t\t\t\t\t\t\t<\/div>\n\t\t\t\t<\/div>\n\t\t\t\t<div class=\"elementor-element elementor-element-b258eb9 elementor-widget elementor-widget-video\" data-id=\"b258eb9\" data-element_type=\"widget\" data-e-type=\"widget\" data-settings=\"{&quot;video_type&quot;:&quot;hosted&quot;,&quot;mute&quot;:&quot;yes&quot;,&quot;controls&quot;:&quot;yes&quot;}\" data-widget_type=\"video.default\">\n\t\t\t\t<div class=\"elementor-widget-container\">\n\t\t\t\t\t\t\t<div class=\"e-hosted-video elementor-wrapper elementor-open-inline\">\n\t\t\t\t\t<video class=\"elementor-video\" src=\"https:\/\/prisonisland-metz.com\/wp-content\/uploads\/2023\/04\/Telecharger-.mp4\" controls=\"\" preload=\"metadata\" muted=\"muted\" controlsList=\"nodownload\"><\/video>\n\t\t\t\t<\/div>\n\t\t\t\t\t\t<\/div>\n\t\t\t\t<\/div>\n\t\t\t\t<div class=\"elementor-element elementor-element-628edb8 elementor-widget elementor-widget-spacer\" data-id=\"628edb8\" data-element_type=\"widget\" data-e-type=\"widget\" data-widget_type=\"spacer.default\">\n\t\t\t\t<div class=\"elementor-widget-container\">\n\t\t\t\t\t\t\t<div class=\"elementor-spacer\">\n\t\t\t<div class=\"elementor-spacer-inner\"><\/div>\n\t\t<\/div>\n\t\t\t\t\t\t<\/div>\n\t\t\t\t<\/div>\n\t\t\t\t\t<\/div>\n\t\t<\/div>\n\t\t\t\t\t<\/div>\n\t\t<\/section>\n\t\t\t\t<\/div>\n\t\t","protected":false},"excerpt":{"rendered":"<p>COMMENT R\u00c9CUP\u00c9RER, ENVOYER, T\u00e9l\u00e9charger VOS BONS CADEAUX&#8230; Etape 1 : Cliquez sur \u00ab\u00a0Espace Membre\u00a0\u00bb puis \u00ab\u00a0Vos Bons Cadeaux\u00a0\u00bb Etape 2 : S\u00e9lectionnez \u00ab\u00a0Bon cadeaux \u00e0 donner ou utiliser\u00a0\u00bb Tous vos billets non utilis\u00e9s se trouveront ici. https:\/\/prisonisland-metz.com\/wp-content\/uploads\/2023\/04\/AFFICHER-BILLETmp4.mp4 Envoyez vos billets Etape 1 : Cliquez sur l&rsquo;onglet bleu content le code de du billet. Une fen\u00eatre &hellip; <\/p>\n<p class=\"link-more\"><a href=\"https:\/\/prisonisland-metz.com\/index.php\/comment-recuperer-envoyer-vos-bons-cadeaux\/\" class=\"more-link\">Lire la suite de<span class=\"screen-reader-text\">\u00ab\u00a0COMMENT RECUPERER, ENVOYER, TELECHARGER VOS BONS CADEAUX \u200b\u00a0\u00bb<\/span><\/a><\/p>\n","protected":false},"author":1,"featured_media":0,"parent":0,"menu_order":0,"comment_status":"closed","ping_status":"closed","template":"","meta":{"inspiro_hide_title":false,"footnotes":""},"class_list":["post-900","page","type-page","status-publish","hentry"],"yoast_head":"<!-- This site is optimized with the Yoast SEO plugin v27.5 - https:\/\/yoast.com\/product\/yoast-seo-wordpress\/ -->\n<title>COMMENT RECUPERER, ENVOYER, TELECHARGER VOS BONS CADEAUX \u200b - Prison Island Metz<\/title>\n<meta name=\"robots\" content=\"index, follow, max-snippet:-1, max-image-preview:large, max-video-preview:-1\" \/>\n<link rel=\"canonical\" href=\"https:\/\/prisonisland-metz.com\/index.php\/comment-recuperer-envoyer-vos-bons-cadeaux\/\" \/>\n<meta property=\"og:locale\" content=\"fr_FR\" \/>\n<meta property=\"og:type\" content=\"article\" \/>\n<meta property=\"og:title\" content=\"COMMENT RECUPERER, ENVOYER, TELECHARGER VOS BONS CADEAUX \u200b - Prison Island Metz\" \/>\n<meta property=\"og:description\" content=\"COMMENT R\u00c9CUP\u00c9RER, ENVOYER, T\u00e9l\u00e9charger VOS BONS CADEAUX&#8230; Etape 1 : Cliquez sur \u00ab\u00a0Espace Membre\u00a0\u00bb puis \u00ab\u00a0Vos Bons Cadeaux\u00a0\u00bb Etape 2 : S\u00e9lectionnez \u00ab\u00a0Bon cadeaux \u00e0 donner ou utiliser\u00a0\u00bb Tous vos billets non utilis\u00e9s se trouveront ici. https:\/\/prisonisland-metz.com\/wp-content\/uploads\/2023\/04\/AFFICHER-BILLETmp4.mp4 Envoyez vos billets Etape 1 : Cliquez sur l&rsquo;onglet bleu content le code de du billet. Une fen\u00eatre &hellip; Lire la suite de\u00ab\u00a0COMMENT RECUPERER, ENVOYER, TELECHARGER VOS BONS CADEAUX \u200b\u00a0\u00bb\" \/>\n<meta property=\"og:url\" content=\"https:\/\/prisonisland-metz.com\/index.php\/comment-recuperer-envoyer-vos-bons-cadeaux\/\" \/>\n<meta property=\"og:site_name\" content=\"Prison Island Metz\" \/>\n<meta property=\"article:modified_time\" content=\"2023-04-20T13:26:56+00:00\" \/>\n<meta name=\"twitter:card\" content=\"summary_large_image\" \/>\n<meta name=\"twitter:label1\" content=\"Dur\u00e9e de lecture estim\u00e9e\" \/>\n\t<meta name=\"twitter:data1\" content=\"1 minute\" \/>\n<script type=\"application\/ld+json\" class=\"yoast-schema-graph\">{\"@context\":\"https:\\\/\\\/schema.org\",\"@graph\":[{\"@type\":\"WebPage\",\"@id\":\"https:\\\/\\\/prisonisland-metz.com\\\/index.php\\\/comment-recuperer-envoyer-vos-bons-cadeaux\\\/\",\"url\":\"https:\\\/\\\/prisonisland-metz.com\\\/index.php\\\/comment-recuperer-envoyer-vos-bons-cadeaux\\\/\",\"name\":\"COMMENT RECUPERER, ENVOYER, TELECHARGER VOS BONS CADEAUX \u200b - Prison Island Metz\",\"isPartOf\":{\"@id\":\"https:\\\/\\\/prisonisland-metz.com\\\/#website\"},\"datePublished\":\"2023-04-20T09:57:44+00:00\",\"dateModified\":\"2023-04-20T13:26:56+00:00\",\"breadcrumb\":{\"@id\":\"https:\\\/\\\/prisonisland-metz.com\\\/index.php\\\/comment-recuperer-envoyer-vos-bons-cadeaux\\\/#breadcrumb\"},\"inLanguage\":\"fr-FR\",\"potentialAction\":[{\"@type\":\"ReadAction\",\"target\":[\"https:\\\/\\\/prisonisland-metz.com\\\/index.php\\\/comment-recuperer-envoyer-vos-bons-cadeaux\\\/\"]}]},{\"@type\":\"BreadcrumbList\",\"@id\":\"https:\\\/\\\/prisonisland-metz.com\\\/index.php\\\/comment-recuperer-envoyer-vos-bons-cadeaux\\\/#breadcrumb\",\"itemListElement\":[{\"@type\":\"ListItem\",\"position\":1,\"name\":\"Accueil\",\"item\":\"https:\\\/\\\/prisonisland-metz.com\\\/\"},{\"@type\":\"ListItem\",\"position\":2,\"name\":\"COMMENT RECUPERER, ENVOYER, TELECHARGER VOS BONS CADEAUX \u200b\"}]},{\"@type\":\"WebSite\",\"@id\":\"https:\\\/\\\/prisonisland-metz.com\\\/#website\",\"url\":\"https:\\\/\\\/prisonisland-metz.com\\\/\",\"name\":\"Prison Island Metz\",\"description\":\"&quot;Beat the bars !&quot;\",\"publisher\":{\"@id\":\"https:\\\/\\\/prisonisland-metz.com\\\/#organization\"},\"potentialAction\":[{\"@type\":\"SearchAction\",\"target\":{\"@type\":\"EntryPoint\",\"urlTemplate\":\"https:\\\/\\\/prisonisland-metz.com\\\/?s={search_term_string}\"},\"query-input\":{\"@type\":\"PropertyValueSpecification\",\"valueRequired\":true,\"valueName\":\"search_term_string\"}}],\"inLanguage\":\"fr-FR\"},{\"@type\":\"Organization\",\"@id\":\"https:\\\/\\\/prisonisland-metz.com\\\/#organization\",\"name\":\"Prison Island Metz\",\"url\":\"https:\\\/\\\/prisonisland-metz.com\\\/\",\"logo\":{\"@type\":\"ImageObject\",\"inLanguage\":\"fr-FR\",\"@id\":\"https:\\\/\\\/prisonisland-metz.com\\\/#\\\/schema\\\/logo\\\/image\\\/\",\"url\":\"https:\\\/\\\/prisonisland-metz.com\\\/wp-content\\\/uploads\\\/2023\\\/02\\\/cropped-cropped-logo-site.png\",\"contentUrl\":\"https:\\\/\\\/prisonisland-metz.com\\\/wp-content\\\/uploads\\\/2023\\\/02\\\/cropped-cropped-logo-site.png\",\"width\":166,\"height\":92,\"caption\":\"Prison Island Metz\"},\"image\":{\"@id\":\"https:\\\/\\\/prisonisland-metz.com\\\/#\\\/schema\\\/logo\\\/image\\\/\"}}]}<\/script>\n<!-- \/ Yoast SEO plugin. -->","yoast_head_json":{"title":"COMMENT RECUPERER, ENVOYER, TELECHARGER VOS BONS CADEAUX \u200b - Prison Island Metz","robots":{"index":"index","follow":"follow","max-snippet":"max-snippet:-1","max-image-preview":"max-image-preview:large","max-video-preview":"max-video-preview:-1"},"canonical":"https:\/\/prisonisland-metz.com\/index.php\/comment-recuperer-envoyer-vos-bons-cadeaux\/","og_locale":"fr_FR","og_type":"article","og_title":"COMMENT RECUPERER, ENVOYER, TELECHARGER VOS BONS CADEAUX \u200b - Prison Island Metz","og_description":"COMMENT R\u00c9CUP\u00c9RER, ENVOYER, T\u00e9l\u00e9charger VOS BONS CADEAUX&#8230; Etape 1 : Cliquez sur \u00ab\u00a0Espace Membre\u00a0\u00bb puis \u00ab\u00a0Vos Bons Cadeaux\u00a0\u00bb Etape 2 : S\u00e9lectionnez \u00ab\u00a0Bon cadeaux \u00e0 donner ou utiliser\u00a0\u00bb Tous vos billets non utilis\u00e9s se trouveront ici. https:\/\/prisonisland-metz.com\/wp-content\/uploads\/2023\/04\/AFFICHER-BILLETmp4.mp4 Envoyez vos billets Etape 1 : Cliquez sur l&rsquo;onglet bleu content le code de du billet. Une fen\u00eatre &hellip; Lire la suite de\u00ab\u00a0COMMENT RECUPERER, ENVOYER, TELECHARGER VOS BONS CADEAUX \u200b\u00a0\u00bb","og_url":"https:\/\/prisonisland-metz.com\/index.php\/comment-recuperer-envoyer-vos-bons-cadeaux\/","og_site_name":"Prison Island Metz","article_modified_time":"2023-04-20T13:26:56+00:00","twitter_card":"summary_large_image","twitter_misc":{"Dur\u00e9e de lecture estim\u00e9e":"1 minute"},"schema":{"@context":"https:\/\/schema.org","@graph":[{"@type":"WebPage","@id":"https:\/\/prisonisland-metz.com\/index.php\/comment-recuperer-envoyer-vos-bons-cadeaux\/","url":"https:\/\/prisonisland-metz.com\/index.php\/comment-recuperer-envoyer-vos-bons-cadeaux\/","name":"COMMENT RECUPERER, ENVOYER, TELECHARGER VOS BONS CADEAUX \u200b - Prison Island Metz","isPartOf":{"@id":"https:\/\/prisonisland-metz.com\/#website"},"datePublished":"2023-04-20T09:57:44+00:00","dateModified":"2023-04-20T13:26:56+00:00","breadcrumb":{"@id":"https:\/\/prisonisland-metz.com\/index.php\/comment-recuperer-envoyer-vos-bons-cadeaux\/#breadcrumb"},"inLanguage":"fr-FR","potentialAction":[{"@type":"ReadAction","target":["https:\/\/prisonisland-metz.com\/index.php\/comment-recuperer-envoyer-vos-bons-cadeaux\/"]}]},{"@type":"BreadcrumbList","@id":"https:\/\/prisonisland-metz.com\/index.php\/comment-recuperer-envoyer-vos-bons-cadeaux\/#breadcrumb","itemListElement":[{"@type":"ListItem","position":1,"name":"Accueil","item":"https:\/\/prisonisland-metz.com\/"},{"@type":"ListItem","position":2,"name":"COMMENT RECUPERER, ENVOYER, TELECHARGER VOS BONS CADEAUX \u200b"}]},{"@type":"WebSite","@id":"https:\/\/prisonisland-metz.com\/#website","url":"https:\/\/prisonisland-metz.com\/","name":"Prison Island Metz","description":"&quot;Beat the bars !&quot;","publisher":{"@id":"https:\/\/prisonisland-metz.com\/#organization"},"potentialAction":[{"@type":"SearchAction","target":{"@type":"EntryPoint","urlTemplate":"https:\/\/prisonisland-metz.com\/?s={search_term_string}"},"query-input":{"@type":"PropertyValueSpecification","valueRequired":true,"valueName":"search_term_string"}}],"inLanguage":"fr-FR"},{"@type":"Organization","@id":"https:\/\/prisonisland-metz.com\/#organization","name":"Prison Island Metz","url":"https:\/\/prisonisland-metz.com\/","logo":{"@type":"ImageObject","inLanguage":"fr-FR","@id":"https:\/\/prisonisland-metz.com\/#\/schema\/logo\/image\/","url":"https:\/\/prisonisland-metz.com\/wp-content\/uploads\/2023\/02\/cropped-cropped-logo-site.png","contentUrl":"https:\/\/prisonisland-metz.com\/wp-content\/uploads\/2023\/02\/cropped-cropped-logo-site.png","width":166,"height":92,"caption":"Prison Island Metz"},"image":{"@id":"https:\/\/prisonisland-metz.com\/#\/schema\/logo\/image\/"}}]}},"featured_media_urls":[],"_links":{"self":[{"href":"https:\/\/prisonisland-metz.com\/index.php\/wp-json\/wp\/v2\/pages\/900","targetHints":{"allow":["GET"]}}],"collection":[{"href":"https:\/\/prisonisland-metz.com\/index.php\/wp-json\/wp\/v2\/pages"}],"about":[{"href":"https:\/\/prisonisland-metz.com\/index.php\/wp-json\/wp\/v2\/types\/page"}],"author":[{"embeddable":true,"href":"https:\/\/prisonisland-metz.com\/index.php\/wp-json\/wp\/v2\/users\/1"}],"replies":[{"embeddable":true,"href":"https:\/\/prisonisland-metz.com\/index.php\/wp-json\/wp\/v2\/comments?post=900"}],"version-history":[{"count":0,"href":"https:\/\/prisonisland-metz.com\/index.php\/wp-json\/wp\/v2\/pages\/900\/revisions"}],"wp:attachment":[{"href":"https:\/\/prisonisland-metz.com\/index.php\/wp-json\/wp\/v2\/media?parent=900"}],"curies":[{"name":"wp","href":"https:\/\/api.w.org\/{rel}","templated":true}]}}