{"id":927,"date":"2023-04-20T14:26:15","date_gmt":"2023-04-20T12:26:15","guid":{"rendered":"http:\/\/prisonisland-metz.com\/?page_id=927"},"modified":"2023-04-20T17:37:13","modified_gmt":"2023-04-20T15:37:13","slug":"modification-du-compte","status":"publish","type":"page","link":"https:\/\/prisonisland-metz.com\/index.php\/modification-du-compte\/","title":{"rendered":"Modification du compte"},"content":{"rendered":"\t\t<div data-elementor-type=\"wp-page\" data-elementor-id=\"927\" class=\"elementor elementor-927\">\n\t\t\t\t\t\t<section class=\"elementor-section elementor-top-section elementor-element elementor-element-b79213e elementor-section-boxed elementor-section-height-default elementor-section-height-default\" data-id=\"b79213e\" data-element_type=\"section\" data-e-type=\"section\">\n\t\t\t\t\t\t<div class=\"elementor-container elementor-column-gap-default\">\n\t\t\t\t\t<div class=\"elementor-column elementor-col-100 elementor-top-column elementor-element elementor-element-59eec5a\" data-id=\"59eec5a\" data-element_type=\"column\" data-e-type=\"column\">\n\t\t\t<div class=\"elementor-widget-wrap elementor-element-populated\">\n\t\t\t\t\t\t<div class=\"elementor-element elementor-element-82c3e14 elementor-widget elementor-widget-heading\" data-id=\"82c3e14\" data-element_type=\"widget\" data-e-type=\"widget\" data-widget_type=\"heading.default\">\n\t\t\t\t<div class=\"elementor-widget-container\">\n\t\t\t\t\t<h1 class=\"elementor-heading-title elementor-size-default\">Modification du compte <\/h1>\t\t\t\t<\/div>\n\t\t\t\t<\/div>\n\t\t\t\t<div class=\"elementor-element elementor-element-e65c0a1 elementor-widget elementor-widget-heading\" data-id=\"e65c0a1\" data-element_type=\"widget\" data-e-type=\"widget\" data-widget_type=\"heading.default\">\n\t\t\t\t<div class=\"elementor-widget-container\">\n\t\t\t\t\t<h2 class=\"elementor-heading-title elementor-size-default\">Changer le mot de passe <\/h2>\t\t\t\t<\/div>\n\t\t\t\t<\/div>\n\t\t\t\t<div class=\"elementor-element elementor-element-b13db5d elementor-widget elementor-widget-text-editor\" data-id=\"b13db5d\" data-element_type=\"widget\" data-e-type=\"widget\" data-widget_type=\"text-editor.default\">\n\t\t\t\t<div class=\"elementor-widget-container\">\n\t\t\t\t\t\t\t\t\t<p><span data-end=\"3\" data-originaltext=\"Nous\" data-start=\"0\" data-text=\"\">Nous<\/span> <span data-end=\"8\" data-originaltext=\"vous\" data-start=\"5\" data-text=\"\">vous<\/span> <span data-end=\"14\" data-originaltext=\"avons\" data-start=\"10\" data-text=\"\">avons<\/span> <span data-end=\"22\" data-originaltext=\"fournis\" data-start=\"16\" data-text=\"fourni\"><span data-group=\"AutoCorrected\" data-suggestions=\"1\" data-type=\"Grammar\">fourni<\/span><\/span> <span data-end=\"25\" data-originaltext=\"un\" data-start=\"24\" data-text=\"\">un<\/span> <span data-end=\"29\" data-originaltext=\"mot\" data-start=\"27\" data-text=\"\">mot<\/span> <span data-end=\"32\" data-originaltext=\"de\" data-start=\"31\" data-text=\"\">de<\/span> <span data-end=\"38\" data-originaltext=\"passe\" data-start=\"34\" data-text=\"\">passe<\/span> <strong>provisoire<\/strong><span data-end=\"50\" data-originaltext=\".\" data-start=\"50\" data-text=\"\">.<\/span> <span data-end=\"58\" data-originaltext=\"Changez\" data-start=\"52\" data-text=\"\">Changez<\/span> <span data-end=\"61\" data-originaltext=\"le\" data-start=\"60\" data-text=\"\">le<\/span> <span data-end=\"65\" data-originaltext=\"par\" data-start=\"63\" data-text=\"\">par<\/span> <span data-end=\"71\" data-originaltext=\"celui\" data-start=\"67\" data-text=\"\">celui<\/span> <span data-end=\"74\" data-originaltext=\"qu\" data-start=\"73\" data-text=\"\">qu<\/span><span data-end=\"75\" data-originaltext=\"'\" data-start=\"75\" data-text=\"\">&lsquo;<\/span><span data-end=\"77\" data-originaltext=\"il\" data-start=\"76\" data-text=\"\">il<\/span> <span data-end=\"82\" data-originaltext=\"vous\" data-start=\"79\" data-text=\"\">vous<\/span> <span data-end=\"91\" data-originaltext=\"convient\" data-start=\"84\" data-text=\"\">convient<\/span><span data-end=\"92\" data-originaltext=\",\" data-start=\"92\" data-text=\"\">,<\/span> <span data-end=\"97\" data-originaltext=\"nous\" data-start=\"94\" data-text=\"\">nous<\/span> <span data-end=\"102\" data-originaltext=\"vous\" data-start=\"99\" data-text=\"\">vous<\/span> <span data-end=\"114\" data-originaltext=\"conseillons\" data-start=\"104\" data-text=\"\">conseillons<\/span> <span data-end=\"117\" data-originaltext=\"de\" data-start=\"116\" data-text=\"\">de<\/span> <span data-end=\"120\" data-originaltext=\"le\" data-start=\"119\" data-text=\"\">le<\/span> <span data-end=\"126\" data-originaltext=\"noter\" data-start=\"122\" data-text=\"\">noter<\/span> <span data-end=\"134\" data-originaltext=\"quelque\" data-start=\"128\" data-text=\"\">quelque<\/span> <span data-end=\"139\" data-originaltext=\"part\" data-start=\"136\" data-text=\"\">part<\/span> <span data-end=\"144\" data-originaltext=\"pour\" data-start=\"141\" data-text=\"\">pour<\/span> <span data-end=\"147\" data-originaltext=\"ne\" data-start=\"146\" data-text=\"\">ne<\/span> <span data-end=\"151\" data-originaltext=\"pas\" data-start=\"149\" data-text=\"\">pas<\/span> <span data-end=\"153\" data-originaltext=\"l\" data-start=\"153\" data-text=\"\">l<\/span><span data-end=\"154\" data-originaltext=\"'\" data-start=\"154\" data-text=\"\">&lsquo;<\/span><span data-end=\"161\" data-originaltext=\"oublier\" data-start=\"155\" data-text=\"\">oublier<\/span><span data-end=\"162\" data-originaltext=\".\" data-start=\"162\" data-text=\"\">.<\/span><\/p><p>Etape 1 : Cliquez sur <strong>\u00ab\u00a0Votre profil\u00a0\u00bb<\/strong> sur la gauche de l&rsquo;\u00e9cran.\u00a0<\/p><p>Etape 2 : S\u00e9lectionnez votre nouveau mot de passe puis recommenc\u00e9 dans <strong>\u00ab\u00a0Confirmer mot de passe\u00a0\u00bb<\/strong><\/p>\t\t\t\t\t\t\t\t<\/div>\n\t\t\t\t<\/div>\n\t\t\t\t<div class=\"elementor-element elementor-element-380e226 elementor-widget elementor-widget-video\" data-id=\"380e226\" data-element_type=\"widget\" data-e-type=\"widget\" data-settings=\"{&quot;video_type&quot;:&quot;hosted&quot;,&quot;mute&quot;:&quot;yes&quot;,&quot;controls&quot;:&quot;yes&quot;}\" data-widget_type=\"video.default\">\n\t\t\t\t<div class=\"elementor-widget-container\">\n\t\t\t\t\t\t\t<div class=\"e-hosted-video elementor-wrapper elementor-open-inline\">\n\t\t\t\t\t<video class=\"elementor-video\" src=\"https:\/\/prisonisland-metz.com\/wp-content\/uploads\/2023\/04\/Mot-de-passe.mp4\" controls=\"\" preload=\"metadata\" muted=\"muted\" controlsList=\"nodownload\"><\/video>\n\t\t\t\t<\/div>\n\t\t\t\t\t\t<\/div>\n\t\t\t\t<\/div>\n\t\t\t\t<div class=\"elementor-element elementor-element-0547446 elementor-widget elementor-widget-heading\" data-id=\"0547446\" data-element_type=\"widget\" data-e-type=\"widget\" data-widget_type=\"heading.default\">\n\t\t\t\t<div class=\"elementor-widget-container\">\n\t\t\t\t\t<h2 class=\"elementor-heading-title elementor-size-default\">Remplissez vos coordonn\u00e9es <\/h2>\t\t\t\t<\/div>\n\t\t\t\t<\/div>\n\t\t\t\t<div class=\"elementor-element elementor-element-4203e0d elementor-widget elementor-widget-text-editor\" data-id=\"4203e0d\" data-element_type=\"widget\" data-e-type=\"widget\" data-widget_type=\"text-editor.default\">\n\t\t\t\t<div class=\"elementor-widget-container\">\n\t\t\t\t\t\t\t\t\t<p>Dans la m\u00eame section il vous faudra remplir toutes les informations propres \u00e0 votre entreprise et \u00e0 votre CSE.<\/p>\t\t\t\t\t\t\t\t<\/div>\n\t\t\t\t<\/div>\n\t\t\t\t<div class=\"elementor-element elementor-element-9cae3dc elementor-widget elementor-widget-image\" data-id=\"9cae3dc\" data-element_type=\"widget\" data-e-type=\"widget\" data-widget_type=\"image.default\">\n\t\t\t\t<div class=\"elementor-widget-container\">\n\t\t\t\t\t\t\t\t\t\t\t\t\t\t\t<img fetchpriority=\"high\" decoding=\"async\" width=\"950\" height=\"563\" src=\"https:\/\/prisonisland-metz.com\/wp-content\/uploads\/2023\/04\/Capture-decran-2023-04-20-a-14.19.52-1024x607.png\" class=\"attachment-large size-large wp-image-930\" alt=\"\" srcset=\"https:\/\/prisonisland-metz.com\/wp-content\/uploads\/2023\/04\/Capture-decran-2023-04-20-a-14.19.52-1024x607.png 1024w, https:\/\/prisonisland-metz.com\/wp-content\/uploads\/2023\/04\/Capture-decran-2023-04-20-a-14.19.52-300x178.png 300w, https:\/\/prisonisland-metz.com\/wp-content\/uploads\/2023\/04\/Capture-decran-2023-04-20-a-14.19.52-768x456.png 768w, https:\/\/prisonisland-metz.com\/wp-content\/uploads\/2023\/04\/Capture-decran-2023-04-20-a-14.19.52-1536x911.png 1536w, https:\/\/prisonisland-metz.com\/wp-content\/uploads\/2023\/04\/Capture-decran-2023-04-20-a-14.19.52-2048x1215.png 2048w, https:\/\/prisonisland-metz.com\/wp-content\/uploads\/2023\/04\/Capture-decran-2023-04-20-a-14.19.52-2000x1186.png 2000w, https:\/\/prisonisland-metz.com\/wp-content\/uploads\/2023\/04\/Capture-decran-2023-04-20-a-14.19.52-600x356.png 600w\" sizes=\"100vw\" \/>\t\t\t\t\t\t\t\t\t\t\t\t\t\t\t<\/div>\n\t\t\t\t<\/div>\n\t\t\t\t<div class=\"elementor-element elementor-element-693f10b elementor-widget elementor-widget-image\" data-id=\"693f10b\" data-element_type=\"widget\" data-e-type=\"widget\" data-widget_type=\"image.default\">\n\t\t\t\t<div class=\"elementor-widget-container\">\n\t\t\t\t\t\t\t\t\t\t\t\t\t\t\t<img decoding=\"async\" width=\"950\" height=\"556\" src=\"https:\/\/prisonisland-metz.com\/wp-content\/uploads\/2023\/04\/Capture-decran-2023-04-20-a-14.20.09-1024x599.png\" class=\"attachment-large size-large wp-image-931\" alt=\"\" srcset=\"https:\/\/prisonisland-metz.com\/wp-content\/uploads\/2023\/04\/Capture-decran-2023-04-20-a-14.20.09-1024x599.png 1024w, https:\/\/prisonisland-metz.com\/wp-content\/uploads\/2023\/04\/Capture-decran-2023-04-20-a-14.20.09-300x176.png 300w, https:\/\/prisonisland-metz.com\/wp-content\/uploads\/2023\/04\/Capture-decran-2023-04-20-a-14.20.09-768x449.png 768w, https:\/\/prisonisland-metz.com\/wp-content\/uploads\/2023\/04\/Capture-decran-2023-04-20-a-14.20.09-1536x899.png 1536w, https:\/\/prisonisland-metz.com\/wp-content\/uploads\/2023\/04\/Capture-decran-2023-04-20-a-14.20.09-2048x1198.png 2048w, https:\/\/prisonisland-metz.com\/wp-content\/uploads\/2023\/04\/Capture-decran-2023-04-20-a-14.20.09-2000x1170.png 2000w, https:\/\/prisonisland-metz.com\/wp-content\/uploads\/2023\/04\/Capture-decran-2023-04-20-a-14.20.09-600x351.png 600w\" sizes=\"100vw\" \/>\t\t\t\t\t\t\t\t\t\t\t\t\t\t\t<\/div>\n\t\t\t\t<\/div>\n\t\t\t\t<div class=\"elementor-element elementor-element-cc043d6 elementor-widget elementor-widget-text-editor\" data-id=\"cc043d6\" data-element_type=\"widget\" data-e-type=\"widget\" data-widget_type=\"text-editor.default\">\n\t\t\t\t<div class=\"elementor-widget-container\">\n\t\t\t\t\t\t\t\t\t<p>Cliquez sur <strong>\u00ab\u00a0Mettre \u00e0 jour mes donn\u00e9es\u00a0\u00bb<\/strong> pour conclure.<\/p>\t\t\t\t\t\t\t\t<\/div>\n\t\t\t\t<\/div>\n\t\t\t\t<div class=\"elementor-element elementor-element-5a883f8 elementor-widget elementor-widget-heading\" data-id=\"5a883f8\" data-element_type=\"widget\" data-e-type=\"widget\" data-widget_type=\"heading.default\">\n\t\t\t\t<div class=\"elementor-widget-container\">\n\t\t\t\t\t<h2 class=\"elementor-heading-title elementor-size-default\"><a href=\"https:\/\/prisonisland-metz.com\/index.php\/achats-sur-votre-compte\/\">\u00e9tapes suivante<\/a><\/h2>\t\t\t\t<\/div>\n\t\t\t\t<\/div>\n\t\t\t\t\t<\/div>\n\t\t<\/div>\n\t\t\t\t\t<\/div>\n\t\t<\/section>\n\t\t\t\t<\/div>\n\t\t","protected":false},"excerpt":{"rendered":"<p>Modification du compte Changer le mot de passe Nous vous avons fourni un mot de passe provisoire. Changez le par celui qu&rsquo;il vous convient, nous vous conseillons de le noter quelque part pour ne pas l&rsquo;oublier. Etape 1 : Cliquez sur \u00ab\u00a0Votre profil\u00a0\u00bb sur la gauche de l&rsquo;\u00e9cran.\u00a0 Etape 2 : S\u00e9lectionnez votre nouveau mot &hellip; <\/p>\n<p class=\"link-more\"><a href=\"https:\/\/prisonisland-metz.com\/index.php\/modification-du-compte\/\" class=\"more-link\">Lire la suite de<span class=\"screen-reader-text\">\u00ab\u00a0Modification du compte\u00a0\u00bb<\/span><\/a><\/p>\n","protected":false},"author":1,"featured_media":0,"parent":0,"menu_order":0,"comment_status":"closed","ping_status":"closed","template":"","meta":{"inspiro_hide_title":false,"footnotes":""},"class_list":["post-927","page","type-page","status-publish","hentry"],"yoast_head":"<!-- This site is optimized with the Yoast SEO plugin v27.5 - https:\/\/yoast.com\/product\/yoast-seo-wordpress\/ -->\n<title>Modification du compte - Prison Island Metz<\/title>\n<meta name=\"robots\" content=\"index, follow, max-snippet:-1, max-image-preview:large, max-video-preview:-1\" \/>\n<link rel=\"canonical\" href=\"https:\/\/prisonisland-metz.com\/index.php\/modification-du-compte\/\" \/>\n<meta property=\"og:locale\" content=\"fr_FR\" \/>\n<meta property=\"og:type\" content=\"article\" \/>\n<meta property=\"og:title\" content=\"Modification du compte - Prison Island Metz\" \/>\n<meta property=\"og:description\" content=\"Modification du compte Changer le mot de passe Nous vous avons fourni un mot de passe provisoire. Changez le par celui qu&rsquo;il vous convient, nous vous conseillons de le noter quelque part pour ne pas l&rsquo;oublier. Etape 1 : Cliquez sur \u00ab\u00a0Votre profil\u00a0\u00bb sur la gauche de l&rsquo;\u00e9cran.\u00a0 Etape 2 : S\u00e9lectionnez votre nouveau mot &hellip; Lire la suite de\u00ab\u00a0Modification du compte\u00a0\u00bb\" \/>\n<meta property=\"og:url\" content=\"https:\/\/prisonisland-metz.com\/index.php\/modification-du-compte\/\" \/>\n<meta property=\"og:site_name\" content=\"Prison Island Metz\" \/>\n<meta property=\"article:modified_time\" content=\"2023-04-20T15:37:13+00:00\" \/>\n<meta property=\"og:image\" content=\"http:\/\/prisonisland-metz.com\/wp-content\/uploads\/2023\/04\/Capture-decran-2023-04-20-a-14.19.52-1024x607.png\" \/>\n<meta name=\"twitter:card\" content=\"summary_large_image\" \/>\n<meta name=\"twitter:label1\" content=\"Dur\u00e9e de lecture estim\u00e9e\" \/>\n\t<meta name=\"twitter:data1\" content=\"1 minute\" \/>\n<script type=\"application\/ld+json\" class=\"yoast-schema-graph\">{\"@context\":\"https:\\\/\\\/schema.org\",\"@graph\":[{\"@type\":\"WebPage\",\"@id\":\"https:\\\/\\\/prisonisland-metz.com\\\/index.php\\\/modification-du-compte\\\/\",\"url\":\"https:\\\/\\\/prisonisland-metz.com\\\/index.php\\\/modification-du-compte\\\/\",\"name\":\"Modification du compte - Prison Island Metz\",\"isPartOf\":{\"@id\":\"https:\\\/\\\/prisonisland-metz.com\\\/#website\"},\"primaryImageOfPage\":{\"@id\":\"https:\\\/\\\/prisonisland-metz.com\\\/index.php\\\/modification-du-compte\\\/#primaryimage\"},\"image\":{\"@id\":\"https:\\\/\\\/prisonisland-metz.com\\\/index.php\\\/modification-du-compte\\\/#primaryimage\"},\"thumbnailUrl\":\"http:\\\/\\\/prisonisland-metz.com\\\/wp-content\\\/uploads\\\/2023\\\/04\\\/Capture-decran-2023-04-20-a-14.19.52-1024x607.png\",\"datePublished\":\"2023-04-20T12:26:15+00:00\",\"dateModified\":\"2023-04-20T15:37:13+00:00\",\"breadcrumb\":{\"@id\":\"https:\\\/\\\/prisonisland-metz.com\\\/index.php\\\/modification-du-compte\\\/#breadcrumb\"},\"inLanguage\":\"fr-FR\",\"potentialAction\":[{\"@type\":\"ReadAction\",\"target\":[\"https:\\\/\\\/prisonisland-metz.com\\\/index.php\\\/modification-du-compte\\\/\"]}]},{\"@type\":\"ImageObject\",\"inLanguage\":\"fr-FR\",\"@id\":\"https:\\\/\\\/prisonisland-metz.com\\\/index.php\\\/modification-du-compte\\\/#primaryimage\",\"url\":\"http:\\\/\\\/prisonisland-metz.com\\\/wp-content\\\/uploads\\\/2023\\\/04\\\/Capture-decran-2023-04-20-a-14.19.52-1024x607.png\",\"contentUrl\":\"http:\\\/\\\/prisonisland-metz.com\\\/wp-content\\\/uploads\\\/2023\\\/04\\\/Capture-decran-2023-04-20-a-14.19.52-1024x607.png\"},{\"@type\":\"BreadcrumbList\",\"@id\":\"https:\\\/\\\/prisonisland-metz.com\\\/index.php\\\/modification-du-compte\\\/#breadcrumb\",\"itemListElement\":[{\"@type\":\"ListItem\",\"position\":1,\"name\":\"Accueil\",\"item\":\"https:\\\/\\\/prisonisland-metz.com\\\/\"},{\"@type\":\"ListItem\",\"position\":2,\"name\":\"Modification du compte\"}]},{\"@type\":\"WebSite\",\"@id\":\"https:\\\/\\\/prisonisland-metz.com\\\/#website\",\"url\":\"https:\\\/\\\/prisonisland-metz.com\\\/\",\"name\":\"Prison Island Metz\",\"description\":\"&quot;Beat the bars !&quot;\",\"publisher\":{\"@id\":\"https:\\\/\\\/prisonisland-metz.com\\\/#organization\"},\"potentialAction\":[{\"@type\":\"SearchAction\",\"target\":{\"@type\":\"EntryPoint\",\"urlTemplate\":\"https:\\\/\\\/prisonisland-metz.com\\\/?s={search_term_string}\"},\"query-input\":{\"@type\":\"PropertyValueSpecification\",\"valueRequired\":true,\"valueName\":\"search_term_string\"}}],\"inLanguage\":\"fr-FR\"},{\"@type\":\"Organization\",\"@id\":\"https:\\\/\\\/prisonisland-metz.com\\\/#organization\",\"name\":\"Prison Island Metz\",\"url\":\"https:\\\/\\\/prisonisland-metz.com\\\/\",\"logo\":{\"@type\":\"ImageObject\",\"inLanguage\":\"fr-FR\",\"@id\":\"https:\\\/\\\/prisonisland-metz.com\\\/#\\\/schema\\\/logo\\\/image\\\/\",\"url\":\"https:\\\/\\\/prisonisland-metz.com\\\/wp-content\\\/uploads\\\/2023\\\/02\\\/cropped-cropped-logo-site.png\",\"contentUrl\":\"https:\\\/\\\/prisonisland-metz.com\\\/wp-content\\\/uploads\\\/2023\\\/02\\\/cropped-cropped-logo-site.png\",\"width\":166,\"height\":92,\"caption\":\"Prison Island Metz\"},\"image\":{\"@id\":\"https:\\\/\\\/prisonisland-metz.com\\\/#\\\/schema\\\/logo\\\/image\\\/\"}}]}<\/script>\n<!-- \/ Yoast SEO plugin. -->","yoast_head_json":{"title":"Modification du compte - Prison Island Metz","robots":{"index":"index","follow":"follow","max-snippet":"max-snippet:-1","max-image-preview":"max-image-preview:large","max-video-preview":"max-video-preview:-1"},"canonical":"https:\/\/prisonisland-metz.com\/index.php\/modification-du-compte\/","og_locale":"fr_FR","og_type":"article","og_title":"Modification du compte - Prison Island Metz","og_description":"Modification du compte Changer le mot de passe Nous vous avons fourni un mot de passe provisoire. Changez le par celui qu&rsquo;il vous convient, nous vous conseillons de le noter quelque part pour ne pas l&rsquo;oublier. Etape 1 : Cliquez sur \u00ab\u00a0Votre profil\u00a0\u00bb sur la gauche de l&rsquo;\u00e9cran.\u00a0 Etape 2 : S\u00e9lectionnez votre nouveau mot &hellip; Lire la suite de\u00ab\u00a0Modification du compte\u00a0\u00bb","og_url":"https:\/\/prisonisland-metz.com\/index.php\/modification-du-compte\/","og_site_name":"Prison Island Metz","article_modified_time":"2023-04-20T15:37:13+00:00","og_image":[{"url":"http:\/\/prisonisland-metz.com\/wp-content\/uploads\/2023\/04\/Capture-decran-2023-04-20-a-14.19.52-1024x607.png","type":"","width":"","height":""}],"twitter_card":"summary_large_image","twitter_misc":{"Dur\u00e9e de lecture estim\u00e9e":"1 minute"},"schema":{"@context":"https:\/\/schema.org","@graph":[{"@type":"WebPage","@id":"https:\/\/prisonisland-metz.com\/index.php\/modification-du-compte\/","url":"https:\/\/prisonisland-metz.com\/index.php\/modification-du-compte\/","name":"Modification du compte - Prison Island Metz","isPartOf":{"@id":"https:\/\/prisonisland-metz.com\/#website"},"primaryImageOfPage":{"@id":"https:\/\/prisonisland-metz.com\/index.php\/modification-du-compte\/#primaryimage"},"image":{"@id":"https:\/\/prisonisland-metz.com\/index.php\/modification-du-compte\/#primaryimage"},"thumbnailUrl":"http:\/\/prisonisland-metz.com\/wp-content\/uploads\/2023\/04\/Capture-decran-2023-04-20-a-14.19.52-1024x607.png","datePublished":"2023-04-20T12:26:15+00:00","dateModified":"2023-04-20T15:37:13+00:00","breadcrumb":{"@id":"https:\/\/prisonisland-metz.com\/index.php\/modification-du-compte\/#breadcrumb"},"inLanguage":"fr-FR","potentialAction":[{"@type":"ReadAction","target":["https:\/\/prisonisland-metz.com\/index.php\/modification-du-compte\/"]}]},{"@type":"ImageObject","inLanguage":"fr-FR","@id":"https:\/\/prisonisland-metz.com\/index.php\/modification-du-compte\/#primaryimage","url":"http:\/\/prisonisland-metz.com\/wp-content\/uploads\/2023\/04\/Capture-decran-2023-04-20-a-14.19.52-1024x607.png","contentUrl":"http:\/\/prisonisland-metz.com\/wp-content\/uploads\/2023\/04\/Capture-decran-2023-04-20-a-14.19.52-1024x607.png"},{"@type":"BreadcrumbList","@id":"https:\/\/prisonisland-metz.com\/index.php\/modification-du-compte\/#breadcrumb","itemListElement":[{"@type":"ListItem","position":1,"name":"Accueil","item":"https:\/\/prisonisland-metz.com\/"},{"@type":"ListItem","position":2,"name":"Modification du compte"}]},{"@type":"WebSite","@id":"https:\/\/prisonisland-metz.com\/#website","url":"https:\/\/prisonisland-metz.com\/","name":"Prison Island Metz","description":"&quot;Beat the bars !&quot;","publisher":{"@id":"https:\/\/prisonisland-metz.com\/#organization"},"potentialAction":[{"@type":"SearchAction","target":{"@type":"EntryPoint","urlTemplate":"https:\/\/prisonisland-metz.com\/?s={search_term_string}"},"query-input":{"@type":"PropertyValueSpecification","valueRequired":true,"valueName":"search_term_string"}}],"inLanguage":"fr-FR"},{"@type":"Organization","@id":"https:\/\/prisonisland-metz.com\/#organization","name":"Prison Island Metz","url":"https:\/\/prisonisland-metz.com\/","logo":{"@type":"ImageObject","inLanguage":"fr-FR","@id":"https:\/\/prisonisland-metz.com\/#\/schema\/logo\/image\/","url":"https:\/\/prisonisland-metz.com\/wp-content\/uploads\/2023\/02\/cropped-cropped-logo-site.png","contentUrl":"https:\/\/prisonisland-metz.com\/wp-content\/uploads\/2023\/02\/cropped-cropped-logo-site.png","width":166,"height":92,"caption":"Prison Island Metz"},"image":{"@id":"https:\/\/prisonisland-metz.com\/#\/schema\/logo\/image\/"}}]}},"featured_media_urls":[],"_links":{"self":[{"href":"https:\/\/prisonisland-metz.com\/index.php\/wp-json\/wp\/v2\/pages\/927","targetHints":{"allow":["GET"]}}],"collection":[{"href":"https:\/\/prisonisland-metz.com\/index.php\/wp-json\/wp\/v2\/pages"}],"about":[{"href":"https:\/\/prisonisland-metz.com\/index.php\/wp-json\/wp\/v2\/types\/page"}],"author":[{"embeddable":true,"href":"https:\/\/prisonisland-metz.com\/index.php\/wp-json\/wp\/v2\/users\/1"}],"replies":[{"embeddable":true,"href":"https:\/\/prisonisland-metz.com\/index.php\/wp-json\/wp\/v2\/comments?post=927"}],"version-history":[{"count":0,"href":"https:\/\/prisonisland-metz.com\/index.php\/wp-json\/wp\/v2\/pages\/927\/revisions"}],"wp:attachment":[{"href":"https:\/\/prisonisland-metz.com\/index.php\/wp-json\/wp\/v2\/media?parent=927"}],"curies":[{"name":"wp","href":"https:\/\/api.w.org\/{rel}","templated":true}]}}